{"id":7064,"date":"2026-03-17T21:39:09","date_gmt":"2026-03-17T21:39:09","guid":{"rendered":"https:\/\/new.stomil-bydgoszcz.pl\/produkt\/waz-do-wody-25-mpa\/"},"modified":"2026-03-17T21:39:11","modified_gmt":"2026-03-17T21:39:11","slug":"water-vase-25-mpa","status":"publish","type":"product","link":"https:\/\/new.stomil-bydgoszcz.pl\/en\/produkt\/waz-do-wody-25-mpa\/","title":{"rendered":"Water Hoses 2.5 MPa"},"content":{"rendered":"<p><strong>CHARACTERISTICS<br \/>\n<\/strong>Working Pressure - 25 bar (2.5 MPa)<br \/>\nBursting Pressure - 100 bar (10 MPa)<br \/>\nSafety ratio of 4:1<\/p>\n<p><strong>APPLICATION<br \/>\n<\/strong>A reliable hose for water and light chemicals of general industrial and Agriculture use for irrigation and drainage systems. Also readily used for hot water cleaning of floors, walls and all kinds of equipment.<\/p>\n<p>Hoses are weatherproof and ozone resistant.<\/p>\n<p>Hoses with higher abrasion resistance can be made to order for mixtures of water with sand, silt or other substances with similar properties.<\/p>\n<p>On request, we make additional protection of Hoses with an external wire spiral, designed to protect against deformation and excessive abrasion of the outer layer. This option applies to Hoses with nominal diameters larger than DN 12.<\/p>\n<p><strong>Working Temperature<br \/>\n<\/strong>From -30\u00b0C to +80\u00b0C<br \/>\nShort-term up to +100\u00b0C<\/p>\n<p><strong>CONSTRUCTION<br \/>\n<\/strong>Complies with PN-EN ISO 1403 (TYPE 3).<\/p>\n<p><strong>Inner layer<br \/>\n<\/strong>Black colored rubber made of SBR synthetic rubber resistant to hot water.<\/p>\n<p><strong>Reinforcement<br \/>\n<\/strong>Interleavers made of textile cord or high-strength synthetic threads.<\/p>\n<p><strong>Outer layer<br \/>\n<\/strong>Black colored SBR synthetic rubber rubber, resistant to abrasion and weathering and ozone.<br \/>\nAll diameters with fabric imprint.<\/p>\n<p><strong>SIGNING<br \/>\n<\/strong>Hoses are marked with green tape.<\/p>","protected":false},"excerpt":{"rendered":"<p><strong>Working Pressure:<\/strong> 25 bar (2.5 MPa) |. <strong>Bursting Pressure:<\/strong> 100 bar (10 MPa) |. <strong>Safety factor:<\/strong> 4:1 | <strong>Working Temperature: <\/strong>From -30\u00b0C to +80\u00b0C; short-term up to +100\u00b0C<\/p>","protected":false},"featured_media":7062,"comment_status":"closed","ping_status":"closed","template":"","meta":[],"product_brand":[],"product_cat":[88,155,92,216,77,178,176,140],"product_tag":[],"class_list":{"0":"post-7064","1":"product","2":"type-product","3":"status-publish","4":"has-post-thumbnail","6":"product_cat-branze","7":"product_cat-budowa-maszyn-i-urzadzen","8":"product_cat-budownictwo","9":"product_cat-do-wody-25-mpa","10":"product_cat-grupy-produktow","11":"product_cat-rolnictwo","12":"product_cat-weze-do-wody","13":"product_cat-weze-przemyslowe","15":"first","16":"instock","17":"taxable","18":"shipping-taxable","19":"purchasable","20":"product-type-variable"},"stomil_properties":[{"variation_id":7066,"sku":"","variation_title":"W\u0105\u017c do wody 2,5 MPa DN12,5 (1\/2\")","properties":[{"property":"\u015arednica nominalna wewn\u0119trzna","unit":"mm","value":"12,5"},{"property":"\u015arednica nominalna wewn\u0119trzna","unit":"ukryte","value":"\u00b10,75"},{"property":"\u015arednica nominalna wewn\u0119trzna","unit":"cal","value":"1\/2"},{"property":"\u015arednica zewn\u0119trzna [mm]","unit":"mm","value":"21,0"},{"property":"Maksymalne ci\u015bnienie robocze","unit":"bar","value":"25"},{"property":"Maksymalne ci\u015bnienie robocze","unit":"MPa","value":"2,5"},{"property":"Maksymalne ci\u015bnienie robocze","unit":"psi","value":"362"},{"property":"Ci\u015bnienie rozrywaj\u0105ce","unit":"bar","value":"100"},{"property":"Wsp\u00f3\u0142czynnik bezpiecze\u0144stwa","unit":"-","value":"4:1"},{"property":"Standardowe d\u0142ugo\u015bci odcink\u00f3w","unit":"m","value":"20"},{"property":"Waga jednostkowa","unit":"kg\/m","value":"0,28"},{"property":"Rodzaj wzmocnienia","unit":"-","value":"kord"}]},{"variation_id":7068,"sku":"","variation_title":"W\u0105\u017c do wody 2,5 MPa DN16 (5\/8\")","properties":[{"property":"\u015arednica nominalna wewn\u0119trzna","unit":"mm","value":"16,0"},{"property":"\u015arednica nominalna wewn\u0119trzna","unit":"ukryte","value":"\u00b10,75"},{"property":"\u015arednica nominalna wewn\u0119trzna","unit":"cal","value":"5\/8"},{"property":"\u015arednica zewn\u0119trzna [mm]","unit":"mm","value":"24,0"},{"property":"Maksymalne ci\u015bnienie robocze","unit":"bar","value":"25"},{"property":"Maksymalne ci\u015bnienie robocze","unit":"MPa","value":"2,5"},{"property":"Maksymalne ci\u015bnienie robocze","unit":"psi","value":"362"},{"property":"Ci\u015bnienie rozrywaj\u0105ce","unit":"bar","value":"100"},{"property":"Wsp\u00f3\u0142czynnik bezpiecze\u0144stwa","unit":"-","value":"4:1"},{"property":"Standardowe d\u0142ugo\u015bci odcink\u00f3w","unit":"m","value":"20"},{"property":"Waga jednostkowa","unit":"kg\/m","value":"0,32"},{"property":"Rodzaj wzmocnienia","unit":"-","value":"kord"}]},{"variation_id":7070,"sku":"WPWO25ZW020OT622","variation_title":"W\u0105\u017c do wody 2,5 MPa DN25 (1\")","properties":[{"property":"\u015arednica nominalna wewn\u0119trzna","unit":"mm","value":"25,0"},{"property":"\u015arednica nominalna wewn\u0119trzna","unit":"ukryte","value":"\u00b10,75"},{"property":"\u015arednica nominalna wewn\u0119trzna","unit":"cal","value":"1"},{"property":"\u015arednica zewn\u0119trzna [mm]","unit":"mm","value":"34,0"},{"property":"Maksymalne ci\u015bnienie robocze","unit":"bar","value":"25"},{"property":"Maksymalne ci\u015bnienie robocze","unit":"MPa","value":"2,5"},{"property":"Maksymalne ci\u015bnienie robocze","unit":"psi","value":"362"},{"property":"Ci\u015bnienie rozrywaj\u0105ce","unit":"bar","value":"100"},{"property":"Wsp\u00f3\u0142czynnik bezpiecze\u0144stwa","unit":"-","value":"4:1"},{"property":"Standardowe d\u0142ugo\u015bci odcink\u00f3w","unit":"m","value":"20"},{"property":"Waga jednostkowa","unit":"kg\/m","value":"0,53"},{"property":"Rodzaj wzmocnienia","unit":"-","value":"kord"}]},{"variation_id":7072,"sku":"WPWO25ZW025OT622","variation_title":"W\u0105\u017c do wody 2,5 MPa DN31,5 (1.15\/64\")","properties":[{"property":"\u015arednica nominalna wewn\u0119trzna","unit":"mm","value":"31,5"},{"property":"\u015arednica nominalna wewn\u0119trzna","unit":"ukryte","value":"\u00b11,25"},{"property":"\u015arednica nominalna wewn\u0119trzna","unit":"cal","value":"1 15\/64"},{"property":"\u015arednica zewn\u0119trzna [mm]","unit":"mm","value":"46,0"},{"property":"Maksymalne ci\u015bnienie robocze","unit":"bar","value":"25"},{"property":"Maksymalne ci\u015bnienie robocze","unit":"MPa","value":"2,5"},{"property":"Maksymalne ci\u015bnienie robocze","unit":"psi","value":"362"},{"property":"Ci\u015bnienie rozrywaj\u0105ce","unit":"bar","value":"100"},{"property":"Wsp\u00f3\u0142czynnik bezpiecze\u0144stwa","unit":"-","value":"4:1"},{"property":"Standardowe d\u0142ugo\u015bci odcink\u00f3w","unit":"m","value":"20"},{"property":"Waga jednostkowa","unit":"kg\/m","value":"1,23"},{"property":"Rodzaj wzmocnienia","unit":"-","value":"kord"}]},{"variation_id":7074,"sku":"WPWO25ZW031WT622","variation_title":"W\u0105\u017c do wody 2,5 MPa DN40 (1.9\/16\")","properties":[{"property":"\u015arednica nominalna wewn\u0119trzna","unit":"mm","value":"40,0"},{"property":"\u015arednica nominalna wewn\u0119trzna","unit":"ukryte","value":"\u00b11,50"},{"property":"\u015arednica nominalna wewn\u0119trzna","unit":"cal","value":"1 9\/16"},{"property":"\u015arednica zewn\u0119trzna [mm]","unit":"mm","value":"54,0"},{"property":"Maksymalne ci\u015bnienie robocze","unit":"bar","value":"25"},{"property":"Maksymalne ci\u015bnienie robocze","unit":"MPa","value":"2,5"},{"property":"Maksymalne ci\u015bnienie robocze","unit":"psi","value":"362"},{"property":"Ci\u015bnienie rozrywaj\u0105ce","unit":"bar","value":"100"},{"property":"Wsp\u00f3\u0142czynnik bezpiecze\u0144stwa","unit":"-","value":"4:1"},{"property":"Standardowe d\u0142ugo\u015bci odcink\u00f3w","unit":"m","value":"20"},{"property":"Waga jednostkowa","unit":"kg\/m","value":"1,46"},{"property":"Rodzaj wzmocnienia","unit":"-","value":"kord"}]},{"variation_id":7076,"sku":"WPWO25ZW040WT622","variation_title":"W\u0105\u017c do wody 2,5 MPa DN50 (2\")","properties":[{"property":"\u015arednica nominalna wewn\u0119trzna","unit":"mm","value":"50,0"},{"property":"\u015arednica nominalna wewn\u0119trzna","unit":"ukryte","value":"\u00b11,50"},{"property":"\u015arednica nominalna wewn\u0119trzna","unit":"cal","value":"2"},{"property":"\u015arednica zewn\u0119trzna [mm]","unit":"mm","value":"64,0"},{"property":"Maksymalne ci\u015bnienie robocze","unit":"bar","value":"25"},{"property":"Maksymalne ci\u015bnienie robocze","unit":"MPa","value":"2,5"},{"property":"Maksymalne ci\u015bnienie robocze","unit":"psi","value":"362"},{"property":"Ci\u015bnienie rozrywaj\u0105ce","unit":"bar","value":"100"},{"property":"Wsp\u00f3\u0142czynnik bezpiecze\u0144stwa","unit":"-","value":"4:1"},{"property":"Standardowe d\u0142ugo\u015bci odcink\u00f3w","unit":"m","value":"20"},{"property":"Waga jednostkowa","unit":"kg\/m","value":"1,77"},{"property":"Rodzaj wzmocnienia","unit":"-","value":"kord"}]},{"variation_id":7078,"sku":"WPWO25ZW050WT622","variation_title":"W\u0105\u017c do wody 2,5 MPa DN63 (2.1\/2\")","properties":[{"property":"\u015arednica nominalna wewn\u0119trzna","unit":"mm","value":"63,0"},{"property":"\u015arednica nominalna wewn\u0119trzna","unit":"ukryte","value":"\u00b11,50"},{"property":"\u015arednica nominalna wewn\u0119trzna","unit":"cal","value":"2 1\/2"},{"property":"\u015arednica zewn\u0119trzna [mm]","unit":"mm","value":"80,0"},{"property":"Maksymalne ci\u015bnienie robocze","unit":"bar","value":"25"},{"property":"Maksymalne ci\u015bnienie robocze","unit":"MPa","value":"2,5"},{"property":"Maksymalne ci\u015bnienie robocze","unit":"psi","value":"362"},{"property":"Ci\u015bnienie rozrywaj\u0105ce","unit":"bar","value":"100"},{"property":"Wsp\u00f3\u0142czynnik bezpiecze\u0144stwa","unit":"-","value":"4:1"},{"property":"Standardowe d\u0142ugo\u015bci odcink\u00f3w","unit":"m","value":"20"},{"property":"Waga jednostkowa","unit":"kg\/m","value":"2,28"},{"property":"Rodzaj wzmocnienia","unit":"-","value":"kord"}]}],"_links":{"self":[{"href":"https:\/\/new.stomil-bydgoszcz.pl\/en\/wp-json\/wp\/v2\/product\/7064","targetHints":{"allow":["GET"]}}],"collection":[{"href":"https:\/\/new.stomil-bydgoszcz.pl\/en\/wp-json\/wp\/v2\/product"}],"about":[{"href":"https:\/\/new.stomil-bydgoszcz.pl\/en\/wp-json\/wp\/v2\/types\/product"}],"replies":[{"embeddable":true,"href":"https:\/\/new.stomil-bydgoszcz.pl\/en\/wp-json\/wp\/v2\/comments?post=7064"}],"wp:featuredmedia":[{"embeddable":true,"href":"https:\/\/new.stomil-bydgoszcz.pl\/en\/wp-json\/wp\/v2\/media\/7062"}],"wp:attachment":[{"href":"https:\/\/new.stomil-bydgoszcz.pl\/en\/wp-json\/wp\/v2\/media?parent=7064"}],"wp:term":[{"taxonomy":"product_brand","embeddable":true,"href":"https:\/\/new.stomil-bydgoszcz.pl\/en\/wp-json\/wp\/v2\/product_brand?post=7064"},{"taxonomy":"product_cat","embeddable":true,"href":"https:\/\/new.stomil-bydgoszcz.pl\/en\/wp-json\/wp\/v2\/product_cat?post=7064"},{"taxonomy":"product_tag","embeddable":true,"href":"https:\/\/new.stomil-bydgoszcz.pl\/en\/wp-json\/wp\/v2\/product_tag?post=7064"}],"curies":[{"name":"wp","href":"https:\/\/api.w.org\/{rel}","templated":true}]}}