{"id":7084,"date":"2026-03-17T21:39:12","date_gmt":"2026-03-17T21:39:12","guid":{"rendered":"https:\/\/new.stomil-bydgoszcz.pl\/produkt\/waz-do-wody-10-mpa\/"},"modified":"2026-03-17T21:40:00","modified_gmt":"2026-03-17T21:40:00","slug":"water-vase-10-mpa","status":"publish","type":"product","link":"https:\/\/new.stomil-bydgoszcz.pl\/en\/produkt\/waz-do-wody-10-mpa\/","title":{"rendered":"Water Hoses 1.0 MPa"},"content":{"rendered":"<p><strong>CHARACTERISTICS<\/strong><\/p>\n<p><strong>Working Pressure<\/strong> - 10 bar (1.0 MPa)<br \/>\n<strong>Bursting Pressure<\/strong> - 30 bar (3.0 MPa)<br \/>\n<strong>Safety factor<\/strong> - 3:1<\/p>\n<p><strong>APPLICATION<\/strong><\/p>\n<p>A reliable hose for water and light chemicals for general industrial and Agriculture applications, including irrigation and drainage systems. Also readily used for hot water cleaning of floors, walls and all kinds of equipment.<br \/>\nHoses are weatherproof and ozone resistant.<\/p>\n<p>Hoses with higher abrasion resistance can be made to order for mixtures of water with sand, silt or other substances with similar properties.<\/p>\n<p><strong>Working Temperature<\/strong><br \/>\nFrom -30\u00b0C to +80\u00b0C<br \/>\nShort-term up to +100\u00b0C<\/p>\n<p><strong>CONSTRUCTION<\/strong><br \/>\nHoses with diameters up to DN 80 are made according to EN ISO 1403 (TYPE 2).<br \/>\nHoses with a diameter of DN 100 are made according to Stomil Bydgoszcz WT-37\/13\/BZPG author's design.<\/p>\n<p><strong>Inner layer<\/strong><br \/>\nBlack colored rubber made of SBR synthetic rubber resistant to hot water.<br \/>\n<strong>Reinforcement<\/strong><br \/>\nInterleavers made of textile cord or high-strength synthetic threads.<br \/>\n<strong>Outer layer<\/strong><br \/>\nBlack colored SBR synthetic rubber rubber, resistant to abrasion and weathering and ozone.<br \/>\nUp to a diameter of DN 12.5, the surface is smooth. Larger diameters with fabric imprint.<\/p>\n<p><strong>SIGNING<\/strong><br \/>\nDiameters with a smooth surface are marked with white paint. Diameters with fabric imprint marked with green tape.<\/p>","protected":false},"excerpt":{"rendered":"<p><strong>Working Pressure:<\/strong> 10 bar (1.0 MPa) |. <strong>Bursting Pressure:<\/strong> 30 bar (3.0 MPa) |. <strong>Safety factor:<\/strong> 3:1 |&nbsp;<strong>Working Temperature: <\/strong>From -30\u00b0C to +80\u00b0C; short-term up to +100\u00b0C<\/p>","protected":false},"featured_media":7081,"comment_status":"closed","ping_status":"closed","template":"","meta":[],"product_brand":[],"product_cat":[88,155,92,217,77,178,176,140],"product_tag":[],"class_list":{"0":"post-7084","1":"product","2":"type-product","3":"status-publish","4":"has-post-thumbnail","6":"product_cat-branze","7":"product_cat-budowa-maszyn-i-urzadzen","8":"product_cat-budownictwo","9":"product_cat-do-wody-10-mpa","10":"product_cat-grupy-produktow","11":"product_cat-rolnictwo","12":"product_cat-weze-do-wody","13":"product_cat-weze-przemyslowe","15":"first","16":"instock","17":"taxable","18":"shipping-taxable","19":"purchasable","20":"product-type-variable"},"stomil_properties":[{"variation_id":7086,"sku":"","variation_title":"w\u0105\u017c do wody 1,0 MPa DN6,3 (1\/4\")","properties":[{"property":"\u015arednica nominalna wewn\u0119trzna","unit":"mm","value":"6,3"},{"property":"\u015arednica nominalna wewn\u0119trzna","unit":"ukryte","value":"\u00b10,75"},{"property":"\u015arednica nominalna wewn\u0119trzna","unit":"cal","value":"1\/4"},{"property":"\u015arednica zewn\u0119trzna [mm]","unit":"mm","value":"13,0"},{"property":"Maksymalne ci\u015bnienie robocze","unit":"bar","value":"10"},{"property":"Maksymalne ci\u015bnienie robocze","unit":"MPa","value":"1,0"},{"property":"Maksymalne ci\u015bnienie robocze","unit":"psi","value":"145"},{"property":"Ci\u015bnienie rozrywaj\u0105ce","unit":"bar","value":"30"},{"property":"Wsp\u00f3\u0142czynnik bezpiecze\u0144stwa","unit":"-","value":"3:1"},{"property":"Standardowe d\u0142ugo\u015bci odcink\u00f3w","unit":"m","value":"50"},{"property":"Waga jednostkowa","unit":"kg\/m","value":"0,12"},{"property":"Rodzaj wzmocnienia","unit":"-","value":"nici"}]},{"variation_id":7088,"sku":"","variation_title":"w\u0105\u017c do wody 1,0 MPa DN8 (5\/16\")","properties":[{"property":"\u015arednica nominalna wewn\u0119trzna","unit":"mm","value":"8,0"},{"property":"\u015arednica nominalna wewn\u0119trzna","unit":"ukryte","value":"\u00b10,75"},{"property":"\u015arednica nominalna wewn\u0119trzna","unit":"cal","value":"5\/16"},{"property":"\u015arednica zewn\u0119trzna [mm]","unit":"mm","value":"15,0"},{"property":"Maksymalne ci\u015bnienie robocze","unit":"bar","value":"10"},{"property":"Maksymalne ci\u015bnienie robocze","unit":"MPa","value":"1,0"},{"property":"Maksymalne ci\u015bnienie robocze","unit":"psi","value":"145"},{"property":"Ci\u015bnienie rozrywaj\u0105ce","unit":"bar","value":"30"},{"property":"Wsp\u00f3\u0142czynnik bezpiecze\u0144stwa","unit":"-","value":"3:1"},{"property":"Standardowe d\u0142ugo\u015bci odcink\u00f3w","unit":"m","value":"50"},{"property":"Waga jednostkowa","unit":"kg\/m","value":"0,17"},{"property":"Rodzaj wzmocnienia","unit":"-","value":"nici"}]},{"variation_id":7090,"sku":"","variation_title":"w\u0105\u017c do wody 1,0 MPa DN10 (3\/8\")","properties":[{"property":"\u015arednica nominalna wewn\u0119trzna","unit":"mm","value":"10,0"},{"property":"\u015arednica nominalna wewn\u0119trzna","unit":"ukryte","value":"\u00b10,75"},{"property":"\u015arednica nominalna wewn\u0119trzna","unit":"cal","value":"3\/8"},{"property":"\u015arednica zewn\u0119trzna [mm]","unit":"mm","value":"17,0"},{"property":"Maksymalne ci\u015bnienie robocze","unit":"bar","value":"10"},{"property":"Maksymalne ci\u015bnienie robocze","unit":"MPa","value":"1,0"},{"property":"Maksymalne ci\u015bnienie robocze","unit":"psi","value":"145"},{"property":"Ci\u015bnienie rozrywaj\u0105ce","unit":"bar","value":"30"},{"property":"Wsp\u00f3\u0142czynnik bezpiecze\u0144stwa","unit":"-","value":"3:1"},{"property":"Standardowe d\u0142ugo\u015bci odcink\u00f3w","unit":"m","value":"50"},{"property":"Waga jednostkowa","unit":"kg\/m","value":"0,20"},{"property":"Rodzaj wzmocnienia","unit":"-","value":"nici"}]},{"variation_id":7092,"sku":"WPWO10ZW012OT621","variation_title":"w\u0105\u017c do wody 1,0 MPa DN12,5 (1\/2 cala)","properties":[{"property":"\u015arednica nominalna wewn\u0119trzna","unit":"mm","value":"12,5"},{"property":"\u015arednica nominalna wewn\u0119trzna","unit":"ukryte","value":"\u00b10,75"},{"property":"\u015arednica nominalna wewn\u0119trzna","unit":"cal","value":"1\/2"},{"property":"\u015arednica zewn\u0119trzna [mm]","unit":"mm","value":"21,0"},{"property":"Maksymalne ci\u015bnienie robocze","unit":"bar","value":"10"},{"property":"Maksymalne ci\u015bnienie robocze","unit":"MPa","value":"1,0"},{"property":"Maksymalne ci\u015bnienie robocze","unit":"psi","value":"145"},{"property":"Ci\u015bnienie rozrywaj\u0105ce","unit":"bar","value":"30"},{"property":"Wsp\u00f3\u0142czynnik bezpiecze\u0144stwa","unit":"-","value":"3:1"},{"property":"Standardowe d\u0142ugo\u015bci odcink\u00f3w","unit":"m","value":"50 lub 20"},{"property":"Waga jednostkowa","unit":"kg\/m","value":"0,27"},{"property":"Rodzaj wzmocnienia","unit":"-","value":"nici lub kord"}]},{"variation_id":7094,"sku":"WPWO10ZW016OT621","variation_title":"w\u0105\u017c do wody 1,0 MPa DN16 (5\/8 cala)","properties":[{"property":"\u015arednica nominalna wewn\u0119trzna","unit":"mm","value":"16,0"},{"property":"\u015arednica nominalna wewn\u0119trzna","unit":"ukryte","value":"\u00b10,75"},{"property":"\u015arednica nominalna wewn\u0119trzna","unit":"cal","value":"5\/8"},{"property":"\u015arednica zewn\u0119trzna [mm]","unit":"mm","value":"24,0"},{"property":"Maksymalne ci\u015bnienie robocze","unit":"bar","value":"10"},{"property":"Maksymalne ci\u015bnienie robocze","unit":"MPa","value":"1,0"},{"property":"Maksymalne ci\u015bnienie robocze","unit":"psi","value":"145"},{"property":"Ci\u015bnienie rozrywaj\u0105ce","unit":"bar","value":"30"},{"property":"Wsp\u00f3\u0142czynnik bezpiecze\u0144stwa","unit":"-","value":"3:1"},{"property":"Standardowe d\u0142ugo\u015bci odcink\u00f3w","unit":"m","value":"20"},{"property":"Waga jednostkowa","unit":"kg\/m","value":"0,31"},{"property":"Rodzaj wzmocnienia","unit":"-","value":"kord"}]},{"variation_id":7096,"sku":"","variation_title":"w\u0105\u017c do wody 1,0 MPa DN18 (23\/32\")","properties":[{"property":"\u015arednica nominalna wewn\u0119trzna","unit":"mm","value":"18,0"},{"property":"\u015arednica nominalna wewn\u0119trzna","unit":"ukryte","value":"\u00b10,75"},{"property":"\u015arednica nominalna wewn\u0119trzna","unit":"cal","value":"23\/32"},{"property":"\u015arednica zewn\u0119trzna [mm]","unit":"mm","value":"27,0"},{"property":"Maksymalne ci\u015bnienie robocze","unit":"bar","value":"10"},{"property":"Maksymalne ci\u015bnienie robocze","unit":"MPa","value":"1,0"},{"property":"Maksymalne ci\u015bnienie robocze","unit":"psi","value":"145"},{"property":"Ci\u015bnienie rozrywaj\u0105ce","unit":"bar","value":"30"},{"property":"Wsp\u00f3\u0142czynnik bezpiecze\u0144stwa","unit":"-","value":"3:1"},{"property":"Standardowe d\u0142ugo\u015bci odcink\u00f3w","unit":"m","value":"20"},{"property":"Waga jednostkowa","unit":"kg\/m","value":"0,48"},{"property":"Rodzaj wzmocnienia","unit":"-","value":"kord"}]},{"variation_id":7098,"sku":"WPWO10ZW020OT621","variation_title":"w\u0105\u017c do wody 1,0 MPa DN20 (25\/32 cala)","properties":[{"property":"\u015arednica nominalna wewn\u0119trzna","unit":"mm","value":"20,0"},{"property":"\u015arednica nominalna wewn\u0119trzna","unit":"ukryte","value":"\u00b10,75"},{"property":"\u015arednica nominalna wewn\u0119trzna","unit":"cal","value":"25\/32"},{"property":"\u015arednica zewn\u0119trzna [mm]","unit":"mm","value":"28,0"},{"property":"Maksymalne ci\u015bnienie robocze","unit":"bar","value":"10"},{"property":"Maksymalne ci\u015bnienie robocze","unit":"MPa","value":"1,0"},{"property":"Maksymalne ci\u015bnienie robocze","unit":"psi","value":"145"},{"property":"Ci\u015bnienie rozrywaj\u0105ce","unit":"bar","value":"30"},{"property":"Wsp\u00f3\u0142czynnik bezpiecze\u0144stwa","unit":"-","value":"3:1"},{"property":"Standardowe d\u0142ugo\u015bci odcink\u00f3w","unit":"m","value":"20"},{"property":"Waga jednostkowa","unit":"kg\/m","value":"0,37"},{"property":"Rodzaj wzmocnienia","unit":"-","value":"kord"}]},{"variation_id":7100,"sku":"WPWO10ZW025OT621","variation_title":"w\u0105\u017c do wody 1,0 MPa DN25 (1 cal)","properties":[{"property":"\u015arednica nominalna wewn\u0119trzna","unit":"mm","value":"25,0"},{"property":"\u015arednica nominalna wewn\u0119trzna","unit":"ukryte","value":"\u00b10,75"},{"property":"\u015arednica nominalna wewn\u0119trzna","unit":"cal","value":"1"},{"property":"\u015arednica zewn\u0119trzna [mm]","unit":"mm","value":"34,0"},{"property":"Maksymalne ci\u015bnienie robocze","unit":"bar","value":"10"},{"property":"Maksymalne ci\u015bnienie robocze","unit":"MPa","value":"1,0"},{"property":"Maksymalne ci\u015bnienie robocze","unit":"psi","value":"145"},{"property":"Ci\u015bnienie rozrywaj\u0105ce","unit":"bar","value":"30"},{"property":"Wsp\u00f3\u0142czynnik bezpiecze\u0144stwa","unit":"-","value":"3:1"},{"property":"Standardowe d\u0142ugo\u015bci odcink\u00f3w","unit":"m","value":"20"},{"property":"Waga jednostkowa","unit":"kg\/m","value":"0,52"},{"property":"Rodzaj wzmocnienia","unit":"-","value":"kord"}]},{"variation_id":7102,"sku":"WPWO10ZW031WT621","variation_title":"w\u0105\u017c do wody 1,0 MPa DN31,5 (1 i 15\/64 cala)","properties":[{"property":"\u015arednica nominalna wewn\u0119trzna","unit":"mm","value":"31,5"},{"property":"\u015arednica nominalna wewn\u0119trzna","unit":"ukryte","value":"\u00b11,25"},{"property":"\u015arednica nominalna wewn\u0119trzna","unit":"cal","value":"1 15\/64"},{"property":"\u015arednica zewn\u0119trzna [mm]","unit":"mm","value":"42,0"},{"property":"Maksymalne ci\u015bnienie robocze","unit":"bar","value":"10"},{"property":"Maksymalne ci\u015bnienie robocze","unit":"MPa","value":"1,0"},{"property":"Maksymalne ci\u015bnienie robocze","unit":"psi","value":"145"},{"property":"Ci\u015bnienie rozrywaj\u0105ce","unit":"bar","value":"30"},{"property":"Wsp\u00f3\u0142czynnik bezpiecze\u0144stwa","unit":"-","value":"3:1"},{"property":"Standardowe d\u0142ugo\u015bci odcink\u00f3w","unit":"m","value":"20"},{"property":"Waga jednostkowa","unit":"kg\/m","value":"0,86"},{"property":"Rodzaj wzmocnienia","unit":"-","value":"kord"}]},{"variation_id":7104,"sku":"WPWO10ZW038WT621","variation_title":"w\u0105\u017c do wody 1,0 MPa DN38 (1 i 1\/2 cala)","properties":[{"property":"\u015arednica nominalna wewn\u0119trzna","unit":"mm","value":"38,0"},{"property":"\u015arednica nominalna wewn\u0119trzna","unit":"ukryte","value":"\u00b11,25"},{"property":"\u015arednica nominalna wewn\u0119trzna","unit":"cal","value":"1 1\/2"},{"property":"\u015arednica zewn\u0119trzna [mm]","unit":"mm","value":"49,0"},{"property":"Maksymalne ci\u015bnienie robocze","unit":"bar","value":"10"},{"property":"Maksymalne ci\u015bnienie robocze","unit":"MPa","value":"1,0"},{"property":"Maksymalne ci\u015bnienie robocze","unit":"psi","value":"145"},{"property":"Ci\u015bnienie rozrywaj\u0105ce","unit":"bar","value":"30"},{"property":"Wsp\u00f3\u0142czynnik bezpiecze\u0144stwa","unit":"-","value":"3:1"},{"property":"Standardowe d\u0142ugo\u015bci odcink\u00f3w","unit":"m","value":"20"},{"property":"Waga jednostkowa","unit":"kg\/m","value":"1,01"},{"property":"Rodzaj wzmocnienia","unit":"-","value":"kord"}]},{"variation_id":7106,"sku":"WPWO10ZW040WT621","variation_title":"w\u0105\u017c do wody 1,0 MPa DN40 (1 i 9\/16 cala)","properties":[{"property":"\u015arednica nominalna wewn\u0119trzna","unit":"mm","value":"40,0"},{"property":"\u015arednica nominalna wewn\u0119trzna","unit":"ukryte","value":"\u00b11,50"},{"property":"\u015arednica nominalna wewn\u0119trzna","unit":"cal","value":"1 9\/16"},{"property":"\u015arednica zewn\u0119trzna [mm]","unit":"mm","value":"51,0"},{"property":"Maksymalne ci\u015bnienie robocze","unit":"bar","value":"10"},{"property":"Maksymalne ci\u015bnienie robocze","unit":"MPa","value":"1,0"},{"property":"Maksymalne ci\u015bnienie robocze","unit":"psi","value":"145"},{"property":"Ci\u015bnienie rozrywaj\u0105ce","unit":"bar","value":"30"},{"property":"Wsp\u00f3\u0142czynnik bezpiecze\u0144stwa","unit":"-","value":"3:1"},{"property":"Standardowe d\u0142ugo\u015bci odcink\u00f3w","unit":"m","value":"20"},{"property":"Waga jednostkowa","unit":"kg\/m","value":"1,05"},{"property":"Rodzaj wzmocnienia","unit":"-","value":"kord"}]},{"variation_id":7108,"sku":"WPWO10ZW045WT621","variation_title":"w\u0105\u017c do wody 1,0 MPa DN45 (1 i 3\/4 cala)","properties":[{"property":"\u015arednica nominalna wewn\u0119trzna","unit":"mm","value":"45,0"},{"property":"\u015arednica nominalna wewn\u0119trzna","unit":"ukryte","value":"\u00b11,50"},{"property":"\u015arednica nominalna wewn\u0119trzna","unit":"cal","value":"1 3\/4"},{"property":"\u015arednica zewn\u0119trzna [mm]","unit":"mm","value":"56,0"},{"property":"Maksymalne ci\u015bnienie robocze","unit":"bar","value":"10"},{"property":"Maksymalne ci\u015bnienie robocze","unit":"MPa","value":"1,0"},{"property":"Maksymalne ci\u015bnienie robocze","unit":"psi","value":"145"},{"property":"Ci\u015bnienie rozrywaj\u0105ce","unit":"bar","value":"30"},{"property":"Wsp\u00f3\u0142czynnik bezpiecze\u0144stwa","unit":"-","value":"3:1"},{"property":"Standardowe d\u0142ugo\u015bci odcink\u00f3w","unit":"m","value":"20"},{"property":"Waga jednostkowa","unit":"kg\/m","value":"1,17"},{"property":"Rodzaj wzmocnienia","unit":"-","value":"kord"}]},{"variation_id":7110,"sku":"WPWO10ZW050WT621","variation_title":"w\u0105\u017c do wody 1,0 MPa DN50 (2 cale)","properties":[{"property":"\u015arednica nominalna wewn\u0119trzna","unit":"mm","value":"50,0"},{"property":"\u015arednica nominalna wewn\u0119trzna","unit":"ukryte","value":"\u00b11,50"},{"property":"\u015arednica nominalna wewn\u0119trzna","unit":"cal","value":"2"},{"property":"\u015arednica zewn\u0119trzna [mm]","unit":"mm","value":"61,0"},{"property":"Maksymalne ci\u015bnienie robocze","unit":"bar","value":"10"},{"property":"Maksymalne ci\u015bnienie robocze","unit":"MPa","value":"1,0"},{"property":"Maksymalne ci\u015bnienie robocze","unit":"psi","value":"145"},{"property":"Ci\u015bnienie rozrywaj\u0105ce","unit":"bar","value":"30"},{"property":"Wsp\u00f3\u0142czynnik bezpiecze\u0144stwa","unit":"-","value":"3:1"},{"property":"Standardowe d\u0142ugo\u015bci odcink\u00f3w","unit":"m","value":"20"},{"property":"Waga jednostkowa","unit":"kg\/m","value":"1,31"},{"property":"Rodzaj wzmocnienia","unit":"-","value":"kord"}]},{"variation_id":7112,"sku":"","variation_title":"w\u0105\u017c do wody 1,0 MPa DN55 (2.5\/32\")","properties":[{"property":"\u015arednica nominalna wewn\u0119trzna","unit":"mm","value":"55,0"},{"property":"\u015arednica nominalna wewn\u0119trzna","unit":"ukryte","value":"\u00b11,50"},{"property":"\u015arednica nominalna wewn\u0119trzna","unit":"cal","value":"2 5\/32"},{"property":"\u015arednica zewn\u0119trzna [mm]","unit":"mm","value":"67,0"},{"property":"Maksymalne ci\u015bnienie robocze","unit":"bar","value":"10"},{"property":"Maksymalne ci\u015bnienie robocze","unit":"MPa","value":"1,0"},{"property":"Maksymalne ci\u015bnienie robocze","unit":"psi","value":"145"},{"property":"Ci\u015bnienie rozrywaj\u0105ce","unit":"bar","value":"30"},{"property":"Wsp\u00f3\u0142czynnik bezpiecze\u0144stwa","unit":"-","value":"3:1"},{"property":"Standardowe d\u0142ugo\u015bci odcink\u00f3w","unit":"m","value":"20"},{"property":"Waga jednostkowa","unit":"kg\/m","value":"1,60"},{"property":"Rodzaj wzmocnienia","unit":"-","value":"kord"}]},{"variation_id":7114,"sku":"WPWO10ZW063WT621","variation_title":"w\u0105\u017c do wody 1,0 MPa DN63 (2 i 1\/2 cala)","properties":[{"property":"\u015arednica nominalna wewn\u0119trzna","unit":"mm","value":"63,0"},{"property":"\u015arednica nominalna wewn\u0119trzna","unit":"ukryte","value":"\u00b11,50"},{"property":"\u015arednica nominalna wewn\u0119trzna","unit":"cal","value":"2 1\/2"},{"property":"\u015arednica zewn\u0119trzna [mm]","unit":"mm","value":"75,0"},{"property":"Maksymalne ci\u015bnienie robocze","unit":"bar","value":"10"},{"property":"Maksymalne ci\u015bnienie robocze","unit":"MPa","value":"1,0"},{"property":"Maksymalne ci\u015bnienie robocze","unit":"psi","value":"145"},{"property":"Ci\u015bnienie rozrywaj\u0105ce","unit":"bar","value":"30"},{"property":"Wsp\u00f3\u0142czynnik bezpiecze\u0144stwa","unit":"-","value":"3:1"},{"property":"Standardowe d\u0142ugo\u015bci odcink\u00f3w","unit":"m","value":"20"},{"property":"Waga jednostkowa","unit":"kg\/m","value":"1,81"},{"property":"Rodzaj wzmocnienia","unit":"-","value":"kord"}]},{"variation_id":7116,"sku":"WPWO10ZW075WT621","variation_title":"w\u0105\u017c do wody 1,0 MPa DN75 (3 cale)","properties":[{"property":"\u015arednica nominalna wewn\u0119trzna","unit":"mm","value":"75,0"},{"property":"\u015arednica nominalna wewn\u0119trzna","unit":"ukryte","value":"\u00b11,50"},{"property":"\u015arednica nominalna wewn\u0119trzna","unit":"cal","value":"3"},{"property":"\u015arednica zewn\u0119trzna [mm]","unit":"mm","value":"88,0"},{"property":"Maksymalne ci\u015bnienie robocze","unit":"bar","value":"10"},{"property":"Maksymalne ci\u015bnienie robocze","unit":"MPa","value":"1,0"},{"property":"Maksymalne ci\u015bnienie robocze","unit":"psi","value":"145"},{"property":"Ci\u015bnienie rozrywaj\u0105ce","unit":"bar","value":"30"},{"property":"Wsp\u00f3\u0142czynnik bezpiecze\u0144stwa","unit":"-","value":"3:1"},{"property":"Standardowe d\u0142ugo\u015bci odcink\u00f3w","unit":"m","value":"20"},{"property":"Waga jednostkowa","unit":"kg\/m","value":"2,12"},{"property":"Rodzaj wzmocnienia","unit":"-","value":"kord"}]},{"variation_id":7118,"sku":"WPWO10ZW080WT621","variation_title":"w\u0105\u017c do wody 1,0 MPa DN80 (3 i 5\/32 cala)","properties":[{"property":"\u015arednica nominalna wewn\u0119trzna","unit":"mm","value":"80,0"},{"property":"\u015arednica nominalna wewn\u0119trzna","unit":"ukryte","value":"\u00b12,00"},{"property":"\u015arednica nominalna wewn\u0119trzna","unit":"cal","value":"3 5\/32"},{"property":"\u015arednica zewn\u0119trzna [mm]","unit":"mm","value":"93,0"},{"property":"Maksymalne ci\u015bnienie robocze","unit":"bar","value":"10"},{"property":"Maksymalne ci\u015bnienie robocze","unit":"MPa","value":"1,0"},{"property":"Maksymalne ci\u015bnienie robocze","unit":"psi","value":"145"},{"property":"Ci\u015bnienie rozrywaj\u0105ce","unit":"bar","value":"30"},{"property":"Wsp\u00f3\u0142czynnik bezpiecze\u0144stwa","unit":"-","value":"3:1"},{"property":"Standardowe d\u0142ugo\u015bci odcink\u00f3w","unit":"m","value":"10"},{"property":"Waga jednostkowa","unit":"kg\/m","value":"2,33"},{"property":"Rodzaj wzmocnienia","unit":"-","value":"kord"}]},{"variation_id":7120,"sku":"","variation_title":"w\u0105\u017c do wody 1,0 MPa DN100 (3.15\/16\")","properties":[{"property":"\u015arednica nominalna wewn\u0119trzna","unit":"mm","value":"100,0"},{"property":"\u015arednica nominalna wewn\u0119trzna","unit":"ukryte","value":"\u00b12,50"},{"property":"\u015arednica nominalna wewn\u0119trzna","unit":"cal","value":"3 15\/16"},{"property":"\u015arednica zewn\u0119trzna [mm]","unit":"mm","value":"115,0"},{"property":"Maksymalne ci\u015bnienie robocze","unit":"bar","value":"10"},{"property":"Maksymalne ci\u015bnienie robocze","unit":"MPa","value":"1,0"},{"property":"Maksymalne ci\u015bnienie robocze","unit":"psi","value":"145"},{"property":"Ci\u015bnienie rozrywaj\u0105ce","unit":"bar","value":"30"},{"property":"Wsp\u00f3\u0142czynnik bezpiecze\u0144stwa","unit":"-","value":"3:1"},{"property":"Standardowe d\u0142ugo\u015bci odcink\u00f3w","unit":"m","value":"10"},{"property":"Waga jednostkowa","unit":"kg\/m","value":"2,65"},{"property":"Rodzaj wzmocnienia","unit":"-","value":"kord"}]}],"_links":{"self":[{"href":"https:\/\/new.stomil-bydgoszcz.pl\/en\/wp-json\/wp\/v2\/product\/7084","targetHints":{"allow":["GET"]}}],"collection":[{"href":"https:\/\/new.stomil-bydgoszcz.pl\/en\/wp-json\/wp\/v2\/product"}],"about":[{"href":"https:\/\/new.stomil-bydgoszcz.pl\/en\/wp-json\/wp\/v2\/types\/product"}],"replies":[{"embeddable":true,"href":"https:\/\/new.stomil-bydgoszcz.pl\/en\/wp-json\/wp\/v2\/comments?post=7084"}],"wp:featuredmedia":[{"embeddable":true,"href":"https:\/\/new.stomil-bydgoszcz.pl\/en\/wp-json\/wp\/v2\/media\/7081"}],"wp:attachment":[{"href":"https:\/\/new.stomil-bydgoszcz.pl\/en\/wp-json\/wp\/v2\/media?parent=7084"}],"wp:term":[{"taxonomy":"product_brand","embeddable":true,"href":"https:\/\/new.stomil-bydgoszcz.pl\/en\/wp-json\/wp\/v2\/product_brand?post=7084"},{"taxonomy":"product_cat","embeddable":true,"href":"https:\/\/new.stomil-bydgoszcz.pl\/en\/wp-json\/wp\/v2\/product_cat?post=7084"},{"taxonomy":"product_tag","embeddable":true,"href":"https:\/\/new.stomil-bydgoszcz.pl\/en\/wp-json\/wp\/v2\/product_tag?post=7084"}],"curies":[{"name":"wp","href":"https:\/\/api.w.org\/{rel}","templated":true}]}}