{"id":7410,"date":"2026-03-17T21:39:56","date_gmt":"2026-03-17T21:39:56","guid":{"rendered":"https:\/\/new.stomil-bydgoszcz.pl\/produkt\/waz-do-pary-wodnej-140c\/"},"modified":"2026-03-17T21:40:00","modified_gmt":"2026-03-17T21:40:00","slug":"steam-vase-140c","status":"publish","type":"product","link":"https:\/\/new.stomil-bydgoszcz.pl\/en\/produkt\/waz-do-pary-wodnej-140c\/","title":{"rendered":"Hoses for steam 140\u00b0C"},"content":{"rendered":"<p><strong>CHARACTERISTICS<br \/>\n<\/strong>Working Pressure - 4 bar (0.4 MPa)<br \/>\nBursting Pressure - 16 bar (1.6 MPa)<\/p>\n<p><strong>Working Temperature<br \/>\n<\/strong>- for saturated steam up to +140\u00b0C<br \/>\n- for water up to +100\u00b0C<\/p>\n<p><strong>Optional colors<\/strong> - red<br \/>\n<strong>Safety factor<\/strong> 4:1<\/p>\n<p><strong>APPLICATION<br \/>\n<\/strong>The hose is designed for all kinds of industrial steam heating and process equipment, and for steam cleaning and disinfection of floors, walls, as well as machinery and equipment.<\/p>\n<p>If a hot water hose is used, its temperature should not exceed 100\u00b0C, as water heated to higher temperatures has a more intense effect on the hose than steam.<\/p>\n<p>Hoses are weatherproof and ozone resistant.<\/p>\n<p>On request, we make additional protection of Hoses with an external wire spiral, designed to protect against deformation and excessive abrasion of the outer layer.<\/p>\n<p><strong>Working Temperature<br \/>\n<\/strong>From -30\u00b0C to +140\u00b0C for saturated steam<br \/>\nFrom -30\u00b0C to +100\u00b0C for water<\/p>\n<p><strong>CONSTRUCTION<br \/>\n<\/strong>Complies with the PN-86\/C-94250\/42 standard.<\/p>\n<p><strong>Inner layer<br \/>\n<\/strong>High-quality rubber compound resistant to hot steam.<\/p>\n<p><strong>Reinforcement<br \/>\n<\/strong>High strength textile cord spacers.<\/p>\n<p><strong>Outer layer<br \/>\n<\/strong>High quality black colored synthetic rubber with fabric imprint, abrasion and weather and ozone resistant. Also available in red on request.<\/p>\n<p><strong>SIGNING<br \/>\n<\/strong>Hose marked with colored silver-gray tape containing the purpose of the hose and reference to the standard. <strong><br \/>\n<\/strong><\/p>","protected":false},"excerpt":{"rendered":"<p><strong>Working Pressure:<\/strong> 4 bar (0.4 MPa) |. <strong>Bursting Pressure:<\/strong> 16 bar (1.6 MPa) |. <strong>Optional colors:<\/strong> red | <strong>Safety factor:<\/strong> 4:1 | <strong>Working Temperature: <\/strong>for saturated steam up to +140\u00b0C; for water up to +100\u00b0C<\/p>","protected":false},"featured_media":7408,"comment_status":"closed","ping_status":"closed","template":"","meta":[],"product_brand":[],"product_cat":[88,155,77,240,212,140],"product_tag":[],"class_list":{"0":"post-7410","1":"product","2":"type-product","3":"status-publish","4":"has-post-thumbnail","6":"product_cat-branze","7":"product_cat-budowa-maszyn-i-urzadzen","8":"product_cat-grupy-produktow","9":"product_cat-spozywcza","10":"product_cat-weze-do-goracej-wody-i-pary-wodnej","11":"product_cat-weze-przemyslowe","13":"first","14":"instock","15":"taxable","16":"shipping-taxable","17":"purchasable","18":"product-type-variable"},"stomil_properties":[{"variation_id":7412,"sku":"WPPA04ZW012OT629","variation_title":"W\u0105\u017c do pary wodnej 140\u00b0C DN12,5 (1\/2\")","properties":[{"property":"\u015arednica nominalna wewn\u0119trzna","unit":"mm","value":"12,5"},{"property":"\u015arednica nominalna wewn\u0119trzna","unit":"ukryte","value":"\u00b10,75"},{"property":"\u015arednica nominalna wewn\u0119trzna","unit":"cal","value":"1\/2"},{"property":"\u015arednica zewn\u0119trzna [mm]","unit":"mm","value":"21,0"},{"property":"Maksymalne ci\u015bnienie robocze","unit":"bar","value":"4"},{"property":"Maksymalne ci\u015bnienie robocze","unit":"MPa","value":"0,4"},{"property":"Maksymalne ci\u015bnienie robocze","unit":"psi","value":"58"},{"property":"Ci\u015bnienie rozrywaj\u0105ce","unit":"bar","value":"16"},{"property":"Wsp\u00f3\u0142czynnik bezpiecze\u0144stwa","unit":"-","value":"4:1"},{"property":"Standardowe d\u0142ugo\u015bci odcink\u00f3w","unit":"m","value":"20"},{"property":"Waga jednostkowa","unit":"kg\/m","value":"0,28"},{"property":"Rodzaj wzmocnienia","unit":"-","value":"kord"}]},{"variation_id":7414,"sku":"WPPA04ZW016OT629","variation_title":"W\u0105\u017c do pary wodnej 140\u00b0C DN16 (5\/8\")","properties":[{"property":"\u015arednica nominalna wewn\u0119trzna","unit":"mm","value":"16,0"},{"property":"\u015arednica nominalna wewn\u0119trzna","unit":"ukryte","value":"\u00b10,75"},{"property":"\u015arednica nominalna wewn\u0119trzna","unit":"cal","value":"5\/8"},{"property":"\u015arednica zewn\u0119trzna [mm]","unit":"mm","value":"25,0"},{"property":"Maksymalne ci\u015bnienie robocze","unit":"bar","value":"4"},{"property":"Maksymalne ci\u015bnienie robocze","unit":"MPa","value":"0,4"},{"property":"Maksymalne ci\u015bnienie robocze","unit":"psi","value":"58"},{"property":"Ci\u015bnienie rozrywaj\u0105ce","unit":"bar","value":"16"},{"property":"Wsp\u00f3\u0142czynnik bezpiecze\u0144stwa","unit":"-","value":"4:1"},{"property":"Standardowe d\u0142ugo\u015bci odcink\u00f3w","unit":"m","value":"20"},{"property":"Waga jednostkowa","unit":"kg\/m","value":"0,35"},{"property":"Rodzaj wzmocnienia","unit":"-","value":"kord"}]},{"variation_id":7416,"sku":"","variation_title":"W\u0105\u017c do pary wodnej 140\u00b0C DN18 (23\/32\")","properties":[{"property":"\u015arednica nominalna wewn\u0119trzna","unit":"mm","value":"18,0"},{"property":"\u015arednica nominalna wewn\u0119trzna","unit":"ukryte","value":"\u00b10,75"},{"property":"\u015arednica nominalna wewn\u0119trzna","unit":"cal","value":"23\/32"},{"property":"\u015arednica zewn\u0119trzna [mm]","unit":"mm","value":"27,0"},{"property":"Maksymalne ci\u015bnienie robocze","unit":"bar","value":"4"},{"property":"Maksymalne ci\u015bnienie robocze","unit":"MPa","value":"0,4"},{"property":"Maksymalne ci\u015bnienie robocze","unit":"psi","value":"58"},{"property":"Ci\u015bnienie rozrywaj\u0105ce","unit":"bar","value":"16"},{"property":"Wsp\u00f3\u0142czynnik bezpiecze\u0144stwa","unit":"-","value":"4:1"},{"property":"Standardowe d\u0142ugo\u015bci odcink\u00f3w","unit":"m","value":"20"},{"property":"Waga jednostkowa","unit":"kg\/m","value":"0,38"},{"property":"Rodzaj wzmocnienia","unit":"-","value":"kord"}]},{"variation_id":7418,"sku":"WPPA04ZW020OT629","variation_title":"W\u0105\u017c do pary wodnej 140\u00b0C DN20 (25\/32\")","properties":[{"property":"\u015arednica nominalna wewn\u0119trzna","unit":"mm","value":"20,0"},{"property":"\u015arednica nominalna wewn\u0119trzna","unit":"ukryte","value":"\u00b10,75"},{"property":"\u015arednica nominalna wewn\u0119trzna","unit":"cal","value":"25\/32"},{"property":"\u015arednica zewn\u0119trzna [mm]","unit":"mm","value":"29,0"},{"property":"Maksymalne ci\u015bnienie robocze","unit":"bar","value":"4"},{"property":"Maksymalne ci\u015bnienie robocze","unit":"MPa","value":"0,4"},{"property":"Maksymalne ci\u015bnienie robocze","unit":"psi","value":"58"},{"property":"Ci\u015bnienie rozrywaj\u0105ce","unit":"bar","value":"16"},{"property":"Wsp\u00f3\u0142czynnik bezpiecze\u0144stwa","unit":"-","value":"4:1"},{"property":"Standardowe d\u0142ugo\u015bci odcink\u00f3w","unit":"m","value":"20"},{"property":"Waga jednostkowa","unit":"kg\/m","value":"0,42"},{"property":"Rodzaj wzmocnienia","unit":"-","value":"kord"}]},{"variation_id":7420,"sku":"WPPA04ZW025WT629","variation_title":"W\u0105\u017c do pary wodnej 140\u00b0C DN25 (1\")","properties":[{"property":"\u015arednica nominalna wewn\u0119trzna","unit":"mm","value":"25,0"},{"property":"\u015arednica nominalna wewn\u0119trzna","unit":"ukryte","value":"\u00b10,75"},{"property":"\u015arednica nominalna wewn\u0119trzna","unit":"cal","value":"1"},{"property":"\u015arednica zewn\u0119trzna [mm]","unit":"mm","value":"36,0"},{"property":"Maksymalne ci\u015bnienie robocze","unit":"bar","value":"4"},{"property":"Maksymalne ci\u015bnienie robocze","unit":"MPa","value":"0,4"},{"property":"Maksymalne ci\u015bnienie robocze","unit":"psi","value":"58"},{"property":"Ci\u015bnienie rozrywaj\u0105ce","unit":"bar","value":"16"},{"property":"Wsp\u00f3\u0142czynnik bezpiecze\u0144stwa","unit":"-","value":"4:1"},{"property":"Standardowe d\u0142ugo\u015bci odcink\u00f3w","unit":"m","value":"20"},{"property":"Waga jednostkowa","unit":"kg\/m","value":"0,71"},{"property":"Rodzaj wzmocnienia","unit":"-","value":"kord"}]},{"variation_id":7422,"sku":"WPPA04ZW031WT629","variation_title":"W\u0105\u017c do pary wodnej 140\u00b0C DN31,5 (1.15\/64\")","properties":[{"property":"\u015arednica nominalna wewn\u0119trzna","unit":"mm","value":"31,5"},{"property":"\u015arednica nominalna wewn\u0119trzna","unit":"ukryte","value":"\u00b10,75"},{"property":"\u015arednica nominalna wewn\u0119trzna","unit":"cal","value":"1 15\/64"},{"property":"\u015arednica zewn\u0119trzna [mm]","unit":"mm","value":"42,0"},{"property":"Maksymalne ci\u015bnienie robocze","unit":"bar","value":"4"},{"property":"Maksymalne ci\u015bnienie robocze","unit":"MPa","value":"0,4"},{"property":"Maksymalne ci\u015bnienie robocze","unit":"psi","value":"58"},{"property":"Ci\u015bnienie rozrywaj\u0105ce","unit":"bar","value":"16"},{"property":"Wsp\u00f3\u0142czynnik bezpiecze\u0144stwa","unit":"-","value":"4:1"},{"property":"Standardowe d\u0142ugo\u015bci odcink\u00f3w","unit":"m","value":"20"},{"property":"Waga jednostkowa","unit":"kg\/m","value":"0,86"},{"property":"Rodzaj wzmocnienia","unit":"-","value":"kord"}]},{"variation_id":7424,"sku":"WPPA04ZW038WT629","variation_title":"W\u0105\u017c do pary wodnej 140\u00b0C DN38 (1.1\/2\")","properties":[{"property":"\u015arednica nominalna wewn\u0119trzna","unit":"mm","value":"38,0"},{"property":"\u015arednica nominalna wewn\u0119trzna","unit":"ukryte","value":"\u00b11,50"},{"property":"\u015arednica nominalna wewn\u0119trzna","unit":"cal","value":"1 1\/2"},{"property":"\u015arednica zewn\u0119trzna [mm]","unit":"mm","value":"49,0"},{"property":"Maksymalne ci\u015bnienie robocze","unit":"bar","value":"4"},{"property":"Maksymalne ci\u015bnienie robocze","unit":"MPa","value":"0,4"},{"property":"Maksymalne ci\u015bnienie robocze","unit":"psi","value":"58"},{"property":"Ci\u015bnienie rozrywaj\u0105ce","unit":"bar","value":"16"},{"property":"Wsp\u00f3\u0142czynnik bezpiecze\u0144stwa","unit":"-","value":"4:1"},{"property":"Standardowe d\u0142ugo\u015bci odcink\u00f3w","unit":"m","value":"20"},{"property":"Waga jednostkowa","unit":"kg\/m","value":"1,01"},{"property":"Rodzaj wzmocnienia","unit":"-","value":"kord"}]},{"variation_id":7426,"sku":"WPPA04ZW040WT629","variation_title":"W\u0105\u017c do pary wodnej 140\u00b0C DN40 (1.9\/16\")","properties":[{"property":"\u015arednica nominalna wewn\u0119trzna","unit":"mm","value":"40,0"},{"property":"\u015arednica nominalna wewn\u0119trzna","unit":"ukryte","value":"\u00b11,50"},{"property":"\u015arednica nominalna wewn\u0119trzna","unit":"cal","value":"1 9\/16"},{"property":"\u015arednica zewn\u0119trzna [mm]","unit":"mm","value":"51,0"},{"property":"Maksymalne ci\u015bnienie robocze","unit":"bar","value":"4"},{"property":"Maksymalne ci\u015bnienie robocze","unit":"MPa","value":"0,4"},{"property":"Maksymalne ci\u015bnienie robocze","unit":"psi","value":"58"},{"property":"Ci\u015bnienie rozrywaj\u0105ce","unit":"bar","value":"16"},{"property":"Wsp\u00f3\u0142czynnik bezpiecze\u0144stwa","unit":"-","value":"4:1"},{"property":"Standardowe d\u0142ugo\u015bci odcink\u00f3w","unit":"m","value":"20"},{"property":"Waga jednostkowa","unit":"kg\/m","value":"1,05"},{"property":"Rodzaj wzmocnienia","unit":"-","value":"kord"}]},{"variation_id":7428,"sku":"","variation_title":"W\u0105\u017c do pary wodnej 140\u00b0C DN45 (1.3\/4\")","properties":[{"property":"\u015arednica nominalna wewn\u0119trzna","unit":"mm","value":"45,0"},{"property":"\u015arednica nominalna wewn\u0119trzna","unit":"ukryte","value":"\u00b11,50"},{"property":"\u015arednica nominalna wewn\u0119trzna","unit":"cal","value":"1 3\/4"},{"property":"\u015arednica zewn\u0119trzna [mm]","unit":"mm","value":"56,0"},{"property":"Maksymalne ci\u015bnienie robocze","unit":"bar","value":"4"},{"property":"Maksymalne ci\u015bnienie robocze","unit":"MPa","value":"0,4"},{"property":"Maksymalne ci\u015bnienie robocze","unit":"psi","value":"58"},{"property":"Ci\u015bnienie rozrywaj\u0105ce","unit":"bar","value":"16"},{"property":"Wsp\u00f3\u0142czynnik bezpiecze\u0144stwa","unit":"-","value":"4:1"},{"property":"Standardowe d\u0142ugo\u015bci odcink\u00f3w","unit":"m","value":"20"},{"property":"Waga jednostkowa","unit":"kg\/m","value":"1,08"},{"property":"Rodzaj wzmocnienia","unit":"-","value":"kord"}]},{"variation_id":7430,"sku":"WPPA04ZW050WT629","variation_title":"W\u0105\u017c do pary wodnej 140\u00b0C DN50 (2\")","properties":[{"property":"\u015arednica nominalna wewn\u0119trzna","unit":"mm","value":"50,0"},{"property":"\u015arednica nominalna wewn\u0119trzna","unit":"ukryte","value":"\u00b11,50"},{"property":"\u015arednica nominalna wewn\u0119trzna","unit":"cal","value":"2"},{"property":"\u015arednica zewn\u0119trzna [mm]","unit":"mm","value":"61,0"},{"property":"Maksymalne ci\u015bnienie robocze","unit":"bar","value":"4"},{"property":"Maksymalne ci\u015bnienie robocze","unit":"MPa","value":"0,4"},{"property":"Maksymalne ci\u015bnienie robocze","unit":"psi","value":"58"},{"property":"Ci\u015bnienie rozrywaj\u0105ce","unit":"bar","value":"16"},{"property":"Wsp\u00f3\u0142czynnik bezpiecze\u0144stwa","unit":"-","value":"4:1"},{"property":"Standardowe d\u0142ugo\u015bci odcink\u00f3w","unit":"m","value":"20"},{"property":"Waga jednostkowa","unit":"kg\/m","value":"1,28"},{"property":"Rodzaj wzmocnienia","unit":"-","value":"kord"}]},{"variation_id":7432,"sku":"WPPA04ZW063WT629","variation_title":"W\u0105\u017c do pary wodnej 140\u00b0C DN63 (2.1\/2\")","properties":[{"property":"\u015arednica nominalna wewn\u0119trzna","unit":"mm","value":"63,0"},{"property":"\u015arednica nominalna wewn\u0119trzna","unit":"ukryte","value":"\u00b11,50"},{"property":"\u015arednica nominalna wewn\u0119trzna","unit":"cal","value":"2 1\/2"},{"property":"\u015arednica zewn\u0119trzna [mm]","unit":"mm","value":"75,0"},{"property":"Maksymalne ci\u015bnienie robocze","unit":"bar","value":"4"},{"property":"Maksymalne ci\u015bnienie robocze","unit":"MPa","value":"o,4"},{"property":"Maksymalne ci\u015bnienie robocze","unit":"psi","value":"58"},{"property":"Ci\u015bnienie rozrywaj\u0105ce","unit":"bar","value":"16"},{"property":"Wsp\u00f3\u0142czynnik bezpiecze\u0144stwa","unit":"-","value":"4:1"},{"property":"Standardowe d\u0142ugo\u015bci odcink\u00f3w","unit":"m","value":"20"},{"property":"Waga jednostkowa","unit":"kg\/m","value":"1,77"},{"property":"Rodzaj wzmocnienia","unit":"-","value":"kord"}]},{"variation_id":7434,"sku":"","variation_title":"W\u0105\u017c do pary wodnej 140\u00b0C DN75 (3\")","properties":[{"property":"\u015arednica nominalna wewn\u0119trzna","unit":"mm","value":"75,0"},{"property":"\u015arednica nominalna wewn\u0119trzna","unit":"ukryte","value":"\u00b11,50"},{"property":"\u015arednica nominalna wewn\u0119trzna","unit":"cal","value":"3"},{"property":"\u015arednica zewn\u0119trzna [mm]","unit":"mm","value":"87,0"},{"property":"Maksymalne ci\u015bnienie robocze","unit":"bar","value":"4"},{"property":"Maksymalne ci\u015bnienie robocze","unit":"MPa","value":"0,4"},{"property":"Maksymalne ci\u015bnienie robocze","unit":"psi","value":"58"},{"property":"Ci\u015bnienie rozrywaj\u0105ce","unit":"bar","value":"16"},{"property":"Wsp\u00f3\u0142czynnik bezpiecze\u0144stwa","unit":"-","value":"4:1"},{"property":"Standardowe d\u0142ugo\u015bci odcink\u00f3w","unit":"m","value":"20"},{"property":"Waga jednostkowa","unit":"kg\/m","value":"2,00"},{"property":"Rodzaj wzmocnienia","unit":"-","value":"kord"}]},{"variation_id":7436,"sku":"WPPA04ZW080WT629","variation_title":"W\u0105\u017c do pary wodnej 140\u00b0C DN80 (3.5\/32\")","properties":[{"property":"\u015arednica nominalna wewn\u0119trzna","unit":"mm","value":"80,0"},{"property":"\u015arednica nominalna wewn\u0119trzna","unit":"ukryte","value":"\u00b12,00"},{"property":"\u015arednica nominalna wewn\u0119trzna","unit":"cal","value":"3 5\/32"},{"property":"\u015arednica zewn\u0119trzna [mm]","unit":"mm","value":"93,0"},{"property":"Maksymalne ci\u015bnienie robocze","unit":"bar","value":"4"},{"property":"Maksymalne ci\u015bnienie robocze","unit":"MPa","value":"0,4"},{"property":"Maksymalne ci\u015bnienie robocze","unit":"psi","value":"58"},{"property":"Ci\u015bnienie rozrywaj\u0105ce","unit":"bar","value":"16"},{"property":"Wsp\u00f3\u0142czynnik bezpiecze\u0144stwa","unit":"-","value":"4:1"},{"property":"Standardowe d\u0142ugo\u015bci odcink\u00f3w","unit":"m","value":"20"},{"property":"Waga jednostkowa","unit":"kg\/m","value":"2,29"},{"property":"Rodzaj wzmocnienia","unit":"-","value":"kord"}]}],"_links":{"self":[{"href":"https:\/\/new.stomil-bydgoszcz.pl\/en\/wp-json\/wp\/v2\/product\/7410","targetHints":{"allow":["GET"]}}],"collection":[{"href":"https:\/\/new.stomil-bydgoszcz.pl\/en\/wp-json\/wp\/v2\/product"}],"about":[{"href":"https:\/\/new.stomil-bydgoszcz.pl\/en\/wp-json\/wp\/v2\/types\/product"}],"replies":[{"embeddable":true,"href":"https:\/\/new.stomil-bydgoszcz.pl\/en\/wp-json\/wp\/v2\/comments?post=7410"}],"wp:featuredmedia":[{"embeddable":true,"href":"https:\/\/new.stomil-bydgoszcz.pl\/en\/wp-json\/wp\/v2\/media\/7408"}],"wp:attachment":[{"href":"https:\/\/new.stomil-bydgoszcz.pl\/en\/wp-json\/wp\/v2\/media?parent=7410"}],"wp:term":[{"taxonomy":"product_brand","embeddable":true,"href":"https:\/\/new.stomil-bydgoszcz.pl\/en\/wp-json\/wp\/v2\/product_brand?post=7410"},{"taxonomy":"product_cat","embeddable":true,"href":"https:\/\/new.stomil-bydgoszcz.pl\/en\/wp-json\/wp\/v2\/product_cat?post=7410"},{"taxonomy":"product_tag","embeddable":true,"href":"https:\/\/new.stomil-bydgoszcz.pl\/en\/wp-json\/wp\/v2\/product_tag?post=7410"}],"curies":[{"name":"wp","href":"https:\/\/api.w.org\/{rel}","templated":true}]}}