{"id":7439,"date":"2026-03-17T21:39:59","date_gmt":"2026-03-17T21:39:59","guid":{"rendered":"https:\/\/new.stomil-bydgoszcz.pl\/produkt\/waz-do-swobodnego-przeplywu-powietrza\/"},"modified":"2026-03-17T21:40:00","modified_gmt":"2026-03-17T21:40:00","slug":"free-flow-vase","status":"publish","type":"product","link":"https:\/\/new.stomil-bydgoszcz.pl\/en\/produkt\/waz-do-swobodnego-przeplywu-powietrza\/","title":{"rendered":"rubber hoses for free air flow"},"content":{"rendered":"<p><strong>APPLICATION<br \/>\n<\/strong>Air Hoses for general use without pressure requirements in industry and Agriculture resistant to weather and ozone. Eagerly used as cable covers and lining of rollers or sharp edges of steel parts in machinery and equipment.<\/p>\n<p><strong>Working Temperature<br \/>\n<\/strong>From -25\u00b0C to +80\u00b0C<br \/>\nShort-term up to +100\u00b0C<\/p>\n<p><strong>CONSTRUCTION<br \/>\n<\/strong>Black colored rubber made of SBR synthetic rubber without reinforcement.<\/p>","protected":false},"excerpt":{"rendered":"<p><strong>Working Temperature: <\/strong>From -25\u00b0C to +80\u00b0C; short-term up to +100\u00b0C<\/p>","protected":false},"featured_media":7437,"comment_status":"closed","ping_status":"closed","template":"","meta":[],"product_brand":[],"product_cat":[88,155,180,77,178,179,140],"product_tag":[],"class_list":{"0":"post-7439","1":"product","2":"type-product","3":"status-publish","4":"has-post-thumbnail","6":"product_cat-branze","7":"product_cat-budowa-maszyn-i-urzadzen","8":"product_cat-do-swobodnego-przeplywu-powietrza","9":"product_cat-grupy-produktow","10":"product_cat-rolnictwo","11":"product_cat-przewody-pneumatyczne-do-powietrza","12":"product_cat-weze-przemyslowe","14":"first","15":"instock","16":"taxable","17":"shipping-taxable","18":"purchasable","19":"product-type-variable"},"stomil_properties":[{"variation_id":7441,"sku":"WN_PA_063X33_8002","variation_title":"W\u0105\u017c gumowy do swobodnego przep\u0142ywu powietrza DN6 (1\/4\")","properties":[{"property":"\u015arednica nominalna wewn\u0119trzna","unit":"mm","value":"6,3"},{"property":"\u015arednica nominalna wewn\u0119trzna","unit":"ukryte","value":"\u00b10,75"},{"property":"\u015arednica nominalna wewn\u0119trzna","unit":"cal","value":"1\/4"},{"property":"\u015arednica zewn\u0119trzna [mm]","unit":"mm","value":"13,0"},{"property":"\u015arednica zewn\u0119trzna [mm]","unit":"ukryte","value":"\u00b11,50"},{"property":"Standardowe d\u0142ugo\u015bci odcink\u00f3w","unit":"m","value":"od 5 do 30"},{"property":"Waga jednostkowa","unit":"kg\/m","value":"0,118"}]},{"variation_id":7443,"sku":"","variation_title":"W\u0105\u017c gumowy do swobodnego przep\u0142ywu powietrza DN7 (9\/32\")","properties":[{"property":"\u015arednica nominalna wewn\u0119trzna","unit":"mm","value":"7,0"},{"property":"\u015arednica nominalna wewn\u0119trzna","unit":"ukryte","value":"\u00b10,75"},{"property":"\u015arednica nominalna wewn\u0119trzna","unit":"cal","value":"9\/32"},{"property":"\u015arednica zewn\u0119trzna [mm]","unit":"mm","value":"14,0"},{"property":"\u015arednica zewn\u0119trzna [mm]","unit":"ukryte","value":"\u00b11,50"},{"property":"Standardowe d\u0142ugo\u015bci odcink\u00f3w","unit":"m","value":"od 5 do 30"},{"property":"Waga jednostkowa","unit":"kg\/m","value":"0,158"}]},{"variation_id":7445,"sku":"","variation_title":"W\u0105\u017c gumowy do swobodnego przep\u0142ywu powietrza DN10 (3\/8\")","properties":[{"property":"\u015arednica nominalna wewn\u0119trzna","unit":"mm","value":"10,0"},{"property":"\u015arednica nominalna wewn\u0119trzna","unit":"ukryte","value":"\u00b10,75"},{"property":"\u015arednica nominalna wewn\u0119trzna","unit":"cal","value":"3\/8 "},{"property":"\u015arednica zewn\u0119trzna [mm]","unit":"mm","value":"20,0"},{"property":"\u015arednica zewn\u0119trzna [mm]","unit":"ukryte","value":"\u00b11,50"},{"property":"Standardowe d\u0142ugo\u015bci odcink\u00f3w","unit":"m","value":"od 5 do 30"},{"property":"Waga jednostkowa","unit":"kg\/m","value":"0,294"}]},{"variation_id":7447,"sku":"WN_PA_120X50_8002","variation_title":"W\u0105\u017c gumowy do swobodnego przep\u0142ywu powietrza DN12 (1\/2\")","properties":[{"property":"\u015arednica nominalna wewn\u0119trzna","unit":"mm","value":"12,0"},{"property":"\u015arednica nominalna wewn\u0119trzna","unit":"ukryte","value":"\u00b10,75"},{"property":"\u015arednica nominalna wewn\u0119trzna","unit":"cal","value":"1\/2 "},{"property":"\u015arednica zewn\u0119trzna [mm]","unit":"mm","value":"22,0"},{"property":"\u015arednica zewn\u0119trzna [mm]","unit":"ukryte","value":"\u00b11,50"},{"property":"Standardowe d\u0142ugo\u015bci odcink\u00f3w","unit":"m","value":"od 5 do 30"},{"property":"Waga jednostkowa","unit":"kg\/m","value":"0,316"}]},{"variation_id":7449,"sku":"WN_PA_125x58_8002","variation_title":"W\u0105\u017c gumowy do swobodnego przep\u0142ywu powietrza DN12,5 (31\/64\")","properties":[{"property":"\u015arednica nominalna wewn\u0119trzna","unit":"mm","value":"12,5"},{"property":"\u015arednica nominalna wewn\u0119trzna","unit":"ukryte","value":"\u00b10,75"},{"property":"\u015arednica nominalna wewn\u0119trzna","unit":"cal","value":"31\/64"},{"property":"\u015arednica zewn\u0119trzna [mm]","unit":"mm","value":"22,0"},{"property":"\u015arednica zewn\u0119trzna [mm]","unit":"ukryte","value":"\u00b11,50"},{"property":"Standardowe d\u0142ugo\u015bci odcink\u00f3w","unit":"m","value":"od 5 do 30"},{"property":"Waga jednostkowa","unit":"kg\/m","value":"0,425"}]}],"_links":{"self":[{"href":"https:\/\/new.stomil-bydgoszcz.pl\/en\/wp-json\/wp\/v2\/product\/7439","targetHints":{"allow":["GET"]}}],"collection":[{"href":"https:\/\/new.stomil-bydgoszcz.pl\/en\/wp-json\/wp\/v2\/product"}],"about":[{"href":"https:\/\/new.stomil-bydgoszcz.pl\/en\/wp-json\/wp\/v2\/types\/product"}],"replies":[{"embeddable":true,"href":"https:\/\/new.stomil-bydgoszcz.pl\/en\/wp-json\/wp\/v2\/comments?post=7439"}],"wp:featuredmedia":[{"embeddable":true,"href":"https:\/\/new.stomil-bydgoszcz.pl\/en\/wp-json\/wp\/v2\/media\/7437"}],"wp:attachment":[{"href":"https:\/\/new.stomil-bydgoszcz.pl\/en\/wp-json\/wp\/v2\/media?parent=7439"}],"wp:term":[{"taxonomy":"product_brand","embeddable":true,"href":"https:\/\/new.stomil-bydgoszcz.pl\/en\/wp-json\/wp\/v2\/product_brand?post=7439"},{"taxonomy":"product_cat","embeddable":true,"href":"https:\/\/new.stomil-bydgoszcz.pl\/en\/wp-json\/wp\/v2\/product_cat?post=7439"},{"taxonomy":"product_tag","embeddable":true,"href":"https:\/\/new.stomil-bydgoszcz.pl\/en\/wp-json\/wp\/v2\/product_tag?post=7439"}],"curies":[{"name":"wp","href":"https:\/\/api.w.org\/{rel}","templated":true}]}}