{"id":7452,"date":"2026-03-17T21:40:01","date_gmt":"2026-03-17T21:40:01","guid":{"rendered":"https:\/\/new.stomil-bydgoszcz.pl\/produkt\/waz-do-powietrza-i-wody-25-mpa\/"},"modified":"2026-03-17T21:40:21","modified_gmt":"2026-03-17T21:40:21","slug":"vase-for-air-and-water-25-mpa","status":"publish","type":"product","link":"https:\/\/new.stomil-bydgoszcz.pl\/en\/produkt\/waz-do-powietrza-i-wody-25-mpa\/","title":{"rendered":"Air &amp; Water Hoses 2.5 MPa"},"content":{"rendered":"<p><strong>CHARACTERISTICS<br \/>\n<\/strong>Working Pressure - 25 bar (2.5 MPa)<br \/>\nBursting Pressure - 100 bar (10 MPa)<br \/>\nClass A<br \/>\nCategories N-T<br \/>\nSafety ratio of 4:1<\/p>\n<p><strong>APPLICATION<br \/>\n<\/strong>A reliable hose commonly used to supply compressed air to pneumatic tools.  It is also designed for the transfer of water and light chemicals in industry and Agriculture. It features a high quadruple safety factor.<\/p>\n<p>It is resistant to abrasion, weathering and ozone.<\/p>\n<p>On request, we can protect Hoses with diameters reinforced with cord with an additional outer wire spiral, designed to protect against deformation and excessive abrasion of the outer layer of the hose.<\/p>\n<p><strong>Working Temperature<br \/>\n<\/strong>From -30\u00b0C to +80\u00b0C<br \/>\nShort-term up to +100\u00b0C<\/p>\n<p>Hoses are also available for continuous operation at temperatures from -40\u00b0C and up to +100\u00b0C.<\/p>\n<p><strong>CONSTRUCTION<br \/>\n<\/strong>Complies with EN ISO 2398 (TYPE 3).<\/p>\n<p><strong>Inner layer<br \/>\n<\/strong>Black colored rubber made of SBR synthetic rubber.<\/p>\n<p><strong>Reinforcement<br \/>\n<\/strong>Variable depending on the diameter - textile cord spacers or braided with high-strength synthetic threads.<\/p>\n<p><strong>Outer layer<br \/>\n<\/strong>Rubber made of black-colored SBR \/ EPDM synthetic rubber, resistant to abrasion and weathering and ozone.<br \/>\nAll diameters with fabric imprint.<\/p>\n<p><strong>SIGNING<br \/>\n<\/strong>Hoses are marked with light blue tape.<\/p>","protected":false},"excerpt":{"rendered":"<p><strong>Working Pressure:<\/strong> 25 bar (2.5 MPa) |. <strong>Bursting Pressure:<\/strong> 100 bar (10 MPa) |. <strong>Class:<\/strong> A | <strong>Categories:<\/strong> N-T |. <strong>Safety factor:<\/strong> 4:1 |&nbsp;<strong>Working Temperature: <\/strong>From -30\u00b0C to +80\u00b0C; short-term up to +100\u00b0C<\/p>","protected":false},"featured_media":7450,"comment_status":"closed","ping_status":"closed","template":"","meta":[],"product_brand":[],"product_cat":[88,155,92,241,77,156,176,179,140],"product_tag":[],"class_list":{"0":"post-7452","1":"product","2":"type-product","3":"status-publish","4":"has-post-thumbnail","6":"product_cat-branze","7":"product_cat-budowa-maszyn-i-urzadzen","8":"product_cat-budownictwo","9":"product_cat-do-powietrza-i-wody-25-mpa","10":"product_cat-grupy-produktow","11":"product_cat-weze-do-kompresora","12":"product_cat-weze-do-wody","13":"product_cat-przewody-pneumatyczne-do-powietrza","14":"product_cat-weze-przemyslowe","16":"first","17":"instock","18":"taxable","19":"shipping-taxable","20":"purchasable","21":"product-type-variable"},"stomil_properties":[{"variation_id":7454,"sku":"WPSP25ZW012PF012","variation_title":"do powietrza i wody 2,5 MPa DN12,5 (1\/2\")","properties":[{"property":"\u015arednica nominalna wewn\u0119trzna","unit":"mm","value":"12,5"},{"property":"\u015arednica nominalna wewn\u0119trzna","unit":"ukryte","value":"\u00b10,75"},{"property":"\u015arednica nominalna wewn\u0119trzna","unit":"cal","value":"1\/2"},{"property":"\u015arednica zewn\u0119trzna [mm]","unit":"mm","value":"21,0"},{"property":"Maksymalne ci\u015bnienie robocze","unit":"bar","value":"25"},{"property":"Maksymalne ci\u015bnienie robocze","unit":"MPa","value":"2,5"},{"property":"Maksymalne ci\u015bnienie robocze","unit":"psi","value":"362"},{"property":"Ci\u015bnienie rozrywaj\u0105ce","unit":"bar","value":"100"},{"property":"Wsp\u00f3\u0142czynnik bezpiecze\u0144stwa","unit":"-","value":"4:1"},{"property":"Standardowe d\u0142ugo\u015bci odcink\u00f3w","unit":"m","value":"20"},{"property":"Waga jednostkowa","unit":"kg\/m","value":"0,28"},{"property":"Rodzaj wzmocnienia","unit":"-","value":"kord"}]},{"variation_id":7456,"sku":"","variation_title":"do powietrza i wody 2,5 MPa DN14 (9\/16\")","properties":[{"property":"\u015arednica nominalna wewn\u0119trzna","unit":"mm","value":"14,0"},{"property":"\u015arednica nominalna wewn\u0119trzna","unit":"ukryte","value":"\u00b10,75"},{"property":"\u015arednica nominalna wewn\u0119trzna","unit":"cal","value":"9\/16"},{"property":"\u015arednica zewn\u0119trzna [mm]","unit":"mm","value":"25,0"},{"property":"Maksymalne ci\u015bnienie robocze","unit":"bar","value":"25"},{"property":"Maksymalne ci\u015bnienie robocze","unit":"MPa","value":"2,5"},{"property":"Maksymalne ci\u015bnienie robocze","unit":"psi","value":"362"},{"property":"Ci\u015bnienie rozrywaj\u0105ce","unit":"bar","value":"100"},{"property":"Wsp\u00f3\u0142czynnik bezpiecze\u0144stwa","unit":"-","value":"4:1"},{"property":"Standardowe d\u0142ugo\u015bci odcink\u00f3w","unit":"m","value":"20"},{"property":"Waga jednostkowa","unit":"kg\/m","value":"0,49"},{"property":"Rodzaj wzmocnienia","unit":"-","value":"kord"}]},{"variation_id":7458,"sku":"WPSP25ZW016OT627","variation_title":"do powietrza i wody 2,5 MPa DN16 (5\/8\")","properties":[{"property":"\u015arednica nominalna wewn\u0119trzna","unit":"mm","value":"16,0"},{"property":"\u015arednica nominalna wewn\u0119trzna","unit":"ukryte","value":"\u00b10,75"},{"property":"\u015arednica nominalna wewn\u0119trzna","unit":"cal","value":"5\/8"},{"property":"\u015arednica zewn\u0119trzna [mm]","unit":"mm","value":"27,0"},{"property":"Maksymalne ci\u015bnienie robocze","unit":"bar","value":"25"},{"property":"Maksymalne ci\u015bnienie robocze","unit":"MPa","value":"2,5"},{"property":"Maksymalne ci\u015bnienie robocze","unit":"psi","value":"362"},{"property":"Ci\u015bnienie rozrywaj\u0105ce","unit":"bar","value":"100"},{"property":"Wsp\u00f3\u0142czynnik bezpiecze\u0144stwa","unit":"-","value":"4:1"},{"property":"Standardowe d\u0142ugo\u015bci odcink\u00f3w","unit":"m","value":"20"},{"property":"Waga jednostkowa","unit":"kg\/m","value":"0,52"},{"property":"Rodzaj wzmocnienia","unit":"-","value":"kord"}]},{"variation_id":7460,"sku":"","variation_title":"do powietrza i wody 2,5 MPa DN19 (3\/4\")","properties":[{"property":"\u015arednica nominalna wewn\u0119trzna","unit":"mm","value":"19,0"},{"property":"\u015arednica nominalna wewn\u0119trzna","unit":"ukryte","value":"\u00b10,75"},{"property":"\u015arednica nominalna wewn\u0119trzna","unit":"cal","value":"3\/4"},{"property":"\u015arednica zewn\u0119trzna [mm]","unit":"mm","value":"27,0"},{"property":"Maksymalne ci\u015bnienie robocze","unit":"bar","value":"25"},{"property":"Maksymalne ci\u015bnienie robocze","unit":"MPa","value":"2,5"},{"property":"Maksymalne ci\u015bnienie robocze","unit":"psi","value":"362"},{"property":"Ci\u015bnienie rozrywaj\u0105ce","unit":"bar","value":"100"},{"property":"Wsp\u00f3\u0142czynnik bezpiecze\u0144stwa","unit":"-","value":"4:1"},{"property":"Standardowe d\u0142ugo\u015bci odcink\u00f3w","unit":"m","value":"20"},{"property":"Waga jednostkowa","unit":"kg\/m","value":"0,47"},{"property":"Rodzaj wzmocnienia","unit":"-","value":"kord"}]},{"variation_id":7462,"sku":"WPSP25ZW020OT627","variation_title":"do powietrza i wody 2,5 MPa DN20 (25\/32\")","properties":[{"property":"\u015arednica nominalna wewn\u0119trzna","unit":"mm","value":"20,0"},{"property":"\u015arednica nominalna wewn\u0119trzna","unit":"ukryte","value":"\u00b10,75"},{"property":"\u015arednica nominalna wewn\u0119trzna","unit":"cal","value":"25\/32"},{"property":"\u015arednica zewn\u0119trzna [mm]","unit":"mm","value":"31,0"},{"property":"Maksymalne ci\u015bnienie robocze","unit":"bar","value":"25"},{"property":"Maksymalne ci\u015bnienie robocze","unit":"MPa","value":"2,5"},{"property":"Maksymalne ci\u015bnienie robocze","unit":"psi","value":"362"},{"property":"Ci\u015bnienie rozrywaj\u0105ce","unit":"bar","value":"100"},{"property":"Wsp\u00f3\u0142czynnik bezpiecze\u0144stwa","unit":"-","value":"4:1"},{"property":"Standardowe d\u0142ugo\u015bci odcink\u00f3w","unit":"m","value":"20"},{"property":"Waga jednostkowa","unit":"kg\/m","value":"0,61"},{"property":"Rodzaj wzmocnienia","unit":"-","value":"kord"}]},{"variation_id":7464,"sku":"WPSP25ZW025OT627","variation_title":"do powietrza i wody 2,5 MPa DN25 (1\")","properties":[{"property":"\u015arednica nominalna wewn\u0119trzna","unit":"mm","value":"25,0"},{"property":"\u015arednica nominalna wewn\u0119trzna","unit":"ukryte","value":"\u00b11,25"},{"property":"\u015arednica nominalna wewn\u0119trzna","unit":"cal","value":"1"},{"property":"\u015arednica zewn\u0119trzna [mm]","unit":"mm","value":"37,0"},{"property":"Maksymalne ci\u015bnienie robocze","unit":"bar","value":"25"},{"property":"Maksymalne ci\u015bnienie robocze","unit":"MPa","value":"2,5"},{"property":"Maksymalne ci\u015bnienie robocze","unit":"psi","value":"362"},{"property":"Ci\u015bnienie rozrywaj\u0105ce","unit":"bar","value":"100"},{"property":"Wsp\u00f3\u0142czynnik bezpiecze\u0144stwa","unit":"-","value":"4:1"},{"property":"Standardowe d\u0142ugo\u015bci odcink\u00f3w","unit":"m","value":"20"},{"property":"Waga jednostkowa","unit":"kg\/m","value":"0,79"},{"property":"Rodzaj wzmocnienia","unit":"-","value":"kord"}]},{"variation_id":7466,"sku":"WPSP25ZW031WT627","variation_title":"do powietrza i wody 2,5 MPa DN31,5 (1.15\/64\")","properties":[{"property":"\u015arednica nominalna wewn\u0119trzna","unit":"mm","value":"31,5"},{"property":"\u015arednica nominalna wewn\u0119trzna","unit":"ukryte","value":"\u00b11,25"},{"property":"\u015arednica nominalna wewn\u0119trzna","unit":"cal","value":"1 15\/64"},{"property":"\u015arednica zewn\u0119trzna [mm]","unit":"mm","value":"46,0"},{"property":"Maksymalne ci\u015bnienie robocze","unit":"bar","value":"25"},{"property":"Maksymalne ci\u015bnienie robocze","unit":"MPa","value":"2,5"},{"property":"Maksymalne ci\u015bnienie robocze","unit":"psi","value":"362"},{"property":"Ci\u015bnienie rozrywaj\u0105ce","unit":"bar","value":"100"},{"property":"Wsp\u00f3\u0142czynnik bezpiecze\u0144stwa","unit":"-","value":"4:1"},{"property":"Standardowe d\u0142ugo\u015bci odcink\u00f3w","unit":"m","value":"20"},{"property":"Waga jednostkowa","unit":"kg\/m","value":"0,89"},{"property":"Rodzaj wzmocnienia","unit":"-","value":"kord"}]},{"variation_id":7468,"sku":"","variation_title":"do powietrza i wody 2,5 MPa DN40 (1.9\/16\")","properties":[{"property":"\u015arednica nominalna wewn\u0119trzna","unit":"mm","value":"40,0"},{"property":"\u015arednica nominalna wewn\u0119trzna","unit":"ukryte","value":"\u00b11,50"},{"property":"\u015arednica nominalna wewn\u0119trzna","unit":"cal","value":"1 9\/16"},{"property":"\u015arednica zewn\u0119trzna [mm]","unit":"mm","value":"57,0"},{"property":"Maksymalne ci\u015bnienie robocze","unit":"bar","value":"25"},{"property":"Maksymalne ci\u015bnienie robocze","unit":"MPa","value":"2,5"},{"property":"Maksymalne ci\u015bnienie robocze","unit":"psi","value":"362"},{"property":"Ci\u015bnienie rozrywaj\u0105ce","unit":"bar","value":"100"},{"property":"Wsp\u00f3\u0142czynnik bezpiecze\u0144stwa","unit":"-","value":"4:1"},{"property":"Standardowe d\u0142ugo\u015bci odcink\u00f3w","unit":"m","value":"20"},{"property":"Waga jednostkowa","unit":"kg\/m","value":"1,49"},{"property":"Rodzaj wzmocnienia","unit":"-","value":"kord"}]},{"variation_id":7470,"sku":"WPSP25ZW050WT627","variation_title":"do powietrza i wody 2,5 MPa DN50 (2\")","properties":[{"property":"\u015arednica nominalna wewn\u0119trzna","unit":"mm","value":"50,0"},{"property":"\u015arednica nominalna wewn\u0119trzna","unit":"ukryte","value":"\u00b11,50"},{"property":"\u015arednica nominalna wewn\u0119trzna","unit":"cal","value":"2"},{"property":"\u015arednica zewn\u0119trzna [mm]","unit":"mm","value":"67,0"},{"property":"Maksymalne ci\u015bnienie robocze","unit":"bar","value":"25"},{"property":"Maksymalne ci\u015bnienie robocze","unit":"MPa","value":"2,5"},{"property":"Maksymalne ci\u015bnienie robocze","unit":"psi","value":"362"},{"property":"Ci\u015bnienie rozrywaj\u0105ce","unit":"bar","value":"100"},{"property":"Wsp\u00f3\u0142czynnik bezpiecze\u0144stwa","unit":"-","value":"4:1"},{"property":"Standardowe d\u0142ugo\u015bci odcink\u00f3w","unit":"m","value":"20"},{"property":"Waga jednostkowa","unit":"kg\/m","value":"1,80"},{"property":"Rodzaj wzmocnienia","unit":"-","value":"kord"}]}],"_links":{"self":[{"href":"https:\/\/new.stomil-bydgoszcz.pl\/en\/wp-json\/wp\/v2\/product\/7452","targetHints":{"allow":["GET"]}}],"collection":[{"href":"https:\/\/new.stomil-bydgoszcz.pl\/en\/wp-json\/wp\/v2\/product"}],"about":[{"href":"https:\/\/new.stomil-bydgoszcz.pl\/en\/wp-json\/wp\/v2\/types\/product"}],"replies":[{"embeddable":true,"href":"https:\/\/new.stomil-bydgoszcz.pl\/en\/wp-json\/wp\/v2\/comments?post=7452"}],"wp:featuredmedia":[{"embeddable":true,"href":"https:\/\/new.stomil-bydgoszcz.pl\/en\/wp-json\/wp\/v2\/media\/7450"}],"wp:attachment":[{"href":"https:\/\/new.stomil-bydgoszcz.pl\/en\/wp-json\/wp\/v2\/media?parent=7452"}],"wp:term":[{"taxonomy":"product_brand","embeddable":true,"href":"https:\/\/new.stomil-bydgoszcz.pl\/en\/wp-json\/wp\/v2\/product_brand?post=7452"},{"taxonomy":"product_cat","embeddable":true,"href":"https:\/\/new.stomil-bydgoszcz.pl\/en\/wp-json\/wp\/v2\/product_cat?post=7452"},{"taxonomy":"product_tag","embeddable":true,"href":"https:\/\/new.stomil-bydgoszcz.pl\/en\/wp-json\/wp\/v2\/product_tag?post=7452"}],"curies":[{"name":"wp","href":"https:\/\/api.w.org\/{rel}","templated":true}]}}