{"id":7500,"date":"2026-03-17T21:40:07","date_gmt":"2026-03-17T21:40:07","guid":{"rendered":"https:\/\/new.stomil-bydgoszcz.pl\/produkt\/waz-do-powietrza-i-wody-10-mpa\/"},"modified":"2026-03-17T21:40:21","modified_gmt":"2026-03-17T21:40:21","slug":"vase-for-air-and-water-10-mpa","status":"publish","type":"product","link":"https:\/\/new.stomil-bydgoszcz.pl\/en\/produkt\/waz-do-powietrza-i-wody-10-mpa\/","title":{"rendered":"Air &amp; Water Hoses 1.0 MPa"},"content":{"rendered":"<p><strong>CHARACTERISTICS<br \/>\n<\/strong>Working Pressure - 10 bar (1.0 MPa)<br \/>\nBursting Pressure - 40 bar (4.0 MPa)<br \/>\nClass A<br \/>\nCategories N-T<br \/>\nSafety ratio of 4:1<\/p>\n<p><strong>APPLICATION<br \/>\n<\/strong>A reliable hose commonly used to supply compressed air to pneumatic tools.  It is also designed for the transfer of water and light chemicals in industry and Agriculture. It features a high quadruple safety factor.<\/p>\n<p>It is resistant to abrasion, weathering and ozone.<\/p>\n<p>On request, we can protect Hoses with diameters reinforced with cord with an additional outer wire spiral, designed to protect against deformation and excessive abrasion of the outer layer of the hose.<\/p>\n<p><strong>Working Temperature<br \/>\n<\/strong>From -30\u00b0C to +80\u00b0C<br \/>\nShort-term up to +100\u00b0C<\/p>\n<p>Hoses are also available for continuous operation at temperatures from -40\u00b0C and up to +100\u00b0C.<\/p>\n<p><strong>CONSTRUCTION<br \/>\n<\/strong>Complies with EN ISO 2398 (TYPE 1).<\/p>\n<p><strong>Inner layer<br \/>\n<\/strong>Black colored rubber made of SBR synthetic rubber.<\/p>\n<p><strong>Reinforcement<br \/>\n<\/strong>Variable depending on the diameter - textile cord spacers or braided with high-strength synthetic threads.<\/p>\n<p><strong>Outer layer<br \/>\n<\/strong>Rubber made of black-colored SBR \/ EPDM synthetic rubber, resistant to abrasion and weathering and ozone.<br \/>\nDiameters up to DN 12.5 smooth, larger with fabric imprint.<\/p>\n<p><strong>SIGNING<br \/>\n<\/strong>Diameters with a smooth surface are marked with white paint. Diameters with fabric imprint marked with light blue tape.<\/p>","protected":false},"excerpt":{"rendered":"<p><strong>Working Pressure:<\/strong> 10 bar (1.0 MPa) |. <strong>Bursting Pressure:<\/strong> 40 bar (4.0 MPa) |. <strong>Class:<\/strong> A | <strong>Categories:<\/strong> N-T |. <strong>Safety factor:<\/strong> 4:1 | <strong>Working Temperature: <\/strong>From -30\u00b0C to +80\u00b0C; short-term up to +100\u00b0C<\/p>","protected":false},"featured_media":7498,"comment_status":"closed","ping_status":"closed","template":"","meta":[],"product_brand":[],"product_cat":[88,155,92,243,77,156,176,179,140],"product_tag":[],"class_list":{"0":"post-7500","1":"product","2":"type-product","3":"status-publish","4":"has-post-thumbnail","6":"product_cat-branze","7":"product_cat-budowa-maszyn-i-urzadzen","8":"product_cat-budownictwo","9":"product_cat-do-powietrza-i-wody-10-mpa","10":"product_cat-grupy-produktow","11":"product_cat-weze-do-kompresora","12":"product_cat-weze-do-wody","13":"product_cat-przewody-pneumatyczne-do-powietrza","14":"product_cat-weze-przemyslowe","16":"first","17":"instock","18":"taxable","19":"shipping-taxable","20":"purchasable","21":"product-type-variable"},"stomil_properties":[{"variation_id":7502,"sku":"WPSP10ZW006NF605","variation_title":"W\u0105\u017c do powietrza i wody 1,0 MPa DN6,3 (1\/4\")","properties":[{"property":"\u015arednica nominalna wewn\u0119trzna","unit":"mm","value":"6,3"},{"property":"\u015arednica nominalna wewn\u0119trzna","unit":"ukryte","value":"\u00b10,75"},{"property":"\u015arednica nominalna wewn\u0119trzna","unit":"cal","value":"1\/4"},{"property":"\u015arednica zewn\u0119trzna [mm]","unit":"mm","value":"13,0"},{"property":"Maksymalne ci\u015bnienie robocze","unit":"bar","value":"10"},{"property":"Maksymalne ci\u015bnienie robocze","unit":"MPa","value":"1,0"},{"property":"Maksymalne ci\u015bnienie robocze","unit":"psi","value":"145"},{"property":"Ci\u015bnienie rozrywaj\u0105ce","unit":"bar","value":"40"},{"property":"Wsp\u00f3\u0142czynnik bezpiecze\u0144stwa","unit":"-","value":"4:1"},{"property":"Standardowe d\u0142ugo\u015bci odcink\u00f3w","unit":"m","value":"50"},{"property":"Waga jednostkowa","unit":"kg\/m","value":"0,13"},{"property":"Rodzaj wzmocnienia","unit":"-","value":"nici"}]},{"variation_id":7504,"sku":"WPSP10ZW008NF605","variation_title":"W\u0105\u017c do powietrza i wody 1,0 MPa DN8 (5\/16\")","properties":[{"property":"\u015arednica nominalna wewn\u0119trzna","unit":"mm","value":"8,0"},{"property":"\u015arednica nominalna wewn\u0119trzna","unit":"ukryte","value":"\u00b10,75"},{"property":"\u015arednica nominalna wewn\u0119trzna","unit":"cal","value":"5\/16"},{"property":"\u015arednica zewn\u0119trzna [mm]","unit":"mm","value":"15,0"},{"property":"Maksymalne ci\u015bnienie robocze","unit":"bar","value":"10"},{"property":"Maksymalne ci\u015bnienie robocze","unit":"MPa","value":"1,0"},{"property":"Maksymalne ci\u015bnienie robocze","unit":"psi","value":"145"},{"property":"Ci\u015bnienie rozrywaj\u0105ce","unit":"bar","value":"40"},{"property":"Wsp\u00f3\u0142czynnik bezpiecze\u0144stwa","unit":"-","value":"4:1"},{"property":"Standardowe d\u0142ugo\u015bci odcink\u00f3w","unit":"m","value":"50"},{"property":"Waga jednostkowa","unit":"kg\/m","value":"0,18"},{"property":"Rodzaj wzmocnienia","unit":"-","value":"nici"}]},{"variation_id":7506,"sku":"WPSP10ZW010NF605","variation_title":"W\u0105\u017c do powietrza i wody 1,0 MPa DN10 (3\/8\")","properties":[{"property":"\u015arednica nominalna wewn\u0119trzna","unit":"mm","value":"10,0"},{"property":"\u015arednica nominalna wewn\u0119trzna","unit":"ukryte","value":"\u00b10,75"},{"property":"\u015arednica nominalna wewn\u0119trzna","unit":"cal","value":"3\/8"},{"property":"\u015arednica zewn\u0119trzna [mm]","unit":"mm","value":"17,0"},{"property":"Maksymalne ci\u015bnienie robocze","unit":"bar","value":"10"},{"property":"Maksymalne ci\u015bnienie robocze","unit":"MPa","value":"1,0"},{"property":"Maksymalne ci\u015bnienie robocze","unit":"psi","value":"145"},{"property":"Ci\u015bnienie rozrywaj\u0105ce","unit":"bar","value":"40"},{"property":"Wsp\u00f3\u0142czynnik bezpiecze\u0144stwa","unit":"-","value":"4:1"},{"property":"Standardowe d\u0142ugo\u015bci odcink\u00f3w","unit":"m","value":"50"},{"property":"Waga jednostkowa","unit":"kg\/m","value":"0,21"},{"property":"Rodzaj wzmocnienia","unit":"-","value":"nici"}]},{"variation_id":7508,"sku":"WPSP10ZW012NF605","variation_title":"W\u0105\u017c do powietrza i wody 1,0 MPa DN12,5 (1\/2\")","properties":[{"property":"\u015arednica nominalna wewn\u0119trzna","unit":"mm","value":"12,5"},{"property":"\u015arednica nominalna wewn\u0119trzna","unit":"ukryte","value":"\u00b10,75"},{"property":"\u015arednica nominalna wewn\u0119trzna","unit":"cal","value":"1\/2"},{"property":"\u015arednica zewn\u0119trzna [mm]","unit":"mm","value":"21,0"},{"property":"Maksymalne ci\u015bnienie robocze","unit":"bar","value":"10"},{"property":"Maksymalne ci\u015bnienie robocze","unit":"MPa","value":"1,0"},{"property":"Maksymalne ci\u015bnienie robocze","unit":"psi","value":"145"},{"property":"Ci\u015bnienie rozrywaj\u0105ce","unit":"bar","value":"40"},{"property":"Wsp\u00f3\u0142czynnik bezpiecze\u0144stwa","unit":"-","value":"4:1"},{"property":"Standardowe d\u0142ugo\u015bci odcink\u00f3w","unit":"m","value":"50 lub 20"},{"property":"Waga jednostkowa","unit":"kg\/m","value":"0,25\/0,27"},{"property":"Rodzaj wzmocnienia","unit":"-","value":"nici lub kord"}]},{"variation_id":7510,"sku":"WPSP10ZW014OT623","variation_title":"W\u0105\u017c do powietrza i wody 1,0 MPa DN14 (9\/16\")","properties":[{"property":"\u015arednica nominalna wewn\u0119trzna","unit":"mm","value":"14,0"},{"property":"\u015arednica nominalna wewn\u0119trzna","unit":"ukryte","value":"\u00b10,75"},{"property":"\u015arednica nominalna wewn\u0119trzna","unit":"cal","value":"9\/16"},{"property":"\u015arednica zewn\u0119trzna [mm]","unit":"mm","value":"22,0"},{"property":"Maksymalne ci\u015bnienie robocze","unit":"bar","value":"10"},{"property":"Maksymalne ci\u015bnienie robocze","unit":"MPa","value":"1,0"},{"property":"Maksymalne ci\u015bnienie robocze","unit":"psi","value":"145"},{"property":"Ci\u015bnienie rozrywaj\u0105ce","unit":"bar","value":"40"},{"property":"Wsp\u00f3\u0142czynnik bezpiecze\u0144stwa","unit":"-","value":"4:1"},{"property":"Standardowe d\u0142ugo\u015bci odcink\u00f3w","unit":"m","value":"20"},{"property":"Waga jednostkowa","unit":"kg\/m","value":"0,30"},{"property":"Rodzaj wzmocnienia","unit":"-","value":"kord"}]},{"variation_id":7512,"sku":"WPSP10ZW016OT623","variation_title":"W\u0105\u017c do powietrza i wody 1,0 MPa DN16 (5\/8\")","properties":[{"property":"\u015arednica nominalna wewn\u0119trzna","unit":"mm","value":"16,0"},{"property":"\u015arednica nominalna wewn\u0119trzna","unit":"ukryte","value":"\u00b10,75"},{"property":"\u015arednica nominalna wewn\u0119trzna","unit":"cal","value":"5\/8"},{"property":"\u015arednica zewn\u0119trzna [mm]","unit":"mm","value":"24,0"},{"property":"Maksymalne ci\u015bnienie robocze","unit":"bar","value":"10"},{"property":"Maksymalne ci\u015bnienie robocze","unit":"MPa","value":"1,0"},{"property":"Maksymalne ci\u015bnienie robocze","unit":"psi","value":"145"},{"property":"Ci\u015bnienie rozrywaj\u0105ce","unit":"bar","value":"40"},{"property":"Wsp\u00f3\u0142czynnik bezpiecze\u0144stwa","unit":"-","value":"4:1"},{"property":"Standardowe d\u0142ugo\u015bci odcink\u00f3w","unit":"m","value":"20"},{"property":"Waga jednostkowa","unit":"kg\/m","value":"0,31"},{"property":"Rodzaj wzmocnienia","unit":"-","value":"kord"}]},{"variation_id":7514,"sku":"","variation_title":"W\u0105\u017c do powietrza i wody 1,0 MPa DN18 (23\/32\")","properties":[{"property":"\u015arednica nominalna wewn\u0119trzna","unit":"mm","value":"18,0"},{"property":"\u015arednica nominalna wewn\u0119trzna","unit":"ukryte","value":"\u00b10,75"},{"property":"\u015arednica nominalna wewn\u0119trzna","unit":"cal","value":"23\/32"},{"property":"\u015arednica zewn\u0119trzna [mm]","unit":"mm","value":"26,0"},{"property":"Maksymalne ci\u015bnienie robocze","unit":"bar","value":"10"},{"property":"Maksymalne ci\u015bnienie robocze","unit":"MPa","value":"1,0"},{"property":"Maksymalne ci\u015bnienie robocze","unit":"psi","value":"145"},{"property":"Ci\u015bnienie rozrywaj\u0105ce","unit":"bar","value":"40"},{"property":"Wsp\u00f3\u0142czynnik bezpiecze\u0144stwa","unit":"-","value":"4:1"},{"property":"Standardowe d\u0142ugo\u015bci odcink\u00f3w","unit":"m","value":"20"},{"property":"Waga jednostkowa","unit":"kg\/m","value":"0,34"},{"property":"Rodzaj wzmocnienia","unit":"-","value":"kord"}]},{"variation_id":7516,"sku":"WPSP10ZW020OT623","variation_title":"W\u0105\u017c do powietrza i wody 1,0 MPa DN20 (25\/32\")","properties":[{"property":"\u015arednica nominalna wewn\u0119trzna","unit":"mm","value":"20,0"},{"property":"\u015arednica nominalna wewn\u0119trzna","unit":"ukryte","value":"\u00b10,75"},{"property":"\u015arednica nominalna wewn\u0119trzna","unit":"cal","value":"25\/32"},{"property":"\u015arednica zewn\u0119trzna [mm]","unit":"mm","value":"28,0"},{"property":"Maksymalne ci\u015bnienie robocze","unit":"bar","value":"10"},{"property":"Maksymalne ci\u015bnienie robocze","unit":"MPa","value":"1,0"},{"property":"Maksymalne ci\u015bnienie robocze","unit":"psi","value":"145"},{"property":"Ci\u015bnienie rozrywaj\u0105ce","unit":"bar","value":"40"},{"property":"Wsp\u00f3\u0142czynnik bezpiecze\u0144stwa","unit":"-","value":"4:1"},{"property":"Standardowe d\u0142ugo\u015bci odcink\u00f3w","unit":"m","value":"20"},{"property":"Waga jednostkowa","unit":"kg\/m","value":"0,37"},{"property":"Rodzaj wzmocnienia","unit":"-","value":"kord"}]},{"variation_id":7518,"sku":"WPSP10ZW025OT623","variation_title":"W\u0105\u017c do powietrza i wody 1,0 MPa DN25 (1\")","properties":[{"property":"\u015arednica nominalna wewn\u0119trzna","unit":"mm","value":"25,0"},{"property":"\u015arednica nominalna wewn\u0119trzna","unit":"ukryte","value":"\u00b11,25"},{"property":"\u015arednica nominalna wewn\u0119trzna","unit":"cal","value":"1"},{"property":"\u015arednica zewn\u0119trzna [mm]","unit":"mm","value":"36,0"},{"property":"Maksymalne ci\u015bnienie robocze","unit":"bar","value":"10"},{"property":"Maksymalne ci\u015bnienie robocze","unit":"MPa","value":"1,0"},{"property":"Maksymalne ci\u015bnienie robocze","unit":"psi","value":"145"},{"property":"Ci\u015bnienie rozrywaj\u0105ce","unit":"bar","value":"40"},{"property":"Wsp\u00f3\u0142czynnik bezpiecze\u0144stwa","unit":"-","value":"4:1"},{"property":"Standardowe d\u0142ugo\u015bci odcink\u00f3w","unit":"m","value":"20"},{"property":"Waga jednostkowa","unit":"kg\/m","value":"0,51"},{"property":"Rodzaj wzmocnienia","unit":"-","value":"kord"}]},{"variation_id":7520,"sku":"WPSP10ZW031WT623","variation_title":"W\u0105\u017c do powietrza i wody 1,0 MPa DN31,5 (1.15\/64\")","properties":[{"property":"\u015arednica nominalna wewn\u0119trzna","unit":"mm","value":"31,5"},{"property":"\u015arednica nominalna wewn\u0119trzna","unit":"ukryte","value":"\u00b11,25"},{"property":"\u015arednica nominalna wewn\u0119trzna","unit":"cal","value":"1 15\/64"},{"property":"\u015arednica zewn\u0119trzna [mm]","unit":"mm","value":"46,0"},{"property":"Maksymalne ci\u015bnienie robocze","unit":"bar","value":"10"},{"property":"Maksymalne ci\u015bnienie robocze","unit":"MPa","value":"1,0"},{"property":"Maksymalne ci\u015bnienie robocze","unit":"psi","value":"145"},{"property":"Ci\u015bnienie rozrywaj\u0105ce","unit":"bar","value":"40"},{"property":"Wsp\u00f3\u0142czynnik bezpiecze\u0144stwa","unit":"-","value":"4:1"},{"property":"Standardowe d\u0142ugo\u015bci odcink\u00f3w","unit":"m","value":"20"},{"property":"Waga jednostkowa","unit":"kg\/m","value":"1,16"},{"property":"Rodzaj wzmocnienia","unit":"-","value":"kord"}]},{"variation_id":7522,"sku":"","variation_title":"W\u0105\u017c do powietrza i wody 1,0 MPa DN38 (1.1\/2\")","properties":[{"property":"\u015arednica nominalna wewn\u0119trzna","unit":"mm","value":"38,0"},{"property":"\u015arednica nominalna wewn\u0119trzna","unit":"ukryte","value":"\u00b11,50"},{"property":"\u015arednica nominalna wewn\u0119trzna","unit":"cal","value":"1 1\/2"},{"property":"\u015arednica zewn\u0119trzna [mm]","unit":"mm","value":"52,0"},{"property":"Maksymalne ci\u015bnienie robocze","unit":"bar","value":"10"},{"property":"Maksymalne ci\u015bnienie robocze","unit":"MPa","value":"1,0"},{"property":"Maksymalne ci\u015bnienie robocze","unit":"psi","value":"145"},{"property":"Ci\u015bnienie rozrywaj\u0105ce","unit":"bar","value":"40"},{"property":"Wsp\u00f3\u0142czynnik bezpiecze\u0144stwa","unit":"-","value":"4:1"},{"property":"Standardowe d\u0142ugo\u015bci odcink\u00f3w","unit":"m","value":"20"},{"property":"Waga jednostkowa","unit":"kg\/m","value":"1,35"},{"property":"Rodzaj wzmocnienia","unit":"-","value":"kord"}]},{"variation_id":7524,"sku":"WPSP10ZW040WT623","variation_title":"W\u0105\u017c do powietrza i wody 1,0 MPa DN40 (1.9\/16\")","properties":[{"property":"\u015arednica nominalna wewn\u0119trzna","unit":"mm","value":"40,0"},{"property":"\u015arednica nominalna wewn\u0119trzna","unit":"ukryte","value":"\u00b11,50"},{"property":"\u015arednica nominalna wewn\u0119trzna","unit":"cal","value":"1 9\/16"},{"property":"\u015arednica zewn\u0119trzna [mm]","unit":"mm","value":"54,0"},{"property":"Maksymalne ci\u015bnienie robocze","unit":"bar","value":"10"},{"property":"Maksymalne ci\u015bnienie robocze","unit":"MPa","value":"1,0"},{"property":"Maksymalne ci\u015bnienie robocze","unit":"psi","value":"145"},{"property":"Ci\u015bnienie rozrywaj\u0105ce","unit":"bar","value":"40"},{"property":"Wsp\u00f3\u0142czynnik bezpiecze\u0144stwa","unit":"-","value":"4:1"},{"property":"Standardowe d\u0142ugo\u015bci odcink\u00f3w","unit":"m","value":"20"},{"property":"Waga jednostkowa","unit":"kg\/m","value":"1,41"},{"property":"Rodzaj wzmocnienia","unit":"-","value":"kord"}]},{"variation_id":7526,"sku":"","variation_title":"W\u0105\u017c do powietrza i wody 1,0 MPa DN45 (1.3\/4\")","properties":[{"property":"\u015arednica nominalna wewn\u0119trzna","unit":"mm","value":"45,0"},{"property":"\u015arednica nominalna wewn\u0119trzna","unit":"ukryte","value":"\u00b11,50"},{"property":"\u015arednica nominalna wewn\u0119trzna","unit":"cal","value":"1 3\/4"},{"property":"\u015arednica zewn\u0119trzna [mm]","unit":"mm","value":"59,0"},{"property":"Maksymalne ci\u015bnienie robocze","unit":"bar","value":"10"},{"property":"Maksymalne ci\u015bnienie robocze","unit":"MPa","value":"1,0"},{"property":"Maksymalne ci\u015bnienie robocze","unit":"psi","value":"145"},{"property":"Ci\u015bnienie rozrywaj\u0105ce","unit":"bar","value":"40"},{"property":"Wsp\u00f3\u0142czynnik bezpiecze\u0144stwa","unit":"-","value":"4:1"},{"property":"Standardowe d\u0142ugo\u015bci odcink\u00f3w","unit":"m","value":"20"},{"property":"Waga jednostkowa","unit":"kg\/m","value":"1,56"},{"property":"Rodzaj wzmocnienia","unit":"-","value":"kord"}]},{"variation_id":7528,"sku":"WPSP10ZW050WT623","variation_title":"W\u0105\u017c do powietrza i wody 1,0 MPa DN50 (2\")","properties":[{"property":"\u015arednica nominalna wewn\u0119trzna","unit":"mm","value":"50,0"},{"property":"\u015arednica nominalna wewn\u0119trzna","unit":"ukryte","value":"\u00b11,50"},{"property":"\u015arednica nominalna wewn\u0119trzna","unit":"cal","value":"2"},{"property":"\u015arednica zewn\u0119trzna [mm]","unit":"mm","value":"64,0"},{"property":"Maksymalne ci\u015bnienie robocze","unit":"bar","value":"10"},{"property":"Maksymalne ci\u015bnienie robocze","unit":"MPa","value":"1,0"},{"property":"Maksymalne ci\u015bnienie robocze","unit":"psi","value":"145"},{"property":"Ci\u015bnienie rozrywaj\u0105ce","unit":"bar","value":"40"},{"property":"Wsp\u00f3\u0142czynnik bezpiecze\u0144stwa","unit":"-","value":"4:1"},{"property":"Standardowe d\u0142ugo\u015bci odcink\u00f3w","unit":"m","value":"20"},{"property":"Waga jednostkowa","unit":"kg\/m","value":"1,71"},{"property":"Rodzaj wzmocnienia","unit":"-","value":"kord"}]},{"variation_id":7530,"sku":"WPSP10ZW063WT623","variation_title":"W\u0105\u017c do powietrza i wody 1,0 MPa DN63 (2.1\/2\")","properties":[{"property":"\u015arednica nominalna wewn\u0119trzna","unit":"mm","value":"63,0"},{"property":"\u015arednica nominalna wewn\u0119trzna","unit":"ukryte","value":"\u00b11,50"},{"property":"\u015arednica nominalna wewn\u0119trzna","unit":"cal","value":"2 1\/2"},{"property":"\u015arednica zewn\u0119trzna [mm]","unit":"mm","value":"78,0"},{"property":"Maksymalne ci\u015bnienie robocze","unit":"bar","value":"10"},{"property":"Maksymalne ci\u015bnienie robocze","unit":"MPa","value":"1,0"},{"property":"Maksymalne ci\u015bnienie robocze","unit":"psi","value":"145"},{"property":"Ci\u015bnienie rozrywaj\u0105ce","unit":"bar","value":"40"},{"property":"Wsp\u00f3\u0142czynnik bezpiecze\u0144stwa","unit":"-","value":"4:1"},{"property":"Standardowe d\u0142ugo\u015bci odcink\u00f3w","unit":"m","value":"20"},{"property":"Waga jednostkowa","unit":"kg\/m","value":"2,28"},{"property":"Rodzaj wzmocnienia","unit":"-","value":"kord"}]},{"variation_id":7532,"sku":"WPSP10ZW075WT623","variation_title":"W\u0105\u017c do powietrza i wody 1,0 MPa DN75 (3\")","properties":[{"property":"\u015arednica nominalna wewn\u0119trzna","unit":"mm","value":"75,0"},{"property":"\u015arednica nominalna wewn\u0119trzna","unit":"ukryte","value":"\u00b11,50"},{"property":"\u015arednica nominalna wewn\u0119trzna","unit":"cal","value":"3"},{"property":"\u015arednica zewn\u0119trzna [mm]","unit":"mm","value":"90,0"},{"property":"Maksymalne ci\u015bnienie robocze","unit":"bar","value":"10"},{"property":"Maksymalne ci\u015bnienie robocze","unit":"MPa","value":"1,0"},{"property":"Maksymalne ci\u015bnienie robocze","unit":"psi","value":"145"},{"property":"Ci\u015bnienie rozrywaj\u0105ce","unit":"bar","value":"40"},{"property":"Wsp\u00f3\u0142czynnik bezpiecze\u0144stwa","unit":"-","value":"4:1"},{"property":"Standardowe d\u0142ugo\u015bci odcink\u00f3w","unit":"m","value":"20"},{"property":"Waga jednostkowa","unit":"kg\/m","value":"2,67"},{"property":"Rodzaj wzmocnienia","unit":"-","value":"kord"}]},{"variation_id":7534,"sku":"WPSP10ZW080WT623","variation_title":"W\u0105\u017c do powietrza i wody 1,0 MPa DN80 (3.5\/32\")","properties":[{"property":"\u015arednica nominalna wewn\u0119trzna","unit":"mm","value":"80,0"},{"property":"\u015arednica nominalna wewn\u0119trzna","unit":"ukryte","value":"\u00b12,00"},{"property":"\u015arednica nominalna wewn\u0119trzna","unit":"cal","value":"3 5\/32"},{"property":"\u015arednica zewn\u0119trzna [mm]","unit":"mm","value":"96,0"},{"property":"Maksymalne ci\u015bnienie robocze","unit":"bar","value":"10"},{"property":"Maksymalne ci\u015bnienie robocze","unit":"MPa","value":"1,0"},{"property":"Maksymalne ci\u015bnienie robocze","unit":"psi","value":"145"},{"property":"Ci\u015bnienie rozrywaj\u0105ce","unit":"bar","value":"40"},{"property":"Wsp\u00f3\u0142czynnik bezpiecze\u0144stwa","unit":"-","value":"4:1"},{"property":"Standardowe d\u0142ugo\u015bci odcink\u00f3w","unit":"m","value":"10"},{"property":"Waga jednostkowa","unit":"kg\/m","value":"2,91"},{"property":"Rodzaj wzmocnienia","unit":"-","value":"kord"}]}],"_links":{"self":[{"href":"https:\/\/new.stomil-bydgoszcz.pl\/en\/wp-json\/wp\/v2\/product\/7500","targetHints":{"allow":["GET"]}}],"collection":[{"href":"https:\/\/new.stomil-bydgoszcz.pl\/en\/wp-json\/wp\/v2\/product"}],"about":[{"href":"https:\/\/new.stomil-bydgoszcz.pl\/en\/wp-json\/wp\/v2\/types\/product"}],"replies":[{"embeddable":true,"href":"https:\/\/new.stomil-bydgoszcz.pl\/en\/wp-json\/wp\/v2\/comments?post=7500"}],"wp:featuredmedia":[{"embeddable":true,"href":"https:\/\/new.stomil-bydgoszcz.pl\/en\/wp-json\/wp\/v2\/media\/7498"}],"wp:attachment":[{"href":"https:\/\/new.stomil-bydgoszcz.pl\/en\/wp-json\/wp\/v2\/media?parent=7500"}],"wp:term":[{"taxonomy":"product_brand","embeddable":true,"href":"https:\/\/new.stomil-bydgoszcz.pl\/en\/wp-json\/wp\/v2\/product_brand?post=7500"},{"taxonomy":"product_cat","embeddable":true,"href":"https:\/\/new.stomil-bydgoszcz.pl\/en\/wp-json\/wp\/v2\/product_cat?post=7500"},{"taxonomy":"product_tag","embeddable":true,"href":"https:\/\/new.stomil-bydgoszcz.pl\/en\/wp-json\/wp\/v2\/product_tag?post=7500"}],"curies":[{"name":"wp","href":"https:\/\/api.w.org\/{rel}","templated":true}]}}