{"id":7537,"date":"2026-03-17T21:40:11","date_gmt":"2026-03-17T21:40:11","guid":{"rendered":"https:\/\/new.stomil-bydgoszcz.pl\/produkt\/waz-hydrauliczny-2-te-en-854\/"},"modified":"2026-03-17T21:40:21","modified_gmt":"2026-03-17T21:40:21","slug":"hydraulic-vase-2-te-en-854","status":"publish","type":"product","link":"https:\/\/new.stomil-bydgoszcz.pl\/en\/produkt\/waz-hydrauliczny-2-te-en-854\/","title":{"rendered":"2 TE Hydraulic Hoses EN 854"},"content":{"rendered":"<p><strong>APPLICATION<\/strong><\/p>\n<p>Very flexible and lightweight general purpose Hoses used for:<br \/>\n- Hydraulic fluids conforming to ISO 6743-4 except HFD R, HFD S, HFD T (from -40\u00b0C to +100\u00b0C),<br \/>\n- aqueous solutions (from -40\u00b0C to +70\u00b0C),<br \/>\n- Water (0\u00b0C to +70\u00b0C),<br \/>\n- Compressed air (from 0\u00b0C to +80\u00b0C).<\/p>\n<p>They are not designed for fluids containing castor oil and esters.<\/p>\n<p><strong>Working Pressures<br \/>\n<\/strong>From 40 to 80 bar, depending on the diameter.<\/p>\n<p><strong>Working Temperature<br \/>\n<\/strong>From -40\u00b0C to +100\u00b0C<br \/>\nShort-term up to +125\u00b0C<\/p>\n<p><strong>CONSTRUCTION<br \/>\n<\/strong>Complies with EN 854 standards.<\/p>\n<p><strong>Inner layer<br \/>\n<\/strong>Black colored rubber made of synthetic rubber resistant to oil and water.<\/p>\n<p><strong>Reinforcement<br \/>\n<\/strong>2 Wire Braided with high-strength synthetic fiber.<\/p>\n<p><strong>Outer layer<br \/>\n<\/strong>Black colored rubber made of synthetic rubber resistant to abrasion, oil, weather and ozone.<\/p>\n<p>Also check out HYDRAULIC HOSES: <a href=\"https:\/\/sklep.stomil-bydgoszcz.pl\/kategoria-produktu\/grupy-produktow\/weze-hydrauliczne\/weze-hydrauliczne\/1sc\/\">1 SC<\/a>, <a href=\"https:\/\/sklep.stomil-bydgoszcz.pl\/produkt\/waz-hydrauliczny-2-sc-en-857\/\">2 SC<\/a>, <a href=\"https:\/\/sklep.stomil-bydgoszcz.pl\/produkt\/waz-hydrauliczny-1-sn-en-853-r1s-sae-j517\/\">1 SN<\/a>, <a href=\"https:\/\/sklep.stomil-bydgoszcz.pl\/produkt\/waz-hydrauliczny-2-sn-en-853-r2s-sae-j517\/\">2 SN<\/a>, <a href=\"https:\/\/sklep.stomil-bydgoszcz.pl\/produkt\/waz-hydrauliczny-eh-221-en-857\/\">ETH 221<\/a>, <a href=\"https:\/\/sklep.stomil-bydgoszcz.pl\/produkt\/waz-hydrauliczny-3-sp\/\">3 SP<\/a>, <a href=\"https:\/\/sklep.stomil-bydgoszcz.pl\/produkt\/waz-hydrauliczny-2-te-en-854\/\">2 TE<\/a> i <a href=\"https:\/\/sklep.stomil-bydgoszcz.pl\/kategoria-produktu\/grupy-produktow\/weze-hydrauliczne\/weze-do-myjni\/\">Car Wash Hoses<\/a>.<\/p>","protected":false},"excerpt":{"rendered":"<p><strong>Working Pressures: <\/strong>40 to 80 bar depending on the diameter |.&nbsp;<strong>Working Temperature: <\/strong>From -40\u00b0C to +100\u00b0C; short-term up to +125\u00b0C<\/p>","protected":false},"featured_media":7535,"comment_status":"closed","ping_status":"closed","template":"","meta":[],"product_brand":[],"product_cat":[244,88,155,77,91],"product_tag":[],"class_list":{"0":"post-7537","1":"product","2":"type-product","3":"status-publish","4":"has-post-thumbnail","6":"product_cat-2te","7":"product_cat-branze","8":"product_cat-budowa-maszyn-i-urzadzen","9":"product_cat-grupy-produktow","10":"product_cat-weze-hydrauliczne","12":"first","13":"instock","14":"taxable","15":"shipping-taxable","16":"purchasable","17":"product-type-variable"},"stomil_properties":[{"variation_id":7539,"sku":"","variation_title":"W\u0105\u017c hydrauliczny 2TE EN 854 DN05 (3\/16\") 80 bar","properties":[{"property":"\u015arednica nominalna wewn\u0119trzna","unit":"mm","value":"5"},{"property":"\u015arednica nominalna wewn\u0119trzna","unit":"cal","value":"3\/16"},{"property":"\u015arednica wewn\u0119trzna [mm]","unit":"min.","value":"4,9"},{"property":"\u015arednica wewn\u0119trzna [mm]","unit":"max.","value":"5,2"},{"property":"\u015arednica zewn\u0119trzna [mm]","unit":"max.","value":"12,6"},{"property":"Maksymalne ci\u015bnienie robocze","unit":"bar","value":"80"},{"property":"Maksymalne ci\u015bnienie robocze","unit":"psi","value":"1160"},{"property":"Ci\u015bnienie rozrywaj\u0105ce","unit":"bar","value":"320"},{"property":"Wsp\u00f3\u0142czynnik bezpiecze\u0144stwa","unit":"-","value":"4,0"},{"property":"Najmniejszy promie\u0144 zgi\u0119cia","unit":"mm","value":"25"},{"property":"Waga jednostkowa","unit":"kg\/m","value":"0,13"}]},{"variation_id":7541,"sku":"","variation_title":"W\u0105\u017c hydrauliczny 2TE EN 854 DN06 (1\/4\") 75 bar","properties":[{"property":"\u015arednica nominalna wewn\u0119trzna","unit":"mm","value":"6"},{"property":"\u015arednica nominalna wewn\u0119trzna","unit":"cal","value":"1\/4"},{"property":"\u015arednica wewn\u0119trzna [mm]","unit":"min.","value":"6,4"},{"property":"\u015arednica wewn\u0119trzna [mm]","unit":"max.","value":"6,9"},{"property":"\u015arednica zewn\u0119trzna [mm]","unit":"max.","value":"14,2"},{"property":"Maksymalne ci\u015bnienie robocze","unit":"bar","value":"75"},{"property":"Maksymalne ci\u015bnienie robocze","unit":"psi","value":"1088"},{"property":"Ci\u015bnienie rozrywaj\u0105ce","unit":"bar","value":"300"},{"property":"Wsp\u00f3\u0142czynnik bezpiecze\u0144stwa","unit":"-","value":"4,0"},{"property":"Najmniejszy promie\u0144 zgi\u0119cia","unit":"mm","value":"40"},{"property":"Waga jednostkowa","unit":"kg\/m","value":"0,22"}]},{"variation_id":7543,"sku":"WH2TEZW08S0F022","variation_title":"W\u0105\u017c hydrauliczny 2TE EN 854 DN08 (5\/16\") 68 bar","properties":[{"property":"\u015arednica nominalna wewn\u0119trzna","unit":"mm","value":"8"},{"property":"\u015arednica nominalna wewn\u0119trzna","unit":"cal","value":"5\/16"},{"property":"\u015arednica wewn\u0119trzna [mm]","unit":"min.","value":"7,9"},{"property":"\u015arednica wewn\u0119trzna [mm]","unit":"max.","value":"8,4"},{"property":"\u015arednica zewn\u0119trzna [mm]","unit":"max.","value":"15,7"},{"property":"Maksymalne ci\u015bnienie robocze","unit":"bar","value":"68"},{"property":"Maksymalne ci\u015bnienie robocze","unit":"psi","value":"986"},{"property":"Ci\u015bnienie rozrywaj\u0105ce","unit":"bar","value":"272"},{"property":"Wsp\u00f3\u0142czynnik bezpiecze\u0144stwa","unit":"-","value":"4,0"},{"property":"Najmniejszy promie\u0144 zgi\u0119cia","unit":"mm","value":"50"},{"property":"Waga jednostkowa","unit":"kg\/m","value":"0,22"}]},{"variation_id":7545,"sku":"WH2TEZW10S0F022","variation_title":"W\u0105\u017c hydrauliczny 2TE EN 854 DN10 (3\/8\") 63 bar","properties":[{"property":"\u015arednica nominalna wewn\u0119trzna","unit":"mm","value":"10"},{"property":"\u015arednica nominalna wewn\u0119trzna","unit":"cal","value":"3\/8"},{"property":"\u015arednica wewn\u0119trzna [mm]","unit":"min.","value":"9,5"},{"property":"\u015arednica wewn\u0119trzna [mm]","unit":"max.","value":"10,0"},{"property":"\u015arednica zewn\u0119trzna [mm]","unit":"max.","value":"17,3"},{"property":"Maksymalne ci\u015bnienie robocze","unit":"bar","value":"63"},{"property":"Maksymalne ci\u015bnienie robocze","unit":"psi","value":"914"},{"property":"Ci\u015bnienie rozrywaj\u0105ce","unit":"bar","value":"252"},{"property":"Wsp\u00f3\u0142czynnik bezpiecze\u0144stwa","unit":"-","value":"4,0"},{"property":"Najmniejszy promie\u0144 zgi\u0119cia","unit":"mm","value":"60"},{"property":"Waga jednostkowa","unit":"kg\/m","value":"0,24"}]},{"variation_id":7547,"sku":"WH2TEZW12S0F022","variation_title":"W\u0105\u017c hydrauliczny 2TE EN 854 DN12 (1\/2\") 58 bar","properties":[{"property":"\u015arednica nominalna wewn\u0119trzna","unit":"mm","value":"12"},{"property":"\u015arednica nominalna wewn\u0119trzna","unit":"cal","value":"1\/2"},{"property":"\u015arednica wewn\u0119trzna [mm]","unit":"min.","value":"12,7"},{"property":"\u015arednica wewn\u0119trzna [mm]","unit":"max.","value":"13,3"},{"property":"\u015arednica zewn\u0119trzna [mm]","unit":"max.","value":"20,7"},{"property":"Maksymalne ci\u015bnienie robocze","unit":"bar","value":"58"},{"property":"Maksymalne ci\u015bnienie robocze","unit":"psi","value":"841"},{"property":"Ci\u015bnienie rozrywaj\u0105ce","unit":"bar","value":"232"},{"property":"Wsp\u00f3\u0142czynnik bezpiecze\u0144stwa","unit":"-","value":"4,0"},{"property":"Najmniejszy promie\u0144 zgi\u0119cia","unit":"mm","value":"70"},{"property":"Waga jednostkowa","unit":"kg\/m","value":"0,26"}]},{"variation_id":7549,"sku":"WH2TEZW16S0F022","variation_title":"W\u0105\u017c hydrauliczny 2TE EN 854 DN16 (5\/8\") 50 bar","properties":[{"property":"\u015arednica nominalna wewn\u0119trzna","unit":"mm","value":"16"},{"property":"\u015arednica nominalna wewn\u0119trzna","unit":"cal","value":"5\/8"},{"property":"\u015arednica wewn\u0119trzna [mm]","unit":"min.","value":"15,8"},{"property":"\u015arednica wewn\u0119trzna [mm]","unit":"max.","value":"16,5"},{"property":"\u015arednica zewn\u0119trzna [mm]","unit":"max.","value":"24,9"},{"property":"Maksymalne ci\u015bnienie robocze","unit":"bar","value":"50"},{"property":"Maksymalne ci\u015bnienie robocze","unit":"psi","value":"725"},{"property":"Ci\u015bnienie rozrywaj\u0105ce","unit":"bar","value":"200"},{"property":"Wsp\u00f3\u0142czynnik bezpiecze\u0144stwa","unit":"-","value":"4,0"},{"property":"Najmniejszy promie\u0144 zgi\u0119cia","unit":"mm","value":"90"},{"property":"Waga jednostkowa","unit":"kg\/m","value":"0,35"}]},{"variation_id":7551,"sku":"WH2TEZW19S0F022","variation_title":"W\u0105\u017c hydrauliczny 2TE EN 854 DN19 (3\/4\") 45 bar","properties":[{"property":"\u015arednica nominalna wewn\u0119trzna","unit":"mm","value":"19"},{"property":"\u015arednica nominalna wewn\u0119trzna","unit":"cal","value":"3\/4"},{"property":"\u015arednica wewn\u0119trzna [mm]","unit":"min.","value":"18,8"},{"property":"\u015arednica wewn\u0119trzna [mm]","unit":"max.","value":"19,8"},{"property":"\u015arednica zewn\u0119trzna [mm]","unit":"max.","value":"28,0"},{"property":"Maksymalne ci\u015bnienie robocze","unit":"bar","value":"45"},{"property":"Maksymalne ci\u015bnienie robocze","unit":"psi","value":"653"},{"property":"Ci\u015bnienie rozrywaj\u0105ce","unit":"bar","value":"180"},{"property":"Wsp\u00f3\u0142czynnik bezpiecze\u0144stwa","unit":"-","value":"4,0"},{"property":"Najmniejszy promie\u0144 zgi\u0119cia","unit":"mm","value":"110"},{"property":"Waga jednostkowa","unit":"kg\/m","value":"0,46"}]},{"variation_id":7553,"sku":"WH2TEZW25S0F022","variation_title":"W\u0105\u017c hydrauliczny 2TE EN 854 DN25 (1\") 40 bar","properties":[{"property":"\u015arednica nominalna wewn\u0119trzna","unit":"mm","value":"25"},{"property":"\u015arednica nominalna wewn\u0119trzna","unit":"cal","value":"1"},{"property":"\u015arednica wewn\u0119trzna [mm]","unit":"min.","value":"25,4"},{"property":"\u015arednica wewn\u0119trzna [mm]","unit":"max.","value":"26,2"},{"property":"\u015arednica zewn\u0119trzna [mm]","unit":"max.","value":"35,9"},{"property":"Maksymalne ci\u015bnienie robocze","unit":"bar","value":"40"},{"property":"Maksymalne ci\u015bnienie robocze","unit":"psi","value":"580"},{"property":"Ci\u015bnienie rozrywaj\u0105ce","unit":"bar","value":"160"},{"property":"Wsp\u00f3\u0142czynnik bezpiecze\u0144stwa","unit":"-","value":"4,0"},{"property":"Najmniejszy promie\u0144 zgi\u0119cia","unit":"mm","value":"150"},{"property":"Waga jednostkowa","unit":"kg\/m","value":"0,7"}]}],"_links":{"self":[{"href":"https:\/\/new.stomil-bydgoszcz.pl\/en\/wp-json\/wp\/v2\/product\/7537","targetHints":{"allow":["GET"]}}],"collection":[{"href":"https:\/\/new.stomil-bydgoszcz.pl\/en\/wp-json\/wp\/v2\/product"}],"about":[{"href":"https:\/\/new.stomil-bydgoszcz.pl\/en\/wp-json\/wp\/v2\/types\/product"}],"replies":[{"embeddable":true,"href":"https:\/\/new.stomil-bydgoszcz.pl\/en\/wp-json\/wp\/v2\/comments?post=7537"}],"wp:featuredmedia":[{"embeddable":true,"href":"https:\/\/new.stomil-bydgoszcz.pl\/en\/wp-json\/wp\/v2\/media\/7535"}],"wp:attachment":[{"href":"https:\/\/new.stomil-bydgoszcz.pl\/en\/wp-json\/wp\/v2\/media?parent=7537"}],"wp:term":[{"taxonomy":"product_brand","embeddable":true,"href":"https:\/\/new.stomil-bydgoszcz.pl\/en\/wp-json\/wp\/v2\/product_brand?post=7537"},{"taxonomy":"product_cat","embeddable":true,"href":"https:\/\/new.stomil-bydgoszcz.pl\/en\/wp-json\/wp\/v2\/product_cat?post=7537"},{"taxonomy":"product_tag","embeddable":true,"href":"https:\/\/new.stomil-bydgoszcz.pl\/en\/wp-json\/wp\/v2\/product_tag?post=7537"}],"curies":[{"name":"wp","href":"https:\/\/api.w.org\/{rel}","templated":true}]}}