{"id":7571,"date":"2026-03-17T21:40:14","date_gmt":"2026-03-17T21:40:14","guid":{"rendered":"https:\/\/new.stomil-bydgoszcz.pl\/produkt\/waz-hydrauliczny-3-sp\/"},"modified":"2026-03-17T21:40:21","modified_gmt":"2026-03-17T21:40:21","slug":"hydraulic-vase-3-sp","status":"publish","type":"product","link":"https:\/\/new.stomil-bydgoszcz.pl\/en\/produkt\/waz-hydrauliczny-3-sp\/","title":{"rendered":"3 SP Hydraulic Hoses"},"content":{"rendered":"<p><strong>APPLICATION<\/strong><\/p>\n<p>Hoses are equivalent to 4SP hoses manufactured to EN 856.<\/p>\n<p>They are characterized by very high resistance to Working Pressure and far greater flexibility than 4SP hoses, making them incredibly convenient for use in tight spaces.<\/p>\n<p>Widely used for:<br \/>\n- Hydraulic fluids conforming to ISO 6743-4 except HFD R, HFD S, HFD T (from -40\u00b0C to +100\u00b0C),<br \/>\n- aqueous solutions (from -40\u00b0C to +70\u00b0C),<br \/>\n- Water (0\u00b0C to +70\u00b0C),<br \/>\n- Compressed air (from 0\u00b0C to +80\u00b0C).<\/p>\n<p>They are not designed for fluids containing castor oil and esters.<\/p>\n<p><strong>Working Pressures<br \/>\n<\/strong>From 210 to 420 bar depending on the diameter.<\/p>\n<p><strong>Working Temperature<br \/>\n<\/strong>From -40\u00b0C to +100\u00b0C<br \/>\nShort-term up to +125\u00b0C<\/p>\n<p><strong>CONSTRUCTION<br \/>\n<\/strong>According to the author's Stomil Bydgoszcz ZN-5\/13\/BZPG project.<\/p>\n<p><strong>Inner layer<br \/>\n<\/strong>Black colored rubber made of synthetic rubber resistant to oil and water.<\/p>\n<p><strong>Reinforcement<br \/>\n<\/strong>3 Wire Braided with high strength steel wire.<\/p>\n<p><strong>Outer layer<br \/>\n<\/strong>Black colored rubber made of synthetic rubber resistant to abrasion, oil, weather and ozone.<\/p>\n<p>Also check out HYDRAULIC HOSES: <a href=\"https:\/\/sklep.stomil-bydgoszcz.pl\/kategoria-produktu\/grupy-produktow\/weze-hydrauliczne\/weze-hydrauliczne\/1sc\/\">1 SC<\/a>, <a href=\"https:\/\/sklep.stomil-bydgoszcz.pl\/produkt\/waz-hydrauliczny-2-sc-en-857\/\">2 SC<\/a>, <a href=\"https:\/\/sklep.stomil-bydgoszcz.pl\/produkt\/waz-hydrauliczny-1-sn-en-853-r1s-sae-j517\/\">1 SN<\/a>, <a href=\"https:\/\/sklep.stomil-bydgoszcz.pl\/produkt\/waz-hydrauliczny-2-sn-en-853-r2s-sae-j517\/\">2 SN<\/a>, <a href=\"https:\/\/sklep.stomil-bydgoszcz.pl\/produkt\/waz-hydrauliczny-eh-221-en-857\/\">ETH 221<\/a>, <a href=\"https:\/\/sklep.stomil-bydgoszcz.pl\/produkt\/waz-hydrauliczny-3-sp\/\">3 SP<\/a>, <a href=\"https:\/\/sklep.stomil-bydgoszcz.pl\/produkt\/waz-hydrauliczny-2-te-en-854\/\">2 TE<\/a> i <a href=\"https:\/\/sklep.stomil-bydgoszcz.pl\/kategoria-produktu\/grupy-produktow\/weze-hydrauliczne\/weze-do-myjni\/\">Car Wash Hoses<\/a>.<\/p>","protected":false},"excerpt":{"rendered":"<p><strong>Working Pressures: <\/strong>210 to 420 bar depending on the diameter |&nbsp;<strong>Working Temperature: <\/strong>From -40\u00b0C to +100\u00b0C; short-term up to +125\u00b0C<\/p>","protected":false},"featured_media":7569,"comment_status":"closed","ping_status":"closed","template":"","meta":[],"product_brand":[],"product_cat":[245,88,155,92,77,91],"product_tag":[],"class_list":{"0":"post-7571","1":"product","2":"type-product","3":"status-publish","4":"has-post-thumbnail","6":"product_cat-3sp","7":"product_cat-branze","8":"product_cat-budowa-maszyn-i-urzadzen","9":"product_cat-budownictwo","10":"product_cat-grupy-produktow","11":"product_cat-weze-hydrauliczne","13":"first","14":"instock","15":"taxable","16":"shipping-taxable","17":"purchasable","18":"product-type-variable"},"stomil_properties":[{"variation_id":7573,"sku":"WH3SPZW10S0F016","variation_title":"W\u0105\u017c hydrauliczny 3SP DN10 (3\/8\") 420 bar","properties":[{"property":"\u015arednica nominalna wewn\u0119trzna","unit":"mm","value":"10"},{"property":"\u015arednica nominalna wewn\u0119trzna","unit":"cal","value":"3\/8"},{"property":"\u015arednica wewn\u0119trzna [mm]","unit":"min.","value":"9,5"},{"property":"\u015arednica wewn\u0119trzna [mm]","unit":"max.","value":"10,1"},{"property":"\u015arednica zewn\u0119trzna [mm]","unit":"max.","value":"22,2"},{"property":"Maksymalne ci\u015bnienie robocze","unit":"bar","value":"420"},{"property":"Maksymalne ci\u015bnienie robocze","unit":"psi","value":"6091"},{"property":"Ci\u015bnienie rozrywaj\u0105ce","unit":"bar","value":"1680"},{"property":"Wsp\u00f3\u0142czynnik bezpiecze\u0144stwa","unit":"-","value":"4,0"},{"property":"Najmniejszy promie\u0144 zgi\u0119cia","unit":"mm","value":"180"},{"property":"Waga jednostkowa","unit":"kg\/m","value":"0,77"}]},{"variation_id":7575,"sku":"WH3SPZW12S0F016","variation_title":"W\u0105\u017c hydrauliczny 3SP DN12 (1\/2\") 400 bar","properties":[{"property":"\u015arednica nominalna wewn\u0119trzna","unit":"mm","value":"12"},{"property":"\u015arednica nominalna wewn\u0119trzna","unit":"cal","value":"1\/2"},{"property":"\u015arednica wewn\u0119trzna [mm]","unit":"min.","value":"12,7"},{"property":"\u015arednica wewn\u0119trzna [mm]","unit":"max.","value":"13,5"},{"property":"\u015arednica zewn\u0119trzna [mm]","unit":"max.","value":"25,4"},{"property":"Maksymalne ci\u015bnienie robocze","unit":"bar","value":"400"},{"property":"Maksymalne ci\u015bnienie robocze","unit":"psi","value":"5801"},{"property":"Ci\u015bnienie rozrywaj\u0105ce","unit":"bar","value":"1600"},{"property":"Wsp\u00f3\u0142czynnik bezpiecze\u0144stwa","unit":"-","value":"4,0"},{"property":"Najmniejszy promie\u0144 zgi\u0119cia","unit":"mm","value":"230"},{"property":"Waga jednostkowa","unit":"kg\/m","value":"0,85"}]},{"variation_id":7577,"sku":"WH3SPZW16S0F016","variation_title":"W\u0105\u017c hydrauliczny 3SP DN16 (5\/8\") 350 bar","properties":[{"property":"\u015arednica nominalna wewn\u0119trzna","unit":"mm","value":"16"},{"property":"\u015arednica nominalna wewn\u0119trzna","unit":"cal","value":"5\/8"},{"property":"\u015arednica wewn\u0119trzna [mm]","unit":"min.","value":"15,8"},{"property":"\u015arednica wewn\u0119trzna [mm]","unit":"max.","value":"16,7"},{"property":"\u015arednica zewn\u0119trzna [mm]","unit":"max.","value":"29,0"},{"property":"Maksymalne ci\u015bnienie robocze","unit":"bar","value":"350"},{"property":"Maksymalne ci\u015bnienie robocze","unit":"psi","value":"5076"},{"property":"Ci\u015bnienie rozrywaj\u0105ce","unit":"bar","value":"1400"},{"property":"Wsp\u00f3\u0142czynnik bezpiecze\u0144stwa","unit":"-","value":"4,0"},{"property":"Najmniejszy promie\u0144 zgi\u0119cia","unit":"mm","value":"250"},{"property":"Waga jednostkowa","unit":"kg\/m","value":"1,17"}]},{"variation_id":7579,"sku":"WH3SPZW19S0F016","variation_title":"W\u0105\u017c hydrauliczny 3SP DN19 (3\/4\") 350 bar","properties":[{"property":"\u015arednica nominalna wewn\u0119trzna","unit":"mm","value":"19"},{"property":"\u015arednica nominalna wewn\u0119trzna","unit":"cal","value":"3\/4"},{"property":"\u015arednica wewn\u0119trzna [mm]","unit":"min.","value":"18,8"},{"property":"\u015arednica wewn\u0119trzna [mm]","unit":"max.","value":"19,8"},{"property":"\u015arednica zewn\u0119trzna [mm]","unit":"max.","value":"33,0"},{"property":"Maksymalne ci\u015bnienie robocze","unit":"bar","value":"350"},{"property":"Maksymalne ci\u015bnienie robocze","unit":"psi","value":"5076"},{"property":"Ci\u015bnienie rozrywaj\u0105ce","unit":"bar","value":"1400"},{"property":"Wsp\u00f3\u0142czynnik bezpiecze\u0144stwa","unit":"-","value":"4,0"},{"property":"Najmniejszy promie\u0144 zgi\u0119cia","unit":"mm","value":"300"},{"property":"Waga jednostkowa","unit":"kg\/m","value":"1,5"}]},{"variation_id":7581,"sku":"WH3SPZW25S0F016","variation_title":"W\u0105\u017c hydrauliczny 3SP DN25 (1\") 280 bar","properties":[{"property":"\u015arednica nominalna wewn\u0119trzna","unit":"mm","value":"25"},{"property":"\u015arednica nominalna wewn\u0119trzna","unit":"cal","value":"1"},{"property":"\u015arednica wewn\u0119trzna [mm]","unit":"min.","value":"25,4"},{"property":"\u015arednica wewn\u0119trzna [mm]","unit":"max.","value":"26,4"},{"property":"\u015arednica zewn\u0119trzna [mm]","unit":"max.","value":"40,9"},{"property":"Maksymalne ci\u015bnienie robocze","unit":"bar","value":"280"},{"property":"Maksymalne ci\u015bnienie robocze","unit":"psi","value":"4061"},{"property":"Ci\u015bnienie rozrywaj\u0105ce","unit":"bar","value":"1120"},{"property":"Wsp\u00f3\u0142czynnik bezpiecze\u0144stwa","unit":"-","value":"4,0"},{"property":"Najmniejszy promie\u0144 zgi\u0119cia","unit":"mm","value":"340"},{"property":"Waga jednostkowa","unit":"kg\/m","value":"1,7"}]},{"variation_id":7583,"sku":"WH3SPZW31S0F016","variation_title":"W\u0105\u017c hydrauliczny 3SP DN31 (1.1\/4\") 210 bar","properties":[{"property":"\u015arednica nominalna wewn\u0119trzna","unit":"mm","value":"31"},{"property":"\u015arednica nominalna wewn\u0119trzna","unit":"cal","value":"1  1\/4"},{"property":"\u015arednica wewn\u0119trzna [mm]","unit":"min.","value":"31,8"},{"property":"\u015arednica wewn\u0119trzna [mm]","unit":"max.","value":"33,0"},{"property":"\u015arednica zewn\u0119trzna [mm]","unit":"max.","value":"52,4"},{"property":"Maksymalne ci\u015bnienie robocze","unit":"bar","value":"210"},{"property":"Maksymalne ci\u015bnienie robocze","unit":"psi","value":"3046"},{"property":"Ci\u015bnienie rozrywaj\u0105ce","unit":"bar","value":"840"},{"property":"Wsp\u00f3\u0142czynnik bezpiecze\u0144stwa","unit":"-","value":"4,0"},{"property":"Najmniejszy promie\u0144 zgi\u0119cia","unit":"mm","value":"460"},{"property":"Waga jednostkowa","unit":"kg\/m","value":"2,56"}]}],"_links":{"self":[{"href":"https:\/\/new.stomil-bydgoszcz.pl\/en\/wp-json\/wp\/v2\/product\/7571","targetHints":{"allow":["GET"]}}],"collection":[{"href":"https:\/\/new.stomil-bydgoszcz.pl\/en\/wp-json\/wp\/v2\/product"}],"about":[{"href":"https:\/\/new.stomil-bydgoszcz.pl\/en\/wp-json\/wp\/v2\/types\/product"}],"replies":[{"embeddable":true,"href":"https:\/\/new.stomil-bydgoszcz.pl\/en\/wp-json\/wp\/v2\/comments?post=7571"}],"wp:featuredmedia":[{"embeddable":true,"href":"https:\/\/new.stomil-bydgoszcz.pl\/en\/wp-json\/wp\/v2\/media\/7569"}],"wp:attachment":[{"href":"https:\/\/new.stomil-bydgoszcz.pl\/en\/wp-json\/wp\/v2\/media?parent=7571"}],"wp:term":[{"taxonomy":"product_brand","embeddable":true,"href":"https:\/\/new.stomil-bydgoszcz.pl\/en\/wp-json\/wp\/v2\/product_brand?post=7571"},{"taxonomy":"product_cat","embeddable":true,"href":"https:\/\/new.stomil-bydgoszcz.pl\/en\/wp-json\/wp\/v2\/product_cat?post=7571"},{"taxonomy":"product_tag","embeddable":true,"href":"https:\/\/new.stomil-bydgoszcz.pl\/en\/wp-json\/wp\/v2\/product_tag?post=7571"}],"curies":[{"name":"wp","href":"https:\/\/api.w.org\/{rel}","templated":true}]}}