{"id":7635,"date":"2026-03-17T21:40:20","date_gmt":"2026-03-17T21:40:20","guid":{"rendered":"https:\/\/new.stomil-bydgoszcz.pl\/produkt\/waz-hydrauliczny-1-sn-euro-wash-150c\/"},"modified":"2026-03-17T21:40:21","modified_gmt":"2026-03-17T21:40:21","slug":"hydraulic-vase-1-sn-euro-wash-150c","status":"publish","type":"product","link":"https:\/\/new.stomil-bydgoszcz.pl\/en\/produkt\/waz-hydrauliczny-1-sn-euro-wash-150c\/","title":{"rendered":"HYDRAULIC HOSES 1 SN EURO WASH 150\u00b0C"},"content":{"rendered":"<p><strong>APPLICATION<\/strong><br \/>\nSpecialized Hoses designed for high-pressure cleaning with water and high-temperature cleaning solutions.<br \/>\nHoses can be used:<br \/>\n- For K\u00c4RCHER-type washing equipment in car and commercial vehicle washes and rail vehicle washes,<br \/>\n- For stationary hot water high-pressure cleaning systems (cleaning units, vacuum cleaners, etc.).<\/p>\n<p>Hoses are not designed for transmission of drinking water and steam.<\/p>\n<p><strong>Working Pressures<br \/>\n<\/strong>From 63 to 225 bar, depending on the diameter.<\/p>\n<p><strong>Working Temperature<br \/>\n<\/strong>From -20\u00b0C to +150\u00b0C<\/p>\n<p><strong>CONSTRUCTION<br \/>\n<\/strong>Made according to the author's design of Stomil Bydgoszcz (ZN-10\/13\/BZPG).<br \/>\nAll dimensions of the hose comply with the requirements of EN 853.<br \/>\nBursting Pressure and Pulsating Pressure in accordance with the requirements of EN 1829-2.<\/p>\n<p><strong>Inner layer<br \/>\n<\/strong>Black colored rubber made of synthetic rubber resistant to water and high temperature cleaning solutions.<\/p>\n<p><strong>Reinforcement<br \/>\n<\/strong>One Wire Braided high strength steel wire.<\/p>\n<p><strong>Outer layer<br \/>\n<\/strong>Synthetic rubber rubber resistant to abrasion, oil, weather and ozone.<br \/>\nHoses offered in black, red or blue.<\/p>\n<p>Hoses can be produced in other colors upon request.<\/p>\n<p>Also check out HYDRAULIC HOSES: <a href=\"https:\/\/sklep.stomil-bydgoszcz.pl\/kategoria-produktu\/grupy-produktow\/weze-hydrauliczne\/weze-hydrauliczne\/1sc\/\">1 SC<\/a>, <a href=\"https:\/\/sklep.stomil-bydgoszcz.pl\/produkt\/waz-hydrauliczny-2-sc-en-857\/\">2 SC<\/a>, <a href=\"https:\/\/sklep.stomil-bydgoszcz.pl\/produkt\/waz-hydrauliczny-1-sn-en-853-r1s-sae-j517\/\">1 SN<\/a>, <a href=\"https:\/\/sklep.stomil-bydgoszcz.pl\/produkt\/waz-hydrauliczny-2-sn-en-853-r2s-sae-j517\/\">2 SN<\/a>, <a href=\"https:\/\/sklep.stomil-bydgoszcz.pl\/produkt\/waz-hydrauliczny-eh-221-en-857\/\">ETH 221<\/a>, <a href=\"https:\/\/sklep.stomil-bydgoszcz.pl\/produkt\/waz-hydrauliczny-3-sp\/\">3 SP<\/a>, <a href=\"https:\/\/sklep.stomil-bydgoszcz.pl\/produkt\/waz-hydrauliczny-2-te-en-854\/\">2 TE<\/a> i <a href=\"https:\/\/sklep.stomil-bydgoszcz.pl\/kategoria-produktu\/grupy-produktow\/weze-hydrauliczne\/weze-do-myjni\/\">Car Wash Hoses<\/a>.<\/p>","protected":false},"excerpt":{"rendered":"<p><strong>Working Pressures: <\/strong>from 63 to 225 bar depending on diameter |&nbsp;<strong>Working Temperature: <\/strong>from -20\u00b0C to +150\u00b0C<\/p>","protected":false},"featured_media":7633,"comment_status":"closed","ping_status":"closed","template":"","meta":[],"product_brand":[],"product_cat":[249,88,155,77,221,91],"product_tag":[],"class_list":{"0":"post-7635","1":"product","2":"type-product","3":"status-publish","4":"has-post-thumbnail","6":"product_cat-1sn-euro-wash-150c","7":"product_cat-branze","8":"product_cat-budowa-maszyn-i-urzadzen","9":"product_cat-grupy-produktow","10":"product_cat-weze-do-myjni","11":"product_cat-weze-hydrauliczne","13":"first","14":"instock","15":"taxable","16":"shipping-taxable","17":"purchasable","18":"product-type-variable"},"stomil_properties":[{"variation_id":7637,"sku":"WH1SNM106S0F003","variation_title":"W\u0105\u017c hydrauliczny 1SN EURO WASH 150C DN06 (1\/4\") 225 bar","properties":[{"property":"\u015arednica nominalna wewn\u0119trzna","unit":"mm","value":"6"},{"property":"\u015arednica nominalna wewn\u0119trzna","unit":"cal","value":"1\/4"},{"property":"\u015arednica wewn\u0119trzna [mm]","unit":"min.","value":"6,4"},{"property":"\u015arednica wewn\u0119trzna [mm]","unit":"max.","value":"7,0"},{"property":"\u015arednica zewn\u0119trzna oplotu stalowego [mm]","unit":"min.","value":"10,6"},{"property":"\u015arednica zewn\u0119trzna oplotu stalowego [mm]","unit":"max.","value":"11,6"},{"property":"\u015arednica zewn\u0119trzna [mm]","unit":"max.","value":"14,1"},{"property":"Maksymalne ci\u015bnienie robocze","unit":"bar","value":"225"},{"property":"Maksymalne ci\u015bnienie robocze","unit":"psi","value":"3263"},{"property":"Ci\u015bnienie rozrywaj\u0105ce","unit":"bar","value":"900"},{"property":"Wsp\u00f3\u0142czynnik bezpiecze\u0144stwa","unit":"-","value":"4,0"},{"property":"Najmniejszy promie\u0144 zgi\u0119cia","unit":"mm","value":"100"},{"property":"Waga jednostkowa","unit":"kg\/m","value":"0,2"}]},{"variation_id":7639,"sku":"WH1SNM108S0F003","variation_title":"W\u0105\u017c hydrauliczny 1SN EURO WASH 150C DN08 (5\/16\") 215 bar","properties":[{"property":"\u015arednica nominalna wewn\u0119trzna","unit":"mm","value":"8"},{"property":"\u015arednica nominalna wewn\u0119trzna","unit":"cal","value":"5\/16"},{"property":"\u015arednica wewn\u0119trzna [mm]","unit":"min.","value":"7,9"},{"property":"\u015arednica wewn\u0119trzna [mm]","unit":"max.","value":"8,5"},{"property":"\u015arednica zewn\u0119trzna oplotu stalowego [mm]","unit":"min.","value":"12,1"},{"property":"\u015arednica zewn\u0119trzna oplotu stalowego [mm]","unit":"max.","value":"13,3"},{"property":"\u015arednica zewn\u0119trzna [mm]","unit":"max.","value":"15,7"},{"property":"Maksymalne ci\u015bnienie robocze","unit":"bar","value":"215"},{"property":"Maksymalne ci\u015bnienie robocze","unit":"psi","value":"3118"},{"property":"Ci\u015bnienie rozrywaj\u0105ce","unit":"bar","value":"850"},{"property":"Wsp\u00f3\u0142czynnik bezpiecze\u0144stwa","unit":"-","value":"4,0"},{"property":"Najmniejszy promie\u0144 zgi\u0119cia","unit":"mm","value":"115"},{"property":"Waga jednostkowa","unit":"kg\/m","value":"0,25"}]},{"variation_id":7641,"sku":"WH1SNM110S0F003","variation_title":"W\u0105\u017c hydrauliczny 1SN EURO WASH 150C DN10 (3\/8\") 180 bar","properties":[{"property":"\u015arednica nominalna wewn\u0119trzna","unit":"mm","value":"10"},{"property":"\u015arednica nominalna wewn\u0119trzna","unit":"cal","value":"3\/8"},{"property":"\u015arednica wewn\u0119trzna [mm]","unit":"min.","value":"9,5"},{"property":"\u015arednica wewn\u0119trzna [mm]","unit":"max.","value":"10,1"},{"property":"\u015arednica zewn\u0119trzna oplotu stalowego [mm]","unit":"min.","value":"14,5"},{"property":"\u015arednica zewn\u0119trzna oplotu stalowego [mm]","unit":"max.","value":"15,7"},{"property":"\u015arednica zewn\u0119trzna [mm]","unit":"max.","value":"18,1"},{"property":"Maksymalne ci\u015bnienie robocze","unit":"bar","value":"180"},{"property":"Maksymalne ci\u015bnienie robocze","unit":"psi","value":"2611"},{"property":"Ci\u015bnienie rozrywaj\u0105ce","unit":"bar","value":"720"},{"property":"Wsp\u00f3\u0142czynnik bezpiecze\u0144stwa","unit":"-","value":"4,0"},{"property":"Najmniejszy promie\u0144 zgi\u0119cia","unit":"mm","value":"130"},{"property":"Waga jednostkowa","unit":"kg\/m","value":"0,32"}]},{"variation_id":7643,"sku":"WH1SNM112S0F003","variation_title":"W\u0105\u017c hydrauliczny 1SN EURO WASH 150C DN12 (1\/2\") 160 bar","properties":[{"property":"\u015arednica nominalna wewn\u0119trzna","unit":"mm","value":"12"},{"property":"\u015arednica nominalna wewn\u0119trzna","unit":"cal","value":"1\/2"},{"property":"\u015arednica wewn\u0119trzna [mm]","unit":"min.","value":"12,7"},{"property":"\u015arednica wewn\u0119trzna [mm]","unit":"max.","value":"13,5"},{"property":"\u015arednica zewn\u0119trzna oplotu stalowego [mm]","unit":"min.","value":"17,5"},{"property":"\u015arednica zewn\u0119trzna oplotu stalowego [mm]","unit":"max.","value":"19,1"},{"property":"\u015arednica zewn\u0119trzna [mm]","unit":"max.","value":"21,4"},{"property":"Maksymalne ci\u015bnienie robocze","unit":"bar","value":"160"},{"property":"Maksymalne ci\u015bnienie robocze","unit":"psi","value":"2321"},{"property":"Ci\u015bnienie rozrywaj\u0105ce","unit":"bar","value":"640"},{"property":"Wsp\u00f3\u0142czynnik bezpiecze\u0144stwa","unit":"-","value":"4,0"},{"property":"Najmniejszy promie\u0144 zgi\u0119cia","unit":"mm","value":"180"},{"property":"Waga jednostkowa","unit":"kg\/m","value":"0,37"}]},{"variation_id":7645,"sku":"","variation_title":"W\u0105\u017c hydrauliczny 1SN EURO WASH 150C DN16 (5\/8\") 130 bar","properties":[{"property":"\u015arednica nominalna wewn\u0119trzna","unit":"mm","value":"16"},{"property":"\u015arednica nominalna wewn\u0119trzna","unit":"cal","value":"5\/8"},{"property":"\u015arednica wewn\u0119trzna [mm]","unit":"min.","value":"15,8"},{"property":"\u015arednica wewn\u0119trzna [mm]","unit":"max.","value":"16,7"},{"property":"\u015arednica zewn\u0119trzna oplotu stalowego [mm]","unit":"min.","value":"20,6"},{"property":"\u015arednica zewn\u0119trzna oplotu stalowego [mm]","unit":"max.","value":"22,2"},{"property":"\u015arednica zewn\u0119trzna [mm]","unit":"max.","value":"25,5"},{"property":"Maksymalne ci\u015bnienie robocze","unit":"bar","value":"130"},{"property":"Maksymalne ci\u015bnienie robocze","unit":"psi","value":"1885"},{"property":"Ci\u015bnienie rozrywaj\u0105ce","unit":"bar","value":"520"},{"property":"Wsp\u00f3\u0142czynnik bezpiecze\u0144stwa","unit":"-","value":"4,0"},{"property":"Najmniejszy promie\u0144 zgi\u0119cia","unit":"mm","value":"200"},{"property":"Waga jednostkowa","unit":"kg\/m","value":"0,51"}]},{"variation_id":7647,"sku":"","variation_title":"W\u0105\u017c hydrauliczny 1SN EURO WASH 150C DN19 (3\/4\") 105 bar","properties":[{"property":"\u015arednica nominalna wewn\u0119trzna","unit":"mm","value":"19"},{"property":"\u015arednica nominalna wewn\u0119trzna","unit":"cal","value":"3\/4"},{"property":"\u015arednica wewn\u0119trzna [mm]","unit":"min.","value":"18,8"},{"property":"\u015arednica wewn\u0119trzna [mm]","unit":"max.","value":"19,8"},{"property":"\u015arednica zewn\u0119trzna oplotu stalowego [mm]","unit":"min.","value":"24,6"},{"property":"\u015arednica zewn\u0119trzna oplotu stalowego [mm]","unit":"max.","value":"26,2"},{"property":"\u015arednica zewn\u0119trzna [mm]","unit":"max.","value":"28,5"},{"property":"Maksymalne ci\u015bnienie robocze","unit":"bar","value":"105"},{"property":"Maksymalne ci\u015bnienie robocze","unit":"psi","value":"1523"},{"property":"Ci\u015bnienie rozrywaj\u0105ce","unit":"bar","value":"420"},{"property":"Wsp\u00f3\u0142czynnik bezpiecze\u0144stwa","unit":"-","value":"4,0"},{"property":"Najmniejszy promie\u0144 zgi\u0119cia","unit":"mm","value":"240"},{"property":"Waga jednostkowa","unit":"kg\/m","value":"0,68"}]},{"variation_id":7649,"sku":"","variation_title":"W\u0105\u017c hydrauliczny 1SN EURO WASH 150C DN25 (1\") 88 bar","properties":[{"property":"\u015arednica nominalna wewn\u0119trzna","unit":"mm","value":"25"},{"property":"\u015arednica nominalna wewn\u0119trzna","unit":"cal","value":"1"},{"property":"\u015arednica wewn\u0119trzna [mm]","unit":"min.","value":"25,4"},{"property":"\u015arednica wewn\u0119trzna [mm]","unit":"max.","value":"26,4"},{"property":"\u015arednica zewn\u0119trzna oplotu stalowego [mm]","unit":"min.","value":"32,5"},{"property":"\u015arednica zewn\u0119trzna oplotu stalowego [mm]","unit":"max.","value":"34,1"},{"property":"\u015arednica zewn\u0119trzna [mm]","unit":"max.","value":"36,6"},{"property":"Maksymalne ci\u015bnienie robocze","unit":"bar","value":"88"},{"property":"Maksymalne ci\u015bnienie robocze","unit":"psi","value":"1276"},{"property":"Ci\u015bnienie rozrywaj\u0105ce","unit":"bar","value":"350"},{"property":"Wsp\u00f3\u0142czynnik bezpiecze\u0144stwa","unit":"-","value":"4,0"},{"property":"Najmniejszy promie\u0144 zgi\u0119cia","unit":"mm","value":"300"},{"property":"Waga jednostkowa","unit":"kg\/m","value":"1,02"}]},{"variation_id":7651,"sku":"","variation_title":"W\u0105\u017c hydrauliczny 1SN EURO WASH 150C DN31 (1.1\/4\") 63 bar","properties":[{"property":"\u015arednica nominalna wewn\u0119trzna","unit":"mm","value":"31"},{"property":"\u015arednica nominalna wewn\u0119trzna","unit":"cal","value":"1 1\/4"},{"property":"\u015arednica wewn\u0119trzna [mm]","unit":"min.","value":"31,8"},{"property":"\u015arednica wewn\u0119trzna [mm]","unit":"max.","value":"33,0"},{"property":"\u015arednica zewn\u0119trzna oplotu stalowego [mm]","unit":"min.","value":"39,3"},{"property":"\u015arednica zewn\u0119trzna oplotu stalowego [mm]","unit":"max.","value":"41,7"},{"property":"\u015arednica zewn\u0119trzna [mm]","unit":"max.","value":"44,8"},{"property":"Maksymalne ci\u015bnienie robocze","unit":"bar","value":"63"},{"property":"Maksymalne ci\u015bnienie robocze","unit":"psi","value":"914"},{"property":"Ci\u015bnienie rozrywaj\u0105ce","unit":"bar","value":"250"},{"property":"Wsp\u00f3\u0142czynnik bezpiecze\u0144stwa","unit":"-","value":"4,0"},{"property":"Najmniejszy promie\u0144 zgi\u0119cia","unit":"mm","value":"420"},{"property":"Waga jednostkowa","unit":"kg\/m","value":"1,32"}]}],"_links":{"self":[{"href":"https:\/\/new.stomil-bydgoszcz.pl\/en\/wp-json\/wp\/v2\/product\/7635","targetHints":{"allow":["GET"]}}],"collection":[{"href":"https:\/\/new.stomil-bydgoszcz.pl\/en\/wp-json\/wp\/v2\/product"}],"about":[{"href":"https:\/\/new.stomil-bydgoszcz.pl\/en\/wp-json\/wp\/v2\/types\/product"}],"replies":[{"embeddable":true,"href":"https:\/\/new.stomil-bydgoszcz.pl\/en\/wp-json\/wp\/v2\/comments?post=7635"}],"wp:featuredmedia":[{"embeddable":true,"href":"https:\/\/new.stomil-bydgoszcz.pl\/en\/wp-json\/wp\/v2\/media\/7633"}],"wp:attachment":[{"href":"https:\/\/new.stomil-bydgoszcz.pl\/en\/wp-json\/wp\/v2\/media?parent=7635"}],"wp:term":[{"taxonomy":"product_brand","embeddable":true,"href":"https:\/\/new.stomil-bydgoszcz.pl\/en\/wp-json\/wp\/v2\/product_brand?post=7635"},{"taxonomy":"product_cat","embeddable":true,"href":"https:\/\/new.stomil-bydgoszcz.pl\/en\/wp-json\/wp\/v2\/product_cat?post=7635"},{"taxonomy":"product_tag","embeddable":true,"href":"https:\/\/new.stomil-bydgoszcz.pl\/en\/wp-json\/wp\/v2\/product_tag?post=7635"}],"curies":[{"name":"wp","href":"https:\/\/api.w.org\/{rel}","templated":true}]}}