{"id":7654,"date":"2026-03-17T21:40:22","date_gmt":"2026-03-17T21:40:22","guid":{"rendered":"https:\/\/new.stomil-bydgoszcz.pl\/produkt\/waz-hydrauliczny-2-sn-en-853-r2s-sae-j517\/"},"modified":"2026-04-12T13:57:05","modified_gmt":"2026-04-12T13:57:05","slug":"hydraulic-vase-2-sn-en-853-r2s-sae-j517","status":"publish","type":"product","link":"https:\/\/new.stomil-bydgoszcz.pl\/en\/produkt\/waz-hydrauliczny-2-sn-en-853-r2s-sae-j517\/","title":{"rendered":"HYDRAULIC HOSES 2 SN EN 853 \/ R2S SAE J517"},"content":{"rendered":"<p><strong>APPLICATION<\/strong><\/p>\n<p>General purpose Hoses used for:<br \/>\n- Hydraulic fluids conforming to ISO 6743-4 except HFD R, HFD S, HFD T (from -40\u00b0C to +100\u00b0C),<br \/>\n- aqueous solutions (from -40\u00b0C to +70\u00b0C),<br \/>\n- Water (0\u00b0C to +70\u00b0C),<br \/>\n- Compressed air (from 0\u00b0C to +80\u00b0C).<\/p>\n<p>They are not designed for fluids containing castor oil and esters.<\/p>\n<p><strong>Working Pressures<br \/>\n<\/strong>From 125 to 415 bar, depending on the diameter.<\/p>\n<p><strong>Working Temperature<br \/>\n<\/strong>From -40\u00b0C to +100\u00b0C<br \/>\nShort-term up to +125\u00b0C<\/p>\n<p><strong>CONSTRUCTION<br \/>\n<\/strong>Complies with EN 853, SAE J517 standards.<\/p>\n<p><strong>Inner layer<br \/>\n<\/strong>Black colored rubber made of synthetic rubber resistant to oil and water.<\/p>\n<p><strong>Reinforcement<br \/>\n<\/strong>2 Wire Braided with high-strength steel wire.<\/p>\n<p><strong>Outer layer<br \/>\n<\/strong>Black colored rubber made of synthetic rubber resistant to abrasion, oil, weather and ozone.<\/p>\n<p>For diameters from DN 6 to DN 19, it is possible to produce Hoses in a version coated with ultra wear-resistant Black Diamond coating (UHMWPE) with MSHA approval.<\/p>\n<p>Also check out HYDRAULIC HOSES: <a href=\"https:\/\/sklep.stomil-bydgoszcz.pl\/kategoria-produktu\/grupy-produktow\/weze-hydrauliczne\/weze-hydrauliczne\/1sc\/\">1 SC<\/a>, <a href=\"https:\/\/sklep.stomil-bydgoszcz.pl\/produkt\/waz-hydrauliczny-2-sc-en-857\/\">2 SC<\/a>, <a href=\"https:\/\/sklep.stomil-bydgoszcz.pl\/produkt\/waz-hydrauliczny-1-sn-en-853-r1s-sae-j517\/\">1 SN<\/a>, <a href=\"https:\/\/sklep.stomil-bydgoszcz.pl\/produkt\/waz-hydrauliczny-2-sn-en-853-r2s-sae-j517\/\">2 SN<\/a>, <a href=\"https:\/\/sklep.stomil-bydgoszcz.pl\/produkt\/waz-hydrauliczny-eh-221-en-857\/\">ETH 221<\/a>, <a href=\"https:\/\/sklep.stomil-bydgoszcz.pl\/produkt\/waz-hydrauliczny-3-sp\/\">3 SP<\/a>, <a href=\"https:\/\/sklep.stomil-bydgoszcz.pl\/produkt\/waz-hydrauliczny-2-te-en-854\/\">2 TE<\/a> i <a href=\"https:\/\/sklep.stomil-bydgoszcz.pl\/kategoria-produktu\/grupy-produktow\/weze-hydrauliczne\/weze-do-myjni\/\">Car Wash Hoses<\/a>.<\/p>","protected":false},"excerpt":{"rendered":"<p><strong>Working Pressures: <\/strong>125 to 415 bar depending on diameter |\u00a0<strong>Working Temperature: <\/strong>From -40\u00b0C to +100\u00b0C; short-term up to +125\u00b0C<\/p>","protected":false},"featured_media":7652,"comment_status":"closed","ping_status":"closed","template":"","meta":[],"product_brand":[],"product_cat":[250,88,155,92,77,178,91],"product_tag":[],"class_list":{"0":"post-7654","1":"product","2":"type-product","3":"status-publish","4":"has-post-thumbnail","6":"product_cat-2sn","7":"product_cat-branze","8":"product_cat-budowa-maszyn-i-urzadzen","9":"product_cat-budownictwo","10":"product_cat-grupy-produktow","11":"product_cat-rolnictwo","12":"product_cat-weze-hydrauliczne","14":"first","15":"instock","16":"taxable","17":"shipping-taxable","18":"purchasable","19":"product-type-variable"},"stomil_properties":[{"variation_id":7656,"sku":"WH2SNZW05S0F001","variation_title":"W\u0105\u017c hydrauliczny 2 SN EN 853 \/ R2S SAE J517 DN05 (3\/16\") 415 bar","properties":[{"property":"\u015arednica nominalna wewn\u0119trzna","unit":"mm","value":"5"},{"property":"\u015arednica nominalna wewn\u0119trzna","unit":"cal","value":"3\/16"},{"property":"\u015arednica wewn\u0119trzna [mm]","unit":"min.","value":"4,9"},{"property":"\u015arednica wewn\u0119trzna [mm]","unit":"max.","value":"5,4"},{"property":"\u015arednica zewn\u0119trzna oplotu stalowego [mm]","unit":"min.","value":"10,6"},{"property":"\u015arednica zewn\u0119trzna oplotu stalowego [mm]","unit":"max.","value":"11,6"},{"property":"\u015arednica zewn\u0119trzna [mm]","unit":"max.","value":"14,1"},{"property":"Maksymalne ci\u015bnienie robocze","unit":"bar","value":"415"},{"property":"Maksymalne ci\u015bnienie robocze","unit":"psi","value":"6019"},{"property":"Ci\u015bnienie rozrywaj\u0105ce","unit":"bar","value":"1650"},{"property":"Wsp\u00f3\u0142czynnik bezpiecze\u0144stwa","unit":"-","value":"4,0"},{"property":"Najmniejszy promie\u0144 zgi\u0119cia","unit":"mm","value":"90"},{"property":"Waga jednostkowa","unit":"kg\/m","value":"0,25"}]},{"variation_id":7658,"sku":"WH2SNZW06S0F001","variation_title":"W\u0105\u017c hydrauliczny 2 SN EN 853 \/ R2S SAE J517 DN06 (1\/4\") 400 bar","properties":[{"property":"\u015arednica nominalna wewn\u0119trzna","unit":"mm","value":"6"},{"property":"\u015arednica nominalna wewn\u0119trzna","unit":"cal","value":"1\/4 "},{"property":"\u015arednica wewn\u0119trzna [mm]","unit":"min.","value":"6,4"},{"property":"\u015arednica wewn\u0119trzna [mm]","unit":"max.","value":"7,0"},{"property":"\u015arednica zewn\u0119trzna oplotu stalowego [mm]","unit":"min.","value":"12,1"},{"property":"\u015arednica zewn\u0119trzna oplotu stalowego [mm]","unit":"max.","value":"13,3"},{"property":"\u015arednica zewn\u0119trzna [mm]","unit":"max.","value":"15,7"},{"property":"Maksymalne ci\u015bnienie robocze","unit":"bar","value":"400"},{"property":"Maksymalne ci\u015bnienie robocze","unit":"psi","value":"5801"},{"property":"Ci\u015bnienie rozrywaj\u0105ce","unit":"bar","value":"1600"},{"property":"Wsp\u00f3\u0142czynnik bezpiecze\u0144stwa","unit":"-","value":"4,0"},{"property":"Najmniejszy promie\u0144 zgi\u0119cia","unit":"mm","value":"100"},{"property":"Waga jednostkowa","unit":"kg\/m","value":"0,3"}]},{"variation_id":7660,"sku":"WH2SNZW08S0F001","variation_title":"W\u0105\u017c hydrauliczny 2 SN EN 853 \/ R2S SAE J517 DN08 (5\/16\") 350 bar","properties":[{"property":"\u015arednica nominalna wewn\u0119trzna","unit":"mm","value":"8"},{"property":"\u015arednica nominalna wewn\u0119trzna","unit":"cal","value":"5\/16"},{"property":"\u015arednica wewn\u0119trzna [mm]","unit":"min.","value":"7,9"},{"property":"\u015arednica wewn\u0119trzna [mm]","unit":"max.","value":"8,5"},{"property":"\u015arednica zewn\u0119trzna oplotu stalowego [mm]","unit":"min.","value":"13,7"},{"property":"\u015arednica zewn\u0119trzna oplotu stalowego [mm]","unit":"max.","value":"14,9"},{"property":"\u015arednica zewn\u0119trzna [mm]","unit":"max.","value":"17,3"},{"property":"Maksymalne ci\u015bnienie robocze","unit":"bar","value":"350"},{"property":"Maksymalne ci\u015bnienie robocze","unit":"psi","value":"5076"},{"property":"Ci\u015bnienie rozrywaj\u0105ce","unit":"bar","value":"1400"},{"property":"Wsp\u00f3\u0142czynnik bezpiecze\u0144stwa","unit":"-","value":"4,0"},{"property":"Najmniejszy promie\u0144 zgi\u0119cia","unit":"mm","value":"115"},{"property":"Waga jednostkowa","unit":"kg\/m","value":"0,36"}]},{"variation_id":7662,"sku":"WH2SNZW10S0F001","variation_title":"W\u0105\u017c hydrauliczny 2 SN EN 853 \/ R2S SAE J517 DN10 (3\/8\") 330 bar","properties":[{"property":"\u015arednica nominalna wewn\u0119trzna","unit":"mm","value":"10"},{"property":"\u015arednica nominalna wewn\u0119trzna","unit":"cal","value":"3\/8"},{"property":"\u015arednica wewn\u0119trzna [mm]","unit":"min.","value":"9,5"},{"property":"\u015arednica wewn\u0119trzna [mm]","unit":"max.","value":"10,1"},{"property":"\u015arednica zewn\u0119trzna oplotu stalowego [mm]","unit":"min.","value":"16,1"},{"property":"\u015arednica zewn\u0119trzna oplotu stalowego [mm]","unit":"max.","value":"17,3"},{"property":"\u015arednica zewn\u0119trzna [mm]","unit":"max.","value":"19,7"},{"property":"Maksymalne ci\u015bnienie robocze","unit":"bar","value":"330"},{"property":"Maksymalne ci\u015bnienie robocze","unit":"psi","value":"4786"},{"property":"Ci\u015bnienie rozrywaj\u0105ce","unit":"bar","value":"1320"},{"property":"Wsp\u00f3\u0142czynnik bezpiecze\u0144stwa","unit":"-","value":"4,0"},{"property":"Najmniejszy promie\u0144 zgi\u0119cia","unit":"mm","value":"130"},{"property":"Waga jednostkowa","unit":"kg\/m","value":"0,44"}]},{"variation_id":7664,"sku":"WH2SNZW12S0F001","variation_title":"W\u0105\u017c hydrauliczny 2 SN EN 853 \/ R2S SAE J517 DN12 (1\/2\") 275 bar","properties":[{"property":"\u015arednica nominalna wewn\u0119trzna","unit":"mm","value":"12"},{"property":"\u015arednica nominalna wewn\u0119trzna","unit":"cal","value":"1\/2 "},{"property":"\u015arednica wewn\u0119trzna [mm]","unit":"min.","value":"12,7"},{"property":"\u015arednica wewn\u0119trzna [mm]","unit":"max.","value":"13,5"},{"property":"\u015arednica zewn\u0119trzna oplotu stalowego [mm]","unit":"min.","value":"19,0"},{"property":"\u015arednica zewn\u0119trzna oplotu stalowego [mm]","unit":"max.","value":"20,6"},{"property":"\u015arednica zewn\u0119trzna [mm]","unit":"max.","value":"23,0"},{"property":"Maksymalne ci\u015bnienie robocze","unit":"bar","value":"275"},{"property":"Maksymalne ci\u015bnienie robocze","unit":"psi","value":"3988"},{"property":"Ci\u015bnienie rozrywaj\u0105ce","unit":"bar","value":"1100"},{"property":"Wsp\u00f3\u0142czynnik bezpiecze\u0144stwa","unit":"-","value":"4,0"},{"property":"Najmniejszy promie\u0144 zgi\u0119cia","unit":"mm","value":"180"},{"property":"Waga jednostkowa","unit":"kg\/m","value":"0,52"}]},{"variation_id":7666,"sku":"WH2SNZW16S0F001","variation_title":"W\u0105\u017c hydrauliczny 2 SN EN 853 \/ R2S SAE J517 DN16 (5\/8\") 250 bar","properties":[{"property":"\u015arednica nominalna wewn\u0119trzna","unit":"mm","value":"16"},{"property":"\u015arednica nominalna wewn\u0119trzna","unit":"cal","value":"5\/8"},{"property":"\u015arednica wewn\u0119trzna [mm]","unit":"min.","value":"15,8"},{"property":"\u015arednica wewn\u0119trzna [mm]","unit":"max.","value":"16,7"},{"property":"\u015arednica zewn\u0119trzna oplotu stalowego [mm]","unit":"min.","value":"22,2"},{"property":"\u015arednica zewn\u0119trzna oplotu stalowego [mm]","unit":"max.","value":"23,8"},{"property":"\u015arednica zewn\u0119trzna [mm]","unit":"max.","value":"26,2"},{"property":"Maksymalne ci\u015bnienie robocze","unit":"bar","value":"250"},{"property":"Maksymalne ci\u015bnienie robocze","unit":"psi","value":"3626"},{"property":"Ci\u015bnienie rozrywaj\u0105ce","unit":"bar","value":"1000"},{"property":"Wsp\u00f3\u0142czynnik bezpiecze\u0144stwa","unit":"-","value":"4,0"},{"property":"Najmniejszy promie\u0144 zgi\u0119cia","unit":"mm","value":"200"},{"property":"Waga jednostkowa","unit":"kg\/m","value":"0,65"}]},{"variation_id":7668,"sku":"WH2SNZW19S0F001","variation_title":"W\u0105\u017c hydrauliczny 2 SN EN 853 \/ R2S SAE J517 DN19 (3\/4\") 215 bar","properties":[{"property":"\u015arednica nominalna wewn\u0119trzna","unit":"mm","value":"19"},{"property":"\u015arednica nominalna wewn\u0119trzna","unit":"cal","value":"3\/4"},{"property":"\u015arednica wewn\u0119trzna [mm]","unit":"min.","value":"18,8"},{"property":"\u015arednica wewn\u0119trzna [mm]","unit":"max.","value":"19,8"},{"property":"\u015arednica zewn\u0119trzna oplotu stalowego [mm]","unit":"min.","value":"26,2"},{"property":"\u015arednica zewn\u0119trzna oplotu stalowego [mm]","unit":"max.","value":"27,8"},{"property":"\u015arednica zewn\u0119trzna [mm]","unit":"max.","value":"30,1"},{"property":"Maksymalne ci\u015bnienie robocze","unit":"bar","value":"215"},{"property":"Maksymalne ci\u015bnienie robocze","unit":"psi","value":"3118"},{"property":"Ci\u015bnienie rozrywaj\u0105ce","unit":"bar","value":"860"},{"property":"Wsp\u00f3\u0142czynnik bezpiecze\u0144stwa","unit":"-","value":"4,0"},{"property":"Najmniejszy promie\u0144 zgi\u0119cia","unit":"mm","value":"240"},{"property":"Waga jednostkowa","unit":"kg\/m","value":"0,93"}]},{"variation_id":7670,"sku":"WH2SNZW25S0F001","variation_title":"W\u0105\u017c hydrauliczny 2 SN EN 853 \/ R2S SAE J517 DN25 (1\") 165 bar","properties":[{"property":"\u015arednica nominalna wewn\u0119trzna","unit":"mm","value":"25"},{"property":"\u015arednica nominalna wewn\u0119trzna","unit":"cal","value":"1"},{"property":"\u015arednica wewn\u0119trzna [mm]","unit":"min.","value":"25,4"},{"property":"\u015arednica wewn\u0119trzna [mm]","unit":"max.","value":"26,4"},{"property":"\u015arednica zewn\u0119trzna oplotu stalowego [mm]","unit":"min.","value":"34,1"},{"property":"\u015arednica zewn\u0119trzna oplotu stalowego [mm]","unit":"max.","value":"35,7"},{"property":"\u015arednica zewn\u0119trzna [mm]","unit":"max.","value":"38,7"},{"property":"Maksymalne ci\u015bnienie robocze","unit":"bar","value":"165"},{"property":"Maksymalne ci\u015bnienie robocze","unit":"psi","value":"2393"},{"property":"Ci\u015bnienie rozrywaj\u0105ce","unit":"bar","value":"660"},{"property":"Wsp\u00f3\u0142czynnik bezpiecze\u0144stwa","unit":"-","value":"4,0"},{"property":"Najmniejszy promie\u0144 zgi\u0119cia","unit":"mm","value":"300"},{"property":"Waga jednostkowa","unit":"kg\/m","value":"1,37"}]},{"variation_id":7672,"sku":"WH2SNZW31S0F001","variation_title":"W\u0105\u017c hydrauliczny 2 SN EN 853 \/ R2S SAE J517 DN31 (1 1\/4\") 125 bar","properties":[{"property":"\u015arednica nominalna wewn\u0119trzna","unit":"mm","value":"31"},{"property":"\u015arednica nominalna wewn\u0119trzna","unit":"cal","value":"1 1\/4"},{"property":"\u015arednica wewn\u0119trzna [mm]","unit":"min.","value":"31,8"},{"property":"\u015arednica wewn\u0119trzna [mm]","unit":"max.","value":"33,0"},{"property":"\u015arednica zewn\u0119trzna oplotu stalowego [mm]","unit":"min.","value":"43,3"},{"property":"\u015arednica zewn\u0119trzna oplotu stalowego [mm]","unit":"max.","value":"45,7"},{"property":"\u015arednica zewn\u0119trzna [mm]","unit":"max.","value":"49,5"},{"property":"Maksymalne ci\u015bnienie robocze","unit":"bar","value":"125"},{"property":"Maksymalne ci\u015bnienie robocze","unit":"psi","value":"1813"},{"property":"Ci\u015bnienie rozrywaj\u0105ce","unit":"bar","value":"500"},{"property":"Wsp\u00f3\u0142czynnik bezpiecze\u0144stwa","unit":"-","value":"4,0"},{"property":"Najmniejszy promie\u0144 zgi\u0119cia","unit":"mm","value":"420"},{"property":"Waga jednostkowa","unit":"kg\/m","value":"1,89"}]}],"_links":{"self":[{"href":"https:\/\/new.stomil-bydgoszcz.pl\/en\/wp-json\/wp\/v2\/product\/7654","targetHints":{"allow":["GET"]}}],"collection":[{"href":"https:\/\/new.stomil-bydgoszcz.pl\/en\/wp-json\/wp\/v2\/product"}],"about":[{"href":"https:\/\/new.stomil-bydgoszcz.pl\/en\/wp-json\/wp\/v2\/types\/product"}],"replies":[{"embeddable":true,"href":"https:\/\/new.stomil-bydgoszcz.pl\/en\/wp-json\/wp\/v2\/comments?post=7654"}],"wp:featuredmedia":[{"embeddable":true,"href":"https:\/\/new.stomil-bydgoszcz.pl\/en\/wp-json\/wp\/v2\/media\/7652"}],"wp:attachment":[{"href":"https:\/\/new.stomil-bydgoszcz.pl\/en\/wp-json\/wp\/v2\/media?parent=7654"}],"wp:term":[{"taxonomy":"product_brand","embeddable":true,"href":"https:\/\/new.stomil-bydgoszcz.pl\/en\/wp-json\/wp\/v2\/product_brand?post=7654"},{"taxonomy":"product_cat","embeddable":true,"href":"https:\/\/new.stomil-bydgoszcz.pl\/en\/wp-json\/wp\/v2\/product_cat?post=7654"},{"taxonomy":"product_tag","embeddable":true,"href":"https:\/\/new.stomil-bydgoszcz.pl\/en\/wp-json\/wp\/v2\/product_tag?post=7654"}],"curies":[{"name":"wp","href":"https:\/\/api.w.org\/{rel}","templated":true}]}}