{"id":8097,"date":"2026-04-13T16:34:42","date_gmt":"2026-04-13T16:34:42","guid":{"rendered":"https:\/\/new.stomil-bydgoszcz.pl\/?page_id=8097"},"modified":"2026-04-18T11:56:52","modified_gmt":"2026-04-18T11:56:52","slug":"politica-de-cookies","status":"publish","type":"page","link":"https:\/\/new.stomil-bydgoszcz.pl\/es\/polityka-cookies\/","title":{"rendered":"Pol\u00edtica de cookies"},"content":{"rendered":"<p>&nbsp;<\/p>\n<p>Esta Pol\u00edtica se refiere a las cookies y se aplica al sitio web <a href=\"https:\/\/www.sklep.stomil-bydgoszcz.pl\/\">sklep.Stomil Bydgoszcz.pl<\/a> perteneciente a Plantas de la Industria del Caucho de Bydgoszcz STOMIL S.A. en reestructuraci\u00f3n.<\/p>\n<p><strong>\u00bfQu\u00e9 son las cookies? <\/strong><\/p>\n<p>Las cookies son datos inform\u00e1ticos, en particular archivos de texto, que se almacenan en los equipos terminales de los usuarios para el uso de sitios web. Estas \u201ecookies\u201d permiten al sitio web reconocer el dispositivo del usuario y mostrar el sitio web en consecuencia, adaptado a las preferencias individuales del usuario. Las \u201ecookies\u201d suelen contener el nombre del sitio web del que proceden, el tiempo que permanecen almacenadas en el dispositivo terminal y un n\u00famero \u00fanico.<\/p>\n<p><strong>\u00bfPara qu\u00e9 utilizamos las cookies? <\/strong><\/p>\n<p>Las cookies se utilizan para adaptar el contenido de las p\u00e1ginas web a las preferencias del usuario y para optimizar el uso de las p\u00e1ginas web. Tambi\u00e9n se utilizan para crear estad\u00edsticas an\u00f3nimas y agregadas que ayudan a comprender c\u00f3mo utiliza el usuario las p\u00e1ginas web, lo que permite mejorar su estructura y contenido, excluyendo la identificaci\u00f3n personal del usuario.<\/p>\n<p><strong>\u00bfQu\u00e9 cookies utilizamos? <\/strong><\/p>\n<p>Se utilizan dos tipos de \u201ecookies\u201d: de sesi\u00f3n y permanentes. Las primeras son archivos temporales que permanecen en el dispositivo del usuario hasta que \u00e9ste se desconecta del sitio web o apaga el software (navegador web). Los archivos \u201epermanentes\u201d permanecen en el dispositivo del usuario durante el tiempo especificado en los par\u00e1metros de las \u201ecookies\u201d o hasta que el usuario los elimina manualmente. Las \u201ecookies\u201d utilizadas por los socios del operador del sitio web, incluidos en particular los usuarios del sitio web, est\u00e1n sujetas a sus propias Pol\u00edticas de privacidad.<\/p>\n<p><strong>\u00bfContienen las cookies datos personales? <\/strong><\/p>\n<p>Los datos personales recogidos mediante cookies s\u00f3lo pueden recopilarse con el fin de realizar funciones espec\u00edficas para el usuario. Dichos datos se encriptan de forma que las personas no autorizadas no puedan acceder a ellos.<\/p>\n<p><strong>Eliminaci\u00f3n de cookies\u201e <\/strong><\/p>\n<p>Por defecto, su software de navegaci\u00f3n web permite la instalaci\u00f3n de \u201ecookies\u201d en su dispositivo terminal. Esta configuraci\u00f3n puede modificarse para bloquear el tratamiento autom\u00e1tico de \u201ecookies\u201d en los ajustes de su navegador web o informarle cada vez que se env\u00eden a su dispositivo. Informaci\u00f3n detallada sobre la posibilidad y los m\u00e9todos de gesti\u00f3n de \u201ecookies\u201d est\u00e1 disponible en la configuraci\u00f3n de su software (navegador web). La restricci\u00f3n del uso de \u201ecookies\u201d puede afectar a algunas de las funcionalidades disponibles en el sitio web.<\/p>","protected":false},"excerpt":{"rendered":"<p>&nbsp; Esta Pol\u00edtica se refiere a las \u201ecookies\u201d y se aplica al sitio web sklep.stomil-bydgoszcz.pl perteneciente a Plantas de la Industria del Caucho de Bydgoszcz STOMIL S.A. w restrukturyzacji \u00bfQu\u00e9 son las \u201ecookies\u201d? Las \u201ecookies\u201d son datos inform\u00e1ticos, en particular archivos de texto almacenados en el equipo terminal de los usuarios para el uso de sitios web. Estos archivos permiten reconocer el dispositivo del usuario y...<\/p>","protected":false},"author":1,"featured_media":0,"parent":0,"menu_order":0,"comment_status":"closed","ping_status":"closed","template":"","meta":{"footnotes":""},"class_list":["post-8097","page","type-page","status-publish","hentry"],"_links":{"self":[{"href":"https:\/\/new.stomil-bydgoszcz.pl\/es\/wp-json\/wp\/v2\/pages\/8097","targetHints":{"allow":["GET"]}}],"collection":[{"href":"https:\/\/new.stomil-bydgoszcz.pl\/es\/wp-json\/wp\/v2\/pages"}],"about":[{"href":"https:\/\/new.stomil-bydgoszcz.pl\/es\/wp-json\/wp\/v2\/types\/page"}],"author":[{"embeddable":true,"href":"https:\/\/new.stomil-bydgoszcz.pl\/es\/wp-json\/wp\/v2\/users\/1"}],"replies":[{"embeddable":true,"href":"https:\/\/new.stomil-bydgoszcz.pl\/es\/wp-json\/wp\/v2\/comments?post=8097"}],"version-history":[{"count":2,"href":"https:\/\/new.stomil-bydgoszcz.pl\/es\/wp-json\/wp\/v2\/pages\/8097\/revisions"}],"predecessor-version":[{"id":8312,"href":"https:\/\/new.stomil-bydgoszcz.pl\/es\/wp-json\/wp\/v2\/pages\/8097\/revisions\/8312"}],"wp:attachment":[{"href":"https:\/\/new.stomil-bydgoszcz.pl\/es\/wp-json\/wp\/v2\/media?parent=8097"}],"curies":[{"name":"wp","href":"https:\/\/api.w.org\/{rel}","templated":true}]}}