{"id":6384,"date":"2026-03-17T21:37:45","date_gmt":"2026-03-17T21:37:45","guid":{"rendered":"https:\/\/new.stomil-bydgoszcz.pl\/produkt\/weze-do-ukladow-hamulcowych-10-mpa\/"},"modified":"2026-03-17T21:37:49","modified_gmt":"2026-03-17T21:37:49","slug":"%d1%88%d0%bb%d0%b0%d0%bd%d0%b3%d0%b8-%d0%b4%d0%bb%d1%8f-%d1%82%d0%be%d1%80%d0%bc%d0%be%d0%b7%d0%bd%d1%8b%d1%85-%d1%81%d0%b8%d1%81%d1%82%d0%b5%d0%bc-10-%d0%bc%d0%bf%d0%b0","status":"publish","type":"product","link":"https:\/\/new.stomil-bydgoszcz.pl\/ru\/produkt\/weze-do-ukladow-hamulcowych-10-mpa\/","title":{"rendered":"\u0428\u043b\u0430\u043d\u0433\u0438 \u0434\u043b\u044f \u0442\u043e\u0440\u043c\u043e\u0437\u043d\u044b\u0445 \u0441\u0438\u0441\u0442\u0435\u043c 1,0 \u041c\u041f\u0430"},"content":{"rendered":"<p>\u0428\u043b\u0430\u043d\u0433\u0438 \u043e\u0442\u043b\u0438\u0447\u0430\u044e\u0442\u0441\u044f \u0432\u044b\u0441\u043e\u043a\u043e\u0439 \u043c\u0430\u0441\u043b\u043e\u0441\u0442\u043e\u0439\u043a\u043e\u0441\u0442\u044c\u044e.<\/p>\n<p><strong>\u041f\u0420\u0418\u041b\u041e\u0416\u0415\u041d\u0418\u0415<br \/>\n<\/strong>\u0428\u043b\u0430\u043d\u0433 \u043f\u0440\u0435\u0434\u043d\u0430\u0437\u043d\u0430\u0447\u0435\u043d \u0434\u043b\u044f \u043f\u043e\u0434\u0430\u0447\u0438 \u043c\u0430\u0441\u043b\u044f\u043d\u0438\u0441\u0442\u043e\u0433\u043e \u0432\u043e\u0437\u0434\u0443\u0445\u0430 \u0432 \u043f\u043d\u0435\u0432\u043c\u0430\u0442\u0438\u0447\u0435\u0441\u043a\u0438\u0435 \u0442\u043e\u0440\u043c\u043e\u0437\u043d\u044b\u0435 \u0441\u0438\u0441\u0442\u0435\u043c\u044b \u0430\u0432\u0442\u043e\u043c\u043e\u0431\u0438\u043b\u0435\u0439 \u0438 \u043f\u0440\u0438\u0446\u0435\u043f\u043e\u0432.<\/p>\n<p><strong>\u0421\u0422\u0420\u041e\u0418\u0422\u0415\u041b\u042c\u0421\u0422\u0412\u041e<br \/>\n<\/strong>\u0418\u0437\u0433\u043e\u0442\u043e\u0432\u043b\u0435\u043d\u043e \u0432 \u0441\u043e\u043e\u0442\u0432\u0435\u0442\u0441\u0442\u0432\u0438\u0438 \u0441\u043e \u0441\u0442\u0430\u043d\u0434\u0430\u0440\u0442\u0430\u043c\u0438 PN-83\/C-94251 \u0438 ZN-4\/02\/BZPG.<\/p>\n<p><strong>\u0412\u043d\u0443\u0442\u0440\u0435\u043d\u043d\u0438\u0439 \u0441\u043b\u043e\u0439<br \/>\n<\/strong>\u0412\u044b\u0441\u043e\u043a\u043e\u043a\u0430\u0447\u0435\u0441\u0442\u0432\u0435\u043d\u043d\u0430\u044f \u0440\u0435\u0437\u0438\u043d\u043e\u0432\u0430\u044f \u0441\u043c\u0435\u0441\u044c NBR\/SBR, \u0443\u0441\u0442\u043e\u0439\u0447\u0438\u0432\u0430\u044f \u043a \u0432\u043e\u0437\u0434\u0435\u0439\u0441\u0442\u0432\u0438\u044e \u043c\u0438\u043d\u0435\u0440\u0430\u043b\u044c\u043d\u044b\u0445 \u043c\u0430\u0441\u0435\u043b.<\/p>\n<p><strong>\u0410\u0440\u043c\u0430\u0442\u0443\u0440\u0430<br \/>\n<\/strong>\u0412\u044b\u0441\u043e\u043a\u043e\u043f\u0440\u043e\u0447\u043d\u044b\u0435 \u0441\u0438\u043d\u0442\u0435\u0442\u0438\u0447\u0435\u0441\u043a\u0438\u0435 \u043d\u0438\u0442\u0438.<\/p>\n<p><strong>\u0412\u043d\u0435\u0448\u043d\u0438\u0439 \u0441\u043b\u043e\u0439<br \/>\n<\/strong>\u0427\u0435\u0440\u043d\u0430\u044f \u0440\u0435\u0437\u0438\u043d\u0430 \u0441 \u043e\u0442\u0442\u0438\u0441\u043a\u043e\u043c \u0431\u0438\u043d\u0442\u0430, \u0443\u0441\u0442\u043e\u0439\u0447\u0438\u0432\u0430\u044f \u043a \u0432\u043e\u0437\u0434\u0435\u0439\u0441\u0442\u0432\u0438\u044e \u043c\u0430\u0441\u043b\u0430, \u043f\u043e\u0433\u043e\u0434\u043d\u044b\u0445 \u0443\u0441\u043b\u043e\u0432\u0438\u0439 \u0438 \u043e\u0437\u043e\u043d\u0430.<\/p>\n<p><strong>\u041f\u041e\u0414\u041f\u0418\u0421\u0410\u0422\u042c\u0421\u042f<br \/>\n<\/strong>\u0428\u043b\u0430\u043d\u0433\u0438 \u0441 \u0431\u0435\u043b\u043e\u0439 \u043c\u0430\u0440\u043a\u0438\u0440\u043e\u0432\u043a\u043e\u0439.<\/p>","protected":false},"excerpt":{"rendered":"<p><strong>\u0420\u0430\u0431\u043e\u0447\u0435\u0435 \u0434\u0430\u0432\u043b\u0435\u043d\u0438\u0435:<\/strong> 10 \u0431\u0430\u0440 (1,0 \u041c\u041f\u0430)| <strong>\u0414\u0430\u0432\u043b\u0435\u043d\u0438\u0435 \u0440\u0430\u0437\u0440\u044b\u0432\u0430:<\/strong> 63 \u0431\u0430\u0440 (6,3 \u041c\u041f\u0430)| <strong>\u0426\u0432\u0435\u0442\u0430 \u0432 \u043d\u0430\u043b\u0438\u0447\u0438\u0438:<\/strong> \u0447\u0435\u0440\u043d\u044b\u0439 \u0438\u043b\u0438 \u0441\u0438\u043d\u0438\u0439 | <strong>\u0420\u0430\u0431\u043e\u0447\u0430\u044f \u0442\u0435\u043c\u043f\u0435\u0440\u0430\u0442\u0443\u0440\u0430: <\/strong>\u043e\u0442 -40\u00b0C \u0434\u043e +93\u00b0C<\/p>","protected":false},"featured_media":6382,"comment_status":"closed","ping_status":"closed","template":"","meta":[],"product_brand":[],"product_cat":[77,141,140],"product_tag":[],"class_list":{"0":"post-6384","1":"product","2":"type-product","3":"status-publish","4":"has-post-thumbnail","6":"product_cat-grupy-produktow","7":"product_cat-przewody-hamulcowe","8":"product_cat-weze-przemyslowe","10":"first","11":"instock","12":"taxable","13":"shipping-taxable","14":"purchasable","15":"product-type-variable"},"stomil_properties":[{"variation_id":6386,"sku":"WPUH10PN013PF013","variation_title":"w\u0105\u017c do uk\u0142. hamulcowych 1,0 MPa 13_33\/64\"\t","properties":[{"property":"\u015arednica nominalna wewn\u0119trzna","unit":"mm","value":"13,0"},{"property":"\u015arednica nominalna wewn\u0119trzna","unit":"ukryte","value":"\u00b10,7"},{"property":"\u015arednica nominalna wewn\u0119trzna","unit":"cal","value":"33\/64"},{"property":"\u015arednica zewn\u0119trzna [mm]","unit":"mm","value":"20,5"},{"property":"\u015arednica zewn\u0119trzna [mm]","unit":"ukryte","value":"\u00b11"},{"property":"Maksymalne ci\u015bnienie robocze","unit":"bar","value":"10"},{"property":"Maksymalne ci\u015bnienie robocze","unit":"MPa","value":"1,0"},{"property":"Maksymalne ci\u015bnienie robocze","unit":"psi","value":"145"},{"property":"Ci\u015bnienie rozrywaj\u0105ce","unit":"bar","value":"63"},{"property":"Wsp\u00f3\u0142czynnik bezpiecze\u0144stwa","unit":"-","value":"6,3:1\t"},{"property":"Najmniejszy promie\u0144 zgi\u0119cia","unit":"mm","value":"102"},{"property":"Standardowe d\u0142ugo\u015bci odcink\u00f3w","unit":"m","value":"od 5 do 100 m"},{"property":"Waga jednostkowa","unit":"kg\/m","value":"0,37\t"},{"property":"Rodzaj wzmocnienia","unit":"-","value":"nici"}]}],"_links":{"self":[{"href":"https:\/\/new.stomil-bydgoszcz.pl\/ru\/wp-json\/wp\/v2\/product\/6384","targetHints":{"allow":["GET"]}}],"collection":[{"href":"https:\/\/new.stomil-bydgoszcz.pl\/ru\/wp-json\/wp\/v2\/product"}],"about":[{"href":"https:\/\/new.stomil-bydgoszcz.pl\/ru\/wp-json\/wp\/v2\/types\/product"}],"replies":[{"embeddable":true,"href":"https:\/\/new.stomil-bydgoszcz.pl\/ru\/wp-json\/wp\/v2\/comments?post=6384"}],"wp:featuredmedia":[{"embeddable":true,"href":"https:\/\/new.stomil-bydgoszcz.pl\/ru\/wp-json\/wp\/v2\/media\/6382"}],"wp:attachment":[{"href":"https:\/\/new.stomil-bydgoszcz.pl\/ru\/wp-json\/wp\/v2\/media?parent=6384"}],"wp:term":[{"taxonomy":"product_brand","embeddable":true,"href":"https:\/\/new.stomil-bydgoszcz.pl\/ru\/wp-json\/wp\/v2\/product_brand?post=6384"},{"taxonomy":"product_cat","embeddable":true,"href":"https:\/\/new.stomil-bydgoszcz.pl\/ru\/wp-json\/wp\/v2\/product_cat?post=6384"},{"taxonomy":"product_tag","embeddable":true,"href":"https:\/\/new.stomil-bydgoszcz.pl\/ru\/wp-json\/wp\/v2\/product_tag?post=6384"}],"curies":[{"name":"wp","href":"https:\/\/api.w.org\/{rel}","templated":true}]}}