{"id":6731,"date":"2026-03-17T21:38:35","date_gmt":"2026-03-17T21:38:35","guid":{"rendered":"https:\/\/new.stomil-bydgoszcz.pl\/produkt\/waz-do-swobodnego-przeplywu-kwasow-i-zasad\/"},"modified":"2026-03-17T21:38:45","modified_gmt":"2026-03-17T21:38:45","slug":"%d0%b2%d0%b0%d0%b7%d0%b0-%d0%b4%d0%bb%d1%8f-%d1%81%d0%b2%d0%be%d0%b1%d0%be%d0%b4%d0%bd%d0%be%d0%b3%d0%be-%d0%bf%d1%80%d0%be%d1%82%d0%b5%d0%ba%d0%b0%d0%bd%d0%b8%d1%8f-%d0%ba%d0%b8%d1%81%d0%bb%d0%be","status":"publish","type":"product","link":"https:\/\/new.stomil-bydgoszcz.pl\/ru\/produkt\/waz-do-swobodnego-przeplywu-kwasow-i-zasad\/","title":{"rendered":"\u0420\u0435\u0437\u0438\u043d\u043e\u0432\u044b\u0435 \u0448\u043b\u0430\u043d\u0433\u0438 \u0434\u043b\u044f \u0441\u0432\u043e\u0431\u043e\u0434\u043d\u043e\u0433\u043e \u043f\u043e\u0442\u043e\u043a\u0430 \u043a\u0438\u0441\u043b\u043e\u0442 \u0438 \u0449\u0435\u043b\u043e\u0447\u0435\u0439"},"content":{"rendered":"<p><strong>\u041f\u0420\u0418\u041b\u041e\u0416\u0415\u041d\u0418\u0415<\/strong><\/p>\n<p>\u0428\u043b\u0430\u043d\u0433 \u043f\u0440\u0435\u0434\u043d\u0430\u0437\u043d\u0430\u0447\u0435\u043d \u0434\u043b\u044f \u0441\u0432\u043e\u0431\u043e\u0434\u043d\u043e\u0433\u043e \u043f\u043e\u0442\u043e\u043a\u0430 \u043a\u0438\u0441\u043b\u043e\u0442 \u0438 \u0449\u0435\u043b\u043e\u0447\u0435\u0439:<br \/>\n- \u0430\u0437\u043e\u0442\u043d\u0430\u044f \u043a\u0438\u0441\u043b\u043e\u0442\u0430 \u0434\u043e 5%<br \/>\n- \u0441\u043e\u043b\u044f\u043d\u0430\u044f \u043a\u0438\u0441\u043b\u043e\u0442\u0430 \u0434\u043e 20%<br \/>\n- \u0441\u0435\u0440\u043d\u0430\u044f \u043a\u0438\u0441\u043b\u043e\u0442\u0430 \u0434\u043e 50%<br \/>\n- \u0443\u043a\u0441\u0443\u0441\u043d\u0430\u044f \u043a\u0438\u0441\u043b\u043e\u0442\u0430, \u0432\u043e\u0434\u043d\u044b\u0439 \u0440\u0430\u0441\u0442\u0432\u043e\u0440 \u0433\u0438\u0434\u0440\u043e\u043a\u0441\u0438\u0434\u0430 \u043d\u0430\u0442\u0440\u0438\u044f \u0438 \u0432\u043e\u0434\u043d\u044b\u0439 \u0440\u0430\u0441\u0442\u0432\u043e\u0440 \u0430\u043c\u043c\u0438\u0430\u043a\u0430 \u043b\u044e\u0431\u043e\u0439 \u043a\u043e\u043d\u0446\u0435\u043d\u0442\u0440\u0430\u0446\u0438\u0438.<\/p>\n<p>\u041c\u0430\u043a\u0441\u0438\u043c\u0430\u043b\u044c\u043d\u043e\u0435 \u0440\u0430\u0431\u043e\u0447\u0435\u0435 \u0434\u0430\u0432\u043b\u0435\u043d\u0438\u0435 - 5 \u043a\u041f\u0430.<\/p>\n<p>\u0428\u043b\u0430\u043d\u0433 \u0443\u0441\u0442\u043e\u0439\u0447\u0438\u0432 \u043a \u0438\u0441\u0442\u0438\u0440\u0430\u043d\u0438\u044e, \u0430\u0442\u043c\u043e\u0441\u0444\u0435\u0440\u043d\u044b\u043c \u0432\u043e\u0437\u0434\u0435\u0439\u0441\u0442\u0432\u0438\u044f\u043c \u0438 \u043e\u0437\u043e\u043d\u0443.<\/p>\n<p><strong>\u0420\u0430\u0431\u043e\u0447\u0430\u044f \u0442\u0435\u043c\u043f\u0435\u0440\u0430\u0442\u0443\u0440\u0430<br \/>\n<\/strong>\u041e\u0442 -30\u00b0C \u0434\u043e +60\u00b0C<\/p>\n<p><strong>\u0421\u0422\u0420\u041e\u0418\u0422\u0415\u041b\u042c\u0421\u0422\u0412\u041e<br \/>\n<\/strong>\u0418\u0437\u0433\u043e\u0442\u043e\u0432\u043b\u0435\u043d\u044b \u0432 \u0441\u043e\u043e\u0442\u0432\u0435\u0442\u0441\u0442\u0432\u0438\u0438 \u0441\u043e \u0441\u0442\u0430\u043d\u0434\u0430\u0440\u0442\u043e\u043c PN-75\/C-94250\/33 \u0438\u0437 \u0441\u0438\u043d\u0442\u0435\u0442\u0438\u0447\u0435\u0441\u043a\u043e\u0433\u043e \u043a\u0430\u0443\u0447\u0443\u043a\u0430 \u0441 \u0433\u043b\u0430\u0434\u043a\u043e\u0439 \u0447\u0435\u0440\u043d\u043e\u0439 \u0430\u0442\u043c\u043e\u0441\u0444\u0435\u0440\u043e\u0441\u0442\u043e\u0439\u043a\u043e\u0439 \u0438 \u043e\u0437\u043e\u043d\u043e\u0441\u0442\u043e\u0439\u043a\u043e\u0439 \u043f\u043e\u0432\u0435\u0440\u0445\u043d\u043e\u0441\u0442\u044c\u044e.<\/p>\n<p><strong>\u041f\u041e\u0414\u041f\u0418\u0421\u0410\u0422\u042c\u0421\u042f<br \/>\n<\/strong>\u0428\u043b\u0430\u043d\u0433\u0438 \u0441 \u0442\u043e\u043d\u043a\u043e\u0439 \u0444\u0438\u043e\u043b\u0435\u0442\u043e\u0432\u043e\u0439 \u043f\u043e\u043b\u043e\u0441\u043e\u0439.<\/p>","protected":false},"excerpt":{"rendered":"<p><strong>\u041c\u0430\u043a\u0441\u0438\u043c\u0430\u043b\u044c\u043d\u043e\u0435 \u0440\u0430\u0431\u043e\u0447\u0435\u0435 \u0434\u0430\u0432\u043b\u0435\u043d\u0438\u0435:<\/strong> 5 \u043a\u041f\u0430 | <strong>\u0420\u0430\u0431\u043e\u0447\u0430\u044f \u0442\u0435\u043c\u043f\u0435\u0440\u0430\u0442\u0443\u0440\u0430: <\/strong>\u043e\u0442 -30\u00b0C \u0434\u043e +60\u00b0C<\/p>","protected":false},"featured_media":6729,"comment_status":"closed","ping_status":"closed","template":"","meta":[],"product_brand":[],"product_cat":[88,155,77,196,140],"product_tag":[],"class_list":{"0":"post-6731","1":"product","2":"type-product","3":"status-publish","4":"has-post-thumbnail","6":"product_cat-branze","7":"product_cat-budowa-maszyn-i-urzadzen","8":"product_cat-grupy-produktow","9":"product_cat-weze-do-kwasow-i-zasad","10":"product_cat-weze-przemyslowe","12":"first","13":"instock","14":"taxable","15":"shipping-taxable","16":"purchasable","17":"product-type-variable"},"stomil_properties":[{"variation_id":6733,"sku":"WN_KZ_032X20_3043","variation_title":"W\u0105\u017c gumowy do swobodnego przep\u0142ywu kwas\u00f3w i zasad DN3,2 (1\/8\")","properties":[{"property":"\u015arednica nominalna wewn\u0119trzna","unit":"mm","value":"3,2"},{"property":"\u015arednica nominalna wewn\u0119trzna","unit":"cal","value":"1\/8"},{"property":"Waga jednostkowa","unit":"kg\/m","value":"0,045"}]},{"variation_id":6735,"sku":"WN_KZ_040X20_3043","variation_title":"W\u0105\u017c gumowy do swobodnego przep\u0142ywu kwas\u00f3w i zasad DN4 (5\/32\") gr. \u015bcianki 2mm","properties":[{"property":"\u015arednica nominalna wewn\u0119trzna","unit":"mm","value":"4,0"},{"property":"\u015arednica nominalna wewn\u0119trzna","unit":"ukryte","value":"\u00b10,50"},{"property":"\u015arednica nominalna wewn\u0119trzna","unit":"cal","value":"5\/32"},{"property":"Standardowe d\u0142ugo\u015bci odcink\u00f3w","unit":"m","value":"od 5 do 50"},{"property":"Waga jednostkowa","unit":"kg\/m","value":"0,052"}]},{"variation_id":6737,"sku":"WN_KZ_050X20_3043","variation_title":"W\u0105\u017c gumowy do swobodnego przep\u0142ywu kwas\u00f3w i zasad DN05 (3\/16\")","properties":[{"property":"Waga jednostkowa","unit":"kg\/m","value":"0,064"}]},{"variation_id":6739,"sku":"WN_KZ_063X20_3043","variation_title":"W\u0105\u017c gumowy do swobodnego przep\u0142ywu kwas\u00f3w i zasad DN6,3 (1\/4\")","properties":[{"property":"Waga jednostkowa","unit":"kg\/m","value":"0,073"}]},{"variation_id":6741,"sku":"WN_KZ_080X20_3043","variation_title":"W\u0105\u017c gumowy do swobodnego przep\u0142ywu kwas\u00f3w i zasad DN08 (5\/16\")","properties":[{"property":"Waga jednostkowa","unit":"kg\/m","value":"0,098"}]},{"variation_id":6743,"sku":"WN_KZ_100X20_3043","variation_title":"W\u0105\u017c gumowy do swobodnego przep\u0142ywu kwas\u00f3w i zasad DN10 (3\/8\")","properties":[{"property":"Waga jednostkowa","unit":"kg\/m","value":"0,118"}]},{"variation_id":6745,"sku":"WN_KZ_125X40_3043","variation_title":"W\u0105\u017c gumowy do swobodnego przep\u0142ywu kwas\u00f3w i zasad DN12,5 (31\/64\")","properties":[{"property":"Waga jednostkowa","unit":"kg\/m","value":"0,266"}]},{"variation_id":6747,"sku":"WN_KZ_160X40_3043","variation_title":"W\u0105\u017c gumowy do swobodnego przep\u0142ywu kwas\u00f3w i zasad DN16 (5\/8\")","properties":[{"property":"Waga jednostkowa","unit":"kg\/m","value":"0,34"}]},{"variation_id":6749,"sku":"WN_KZ_200X40_3043","variation_title":"W\u0105\u017c gumowy do swobodnego przep\u0142ywu kwas\u00f3w i zasad DN20 (25\/32\")","properties":[{"property":"Waga jednostkowa","unit":"kg\/m","value":"0,415"}]}],"_links":{"self":[{"href":"https:\/\/new.stomil-bydgoszcz.pl\/ru\/wp-json\/wp\/v2\/product\/6731","targetHints":{"allow":["GET"]}}],"collection":[{"href":"https:\/\/new.stomil-bydgoszcz.pl\/ru\/wp-json\/wp\/v2\/product"}],"about":[{"href":"https:\/\/new.stomil-bydgoszcz.pl\/ru\/wp-json\/wp\/v2\/types\/product"}],"replies":[{"embeddable":true,"href":"https:\/\/new.stomil-bydgoszcz.pl\/ru\/wp-json\/wp\/v2\/comments?post=6731"}],"wp:featuredmedia":[{"embeddable":true,"href":"https:\/\/new.stomil-bydgoszcz.pl\/ru\/wp-json\/wp\/v2\/media\/6729"}],"wp:attachment":[{"href":"https:\/\/new.stomil-bydgoszcz.pl\/ru\/wp-json\/wp\/v2\/media?parent=6731"}],"wp:term":[{"taxonomy":"product_brand","embeddable":true,"href":"https:\/\/new.stomil-bydgoszcz.pl\/ru\/wp-json\/wp\/v2\/product_brand?post=6731"},{"taxonomy":"product_cat","embeddable":true,"href":"https:\/\/new.stomil-bydgoszcz.pl\/ru\/wp-json\/wp\/v2\/product_cat?post=6731"},{"taxonomy":"product_tag","embeddable":true,"href":"https:\/\/new.stomil-bydgoszcz.pl\/ru\/wp-json\/wp\/v2\/product_tag?post=6731"}],"curies":[{"name":"wp","href":"https:\/\/api.w.org\/{rel}","templated":true}]}}