{"id":6828,"date":"2026-03-17T21:38:43","date_gmt":"2026-03-17T21:38:43","guid":{"rendered":"https:\/\/new.stomil-bydgoszcz.pl\/produkt\/waz-do-agregatow-40-mpa\/"},"modified":"2026-03-17T21:38:45","modified_gmt":"2026-03-17T21:38:45","slug":"%d0%b2%d0%b0%d0%b7%d0%b0-%d1%81-%d0%b3%d0%b5%d0%bd%d0%b5%d1%80%d0%b0%d1%82%d0%be%d1%80%d0%bd%d0%be%d0%b9-%d1%83%d1%81%d1%82%d0%b0%d0%bd%d0%be%d0%b2%d0%ba%d0%be%d0%b9-40-%d0%bc%d0%bf%d0%b0","status":"publish","type":"product","link":"https:\/\/new.stomil-bydgoszcz.pl\/ru\/produkt\/waz-do-agregatow-40-mpa\/","title":{"rendered":"\u0428\u043b\u0430\u043d\u0433\u0438 \u0434\u043b\u044f \u0430\u0433\u0440\u0435\u0433\u0430\u0442\u043e\u0432 \u0441 \u0434\u0430\u0432\u043b\u0435\u043d\u0438\u0435\u043c 4,0 \u041c\u041f\u0430, &lt;50 \u043c\u043c3"},"content":{"rendered":"<p><strong>\u0425\u0410\u0420\u0410\u041a\u0422\u0415\u0420\u0418\u0421\u0422\u0418\u041a\u0418<br \/>\n<\/strong>\u0420\u0430\u0431\u043e\u0447\u0435\u0435 \u0434\u0430\u0432\u043b\u0435\u043d\u0438\u0435 - 40 \u0431\u0430\u0440 (4 \u041c\u041f\u0430)<br \/>\n\u0414\u0430\u0432\u043b\u0435\u043d\u0438\u0435 \u0440\u0430\u0437\u0440\u044b\u0432\u0430 - 100 \u0431\u0430\u0440 (10 \u041c\u041f\u0430)<br \/>\n\u0410\u0431\u0440\u0430\u0437\u0438\u0432\u043d\u043e\u0441\u0442\u044c &lt; 50 \u043c\u043c<sup>3 <\/sup>\u0432 \u0441\u043e\u043e\u0442\u0432\u0435\u0442\u0441\u0442\u0432\u0438\u0438 \u0441 ISO 4649<\/p>\n<p><strong>\u041f\u0420\u0418\u041b\u041e\u0416\u0415\u041d\u0418\u0415<br \/>\n<\/strong>\u0410\u043d\u0442\u0438\u0441\u0442\u0430\u0442\u0438\u0447\u0435\u0441\u043a\u0438\u0439 \u0448\u043b\u0430\u043d\u0433 \u0434\u043b\u044f \u0448\u0442\u0443\u043a\u0430\u0442\u0443\u0440\u043d\u044b\u0445 \u0443\u0441\u0442\u0430\u043d\u043e\u0432\u043e\u043a \u0441 \u0432\u044b\u0441\u043e\u043a\u0438\u043c \u0440\u0430\u0431\u043e\u0447\u0438\u043c \u0434\u0430\u0432\u043b\u0435\u043d\u0438\u0435\u043c \u0438 \u043f\u043e\u0432\u044b\u0448\u0435\u043d\u043d\u043e\u0439 \u0438\u0437\u043d\u043e\u0441\u043e\u0441\u0442\u043e\u0439\u043a\u043e\u0441\u0442\u044c\u044e.<\/p>\n<p>\u0428\u043b\u0430\u043d\u0433\u0438 \u0442\u0430\u043a\u0436\u0435 \u043c\u043e\u0433\u0443\u0442 \u0438\u0441\u043f\u043e\u043b\u044c\u0437\u043e\u0432\u0430\u0442\u044c\u0441\u044f \u0434\u043b\u044f \u043f\u0435\u0440\u0435\u043c\u0435\u0449\u0435\u043d\u0438\u044f \u0434\u0440\u0443\u0433\u0438\u0445 \u0430\u0431\u0440\u0430\u0437\u0438\u0432\u043d\u044b\u0445 \u043c\u0430\u0442\u0435\u0440\u0438\u0430\u043b\u043e\u0432, \u043a\u0430\u043a \u043f\u043e\u043b\u0443\u0436\u0438\u0434\u043a\u0438\u0445, \u0442\u0430\u043a\u0438\u0445 \u043a\u0430\u043a \u0431\u0435\u0442\u043e\u043d \u0438 \u0440\u0430\u0441\u0442\u0432\u043e\u0440, \u0442\u0430\u043a \u0438 \u0441\u0443\u0445\u0438\u0445, \u0442\u0430\u043a\u0438\u0445 \u043a\u0430\u043a \u043f\u0435\u0441\u043e\u043a \u0438 \u0433\u0440\u0430\u0432\u0438\u0439.<\/p>\n<p><strong>\u0420\u0430\u0431\u043e\u0447\u0430\u044f \u0442\u0435\u043c\u043f\u0435\u0440\u0430\u0442\u0443\u0440\u0430<br \/>\n<\/strong>\u041e\u0442 -35\u00b0C \u0434\u043e +60\u00b0C<\/p>\n<p><strong>\u0421\u0422\u0420\u041e\u0418\u0422\u0415\u041b\u042c\u0421\u0422\u0412\u041e<br \/>\n<\/strong>\u0418\u0437\u0433\u043e\u0442\u043e\u0432\u043b\u0435\u043d \u0432 \u0441\u043e\u043e\u0442\u0432\u0435\u0442\u0441\u0442\u0432\u0438\u0438 \u0441 \u043e\u0440\u0438\u0433\u0438\u043d\u0430\u043b\u044c\u043d\u044b\u043c \u0434\u0438\u0437\u0430\u0439\u043d\u043e\u043c STOMIL WT-53\/BZPG.<\/p>\n<p><strong>\u0412\u043d\u0443\u0442\u0440\u0435\u043d\u043d\u0438\u0439 \u0441\u043b\u043e\u0439<br \/>\n<\/strong>\u0412\u044b\u0441\u043e\u043a\u043e\u043a\u0430\u0447\u0435\u0441\u0442\u0432\u0435\u043d\u043d\u0430\u044f \u0440\u0435\u0437\u0438\u043d\u043e\u0432\u0430\u044f \u0441\u043c\u0435\u0441\u044c NR\/BR \u0441 \u0438\u0437\u043d\u043e\u0441\u043e\u0441\u0442\u043e\u0439\u043a\u043e\u0441\u0442\u044c\u044e \u043c\u0430\u043a\u0441. 50 \u043c\u043c<sup>3<\/sup>.<\/p>\n<p><strong>\u0410\u0440\u043c\u0430\u0442\u0443\u0440\u0430<br \/>\n<\/strong>\u041f\u0440\u043e\u043a\u043b\u0430\u0434\u043a\u0438 \u0438\u0437 \u0432\u044b\u0441\u043e\u043a\u043e\u043f\u0440\u043e\u0447\u043d\u043e\u0433\u043e \u0442\u0435\u043a\u0441\u0442\u0438\u043b\u044c\u043d\u043e\u0433\u043e \u043a\u043e\u0440\u0434\u0430.<\/p>\n<p><strong>\u0412\u043d\u0435\u0448\u043d\u0438\u0439 \u0441\u043b\u043e\u0439<br \/>\n<\/strong>\u0420\u0435\u0437\u0438\u043d\u0430 \u0447\u0435\u0440\u043d\u043e\u0433\u043e \u0446\u0432\u0435\u0442\u0430 \u0441 \u0442\u043a\u0430\u043d\u0435\u0432\u043e\u0439 \u043f\u0435\u0447\u0430\u0442\u044c\u044e, \u0443\u0441\u0442\u043e\u0439\u0447\u0438\u0432\u0430\u044f \u043a \u0438\u0441\u0442\u0438\u0440\u0430\u043d\u0438\u044e, \u0430\u0442\u043c\u043e\u0441\u0444\u0435\u0440\u043d\u044b\u043c \u0432\u043e\u0437\u0434\u0435\u0439\u0441\u0442\u0432\u0438\u044f\u043c \u0438 \u043e\u0437\u043e\u043d\u0443.<\/p>\n<p><strong>\u0412\u0410\u0420\u0418\u0410\u041d\u0422<br \/>\n<\/strong>\u0412\u0435\u0440\u0441\u0438\u044f \u0441 \u043c\u0435\u0434\u043d\u044b\u043c \u043f\u0440\u043e\u0432\u043e\u0434\u043e\u043c \u043f\u043e\u0441\u0442\u0430\u0432\u043b\u044f\u0435\u0442\u0441\u044f \u043f\u043e \u0437\u0430\u043f\u0440\u043e\u0441\u0443.<\/p>\n<p><strong>\u041f\u041e\u0414\u041f\u0418\u0421\u0410\u0422\u042c\u0421\u042f<br \/>\n<\/strong>\u0428\u043b\u0430\u043d\u0433\u0438 \u043f\u043e\u043c\u0435\u0447\u0435\u043d\u044b \u043a\u0440\u0430\u0441\u043d\u043e\u0439 \u043b\u0435\u043d\u0442\u043e\u0439.<\/p>","protected":false},"excerpt":{"rendered":"<p><strong>\u0420\u0430\u0431\u043e\u0447\u0435\u0435 \u0434\u0430\u0432\u043b\u0435\u043d\u0438\u0435:<\/strong> 40 \u0431\u0430\u0440 (4 \u041c\u041f\u0430)| <strong>\u0414\u0430\u0432\u043b\u0435\u043d\u0438\u0435 \u0440\u0430\u0437\u0440\u044b\u0432\u0430:<\/strong> 100 \u0431\u0430\u0440 (10 \u041c\u041f\u0430)| <strong>\u0410\u0431\u0440\u0430\u0437\u0438\u0432\u043d\u043e\u0441\u0442\u044c:<\/strong> &lt; 50 \u043c\u043c<sup>3 <\/sup>\u0432 \u0441\u043e\u043e\u0442\u0432\u0435\u0442\u0441\u0442\u0432\u0438\u0438 \u0441 ISO 4649 |&nbsp;<strong>\u0420\u0430\u0431\u043e\u0447\u0430\u044f \u0442\u0435\u043c\u043f\u0435\u0440\u0430\u0442\u0443\u0440\u0430: <\/strong>\u043e\u0442 -35\u00b0C \u0434\u043e +60\u00b0C<\/p>","protected":false},"featured_media":6825,"comment_status":"closed","ping_status":"closed","template":"","meta":[],"product_brand":[],"product_cat":[88,155,92,77,205,140],"product_tag":[],"class_list":{"0":"post-6828","1":"product","2":"type-product","3":"status-publish","4":"has-post-thumbnail","6":"product_cat-branze","7":"product_cat-budowa-maszyn-i-urzadzen","8":"product_cat-budownictwo","9":"product_cat-grupy-produktow","10":"product_cat-weze-do-tynkow-zapraw-i-betonu","11":"product_cat-weze-przemyslowe","13":"first","14":"instock","15":"sale","16":"taxable","17":"shipping-taxable","18":"purchasable","19":"product-type-variable"},"stomil_properties":[{"variation_id":6830,"sku":"","variation_title":"W\u0105\u017c do agregat\u00f3w  4,0 MPa DN19 (3\/4\")","properties":[{"property":"\u015arednica nominalna wewn\u0119trzna","unit":"mm","value":"19,0"},{"property":"\u015arednica nominalna wewn\u0119trzna","unit":"ukryte","value":"\u00b10,75"},{"property":"\u015arednica nominalna wewn\u0119trzna","unit":"cal","value":"3\/4"},{"property":"\u015arednica zewn\u0119trzna [mm]","unit":"mm","value":"31,0"},{"property":"Maksymalne ci\u015bnienie robocze","unit":"bar","value":"40"},{"property":"Maksymalne ci\u015bnienie robocze","unit":"MPa","value":"4,0"},{"property":"Maksymalne ci\u015bnienie robocze","unit":"psi","value":"580"},{"property":"Ci\u015bnienie rozrywaj\u0105ce","unit":"bar","value":"100"},{"property":"Wsp\u00f3\u0142czynnik bezpiecze\u0144stwa","unit":"-","value":"2,5:1"},{"property":"Standardowe d\u0142ugo\u015bci odcink\u00f3w","unit":"m","value":"20 "},{"property":"Waga jednostkowa","unit":"kg\/m","value":"0,62"},{"property":"Rodzaj wzmocnienia","unit":"-","value":"kord"}]},{"variation_id":6832,"sku":"WPTY40P5025WT643","variation_title":"W\u0105\u017c do agregat\u00f3w  4,0 MPa DN25 (1 cal)","properties":[{"property":"\u015arednica nominalna wewn\u0119trzna","unit":"mm","value":"25,0"},{"property":"\u015arednica nominalna wewn\u0119trzna","unit":"ukryte","value":"\u00b11,00"},{"property":"\u015arednica nominalna wewn\u0119trzna","unit":"cal","value":"1"},{"property":"\u015arednica zewn\u0119trzna [mm]","unit":"mm","value":"37,0"},{"property":"Maksymalne ci\u015bnienie robocze","unit":"bar","value":"40"},{"property":"Maksymalne ci\u015bnienie robocze","unit":"MPa","value":"4,0"},{"property":"Maksymalne ci\u015bnienie robocze","unit":"psi","value":"580"},{"property":"Ci\u015bnienie rozrywaj\u0105ce","unit":"bar","value":"100"},{"property":"Wsp\u00f3\u0142czynnik bezpiecze\u0144stwa","unit":"-","value":"2,5:1"},{"property":"Standardowe d\u0142ugo\u015bci odcink\u00f3w","unit":"m","value":"20"},{"property":"Waga jednostkowa","unit":"kg\/m","value":"0,75"},{"property":"Rodzaj wzmocnienia","unit":"-","value":"kord"}]},{"variation_id":6834,"sku":"WPTY40P5032WT643","variation_title":"W\u0105\u017c do agregat\u00f3w  4,0 MPa DN32 (1 i 17\/64 cala)","properties":[{"property":"\u015arednica nominalna wewn\u0119trzna","unit":"mm","value":"32,0"},{"property":"\u015arednica nominalna wewn\u0119trzna","unit":"ukryte","value":"\u00b11,00"},{"property":"\u015arednica nominalna wewn\u0119trzna","unit":"cal","value":"1 17\/64"},{"property":"\u015arednica zewn\u0119trzna [mm]","unit":"mm","value":"46,0"},{"property":"Maksymalne ci\u015bnienie robocze","unit":"bar","value":"40"},{"property":"Maksymalne ci\u015bnienie robocze","unit":"MPa","value":"4,0"},{"property":"Maksymalne ci\u015bnienie robocze","unit":"psi","value":"580"},{"property":"Ci\u015bnienie rozrywaj\u0105ce","unit":"bar","value":"100"},{"property":"Wsp\u00f3\u0142czynnik bezpiecze\u0144stwa","unit":"-","value":"2,5:1"},{"property":"Standardowe d\u0142ugo\u015bci odcink\u00f3w","unit":"m","value":"20"},{"property":"Waga jednostkowa","unit":"kg\/m","value":"1,26"},{"property":"Rodzaj wzmocnienia","unit":"-","value":"kord"}]},{"variation_id":6836,"sku":"WPTY40P5035WT643","variation_title":"W\u0105\u017c do agregat\u00f3w  4,0 MPa DN35 (1 i 3\/8 cala)","properties":[{"property":"\u015arednica nominalna wewn\u0119trzna","unit":"mm","value":"35,0"},{"property":"\u015arednica nominalna wewn\u0119trzna","unit":"ukryte","value":"\u00b11,25"},{"property":"\u015arednica nominalna wewn\u0119trzna","unit":"cal","value":"1 3\/8"},{"property":"\u015arednica zewn\u0119trzna [mm]","unit":"mm","value":"49,0"},{"property":"Maksymalne ci\u015bnienie robocze","unit":"bar","value":"40"},{"property":"Maksymalne ci\u015bnienie robocze","unit":"MPa","value":"4,0"},{"property":"Maksymalne ci\u015bnienie robocze","unit":"psi","value":"580"},{"property":"Ci\u015bnienie rozrywaj\u0105ce","unit":"bar","value":"100"},{"property":"Wsp\u00f3\u0142czynnik bezpiecze\u0144stwa","unit":"-","value":"2,5:1"},{"property":"Standardowe d\u0142ugo\u015bci odcink\u00f3w","unit":"m","value":"20"},{"property":"Waga jednostkowa","unit":"kg\/m","value":"1,41"},{"property":"Rodzaj wzmocnienia","unit":"-","value":"kord"}]},{"variation_id":6838,"sku":"WPTY40P5038WT643","variation_title":"W\u0105\u017c do agregat\u00f3w  4,0 MPa DN38 (1.1\/2\")","properties":[{"property":"\u015arednica nominalna wewn\u0119trzna","unit":"mm","value":"38,0"},{"property":"\u015arednica nominalna wewn\u0119trzna","unit":"ukryte","value":"\u00b11,25"},{"property":"\u015arednica nominalna wewn\u0119trzna","unit":"cal","value":"1 1\/2"},{"property":"\u015arednica zewn\u0119trzna [mm]","unit":"mm","value":"54,0"},{"property":"Maksymalne ci\u015bnienie robocze","unit":"bar","value":"40"},{"property":"Maksymalne ci\u015bnienie robocze","unit":"MPa","value":"4,0"},{"property":"Maksymalne ci\u015bnienie robocze","unit":"psi","value":"580"},{"property":"Ci\u015bnienie rozrywaj\u0105ce","unit":"bar","value":"100"},{"property":"Wsp\u00f3\u0142czynnik bezpiecze\u0144stwa","unit":"-","value":"2,5:1"},{"property":"Standardowe d\u0142ugo\u015bci odcink\u00f3w","unit":"m","value":"20"},{"property":"Waga jednostkowa","unit":"kg\/m","value":"1,57"},{"property":"Rodzaj wzmocnienia","unit":"-","value":"kord"}]},{"variation_id":6840,"sku":"WPTY40P5050WT643","variation_title":"W\u0105\u017c do agregat\u00f3w  4,0 MPa DN50 (2 cale)","properties":[{"property":"\u015arednica nominalna wewn\u0119trzna","unit":"mm","value":"50,0"},{"property":"\u015arednica nominalna wewn\u0119trzna","unit":"ukryte","value":"\u00b11,25"},{"property":"\u015arednica nominalna wewn\u0119trzna","unit":"cal","value":"2"},{"property":"\u015arednica zewn\u0119trzna [mm]","unit":"mm","value":"68,0"},{"property":"Maksymalne ci\u015bnienie robocze","unit":"bar","value":"40"},{"property":"Maksymalne ci\u015bnienie robocze","unit":"MPa","value":"4,0"},{"property":"Maksymalne ci\u015bnienie robocze","unit":"psi","value":"580"},{"property":"Ci\u015bnienie rozrywaj\u0105ce","unit":"bar","value":"100"},{"property":"Wsp\u00f3\u0142czynnik bezpiecze\u0144stwa","unit":"-","value":"2,5:1"},{"property":"Standardowe d\u0142ugo\u015bci odcink\u00f3w","unit":"m","value":"20"},{"property":"Waga jednostkowa","unit":"kg\/m","value":"2,21"},{"property":"Rodzaj wzmocnienia","unit":"-","value":"kord"}]},{"variation_id":6842,"sku":"WPTY40P5060WT643","variation_title":"W\u0105\u017c do agregat\u00f3w  4,0 MPa DN60 (2 i 23\/64 cala)","properties":[{"property":"\u015arednica nominalna wewn\u0119trzna","unit":"mm","value":"60,0"},{"property":"\u015arednica nominalna wewn\u0119trzna","unit":"ukryte","value":"\u00b11,25"},{"property":"\u015arednica nominalna wewn\u0119trzna","unit":"cal","value":" 2 23\/64"},{"property":"\u015arednica zewn\u0119trzna [mm]","unit":"mm","value":"80,0"},{"property":"Maksymalne ci\u015bnienie robocze","unit":"bar","value":"40"},{"property":"Maksymalne ci\u015bnienie robocze","unit":"MPa","value":"4,0"},{"property":"Maksymalne ci\u015bnienie robocze","unit":"psi","value":"580"},{"property":"Ci\u015bnienie rozrywaj\u0105ce","unit":"bar","value":"100"},{"property":"Wsp\u00f3\u0142czynnik bezpiecze\u0144stwa","unit":"-","value":"2,5:1"},{"property":"Standardowe d\u0142ugo\u015bci odcink\u00f3w","unit":"m","value":"20"},{"property":"Waga jednostkowa","unit":"kg\/m","value":"3,05"},{"property":"Rodzaj wzmocnienia","unit":"-","value":"kord"}]},{"variation_id":6844,"sku":"WPTY40P5063WT643","variation_title":"W\u0105\u017c do agregat\u00f3w  4,0 MPa DN63 (2 i 1\/2 cala)","properties":[{"property":"\u015arednica nominalna wewn\u0119trzna","unit":"mm","value":"63,0"},{"property":"\u015arednica nominalna wewn\u0119trzna","unit":"ukryte","value":"\u00b11,25"},{"property":"\u015arednica nominalna wewn\u0119trzna","unit":"cal","value":"2 1\/2"},{"property":"\u015arednica zewn\u0119trzna [mm]","unit":"mm","value":"83,0"},{"property":"Maksymalne ci\u015bnienie robocze","unit":"bar","value":"40"},{"property":"Maksymalne ci\u015bnienie robocze","unit":"MPa","value":"4,0"},{"property":"Maksymalne ci\u015bnienie robocze","unit":"psi","value":"580"},{"property":"Ci\u015bnienie rozrywaj\u0105ce","unit":"bar","value":"100"},{"property":"Wsp\u00f3\u0142czynnik bezpiecze\u0144stwa","unit":"-","value":"2,5:1"},{"property":"Standardowe d\u0142ugo\u015bci odcink\u00f3w","unit":"m","value":"20"},{"property":"Waga jednostkowa","unit":"kg\/m","value":"3,18"},{"property":"Rodzaj wzmocnienia","unit":"-","value":"kord"}]}],"_links":{"self":[{"href":"https:\/\/new.stomil-bydgoszcz.pl\/ru\/wp-json\/wp\/v2\/product\/6828","targetHints":{"allow":["GET"]}}],"collection":[{"href":"https:\/\/new.stomil-bydgoszcz.pl\/ru\/wp-json\/wp\/v2\/product"}],"about":[{"href":"https:\/\/new.stomil-bydgoszcz.pl\/ru\/wp-json\/wp\/v2\/types\/product"}],"replies":[{"embeddable":true,"href":"https:\/\/new.stomil-bydgoszcz.pl\/ru\/wp-json\/wp\/v2\/comments?post=6828"}],"wp:featuredmedia":[{"embeddable":true,"href":"https:\/\/new.stomil-bydgoszcz.pl\/ru\/wp-json\/wp\/v2\/media\/6825"}],"wp:attachment":[{"href":"https:\/\/new.stomil-bydgoszcz.pl\/ru\/wp-json\/wp\/v2\/media?parent=6828"}],"wp:term":[{"taxonomy":"product_brand","embeddable":true,"href":"https:\/\/new.stomil-bydgoszcz.pl\/ru\/wp-json\/wp\/v2\/product_brand?post=6828"},{"taxonomy":"product_cat","embeddable":true,"href":"https:\/\/new.stomil-bydgoszcz.pl\/ru\/wp-json\/wp\/v2\/product_cat?post=6828"},{"taxonomy":"product_tag","embeddable":true,"href":"https:\/\/new.stomil-bydgoszcz.pl\/ru\/wp-json\/wp\/v2\/product_tag?post=6828"}],"curies":[{"name":"wp","href":"https:\/\/api.w.org\/{rel}","templated":true}]}}