{"id":6875,"date":"2026-03-17T21:38:50","date_gmt":"2026-03-17T21:38:50","guid":{"rendered":"https:\/\/new.stomil-bydgoszcz.pl\/produkt\/waz-do-piaskowania-08-mpa\/"},"modified":"2026-03-17T21:39:11","modified_gmt":"2026-03-17T21:39:11","slug":"%d0%bf%d0%b5%d1%81%d0%ba%d0%be%d1%81%d1%82%d1%80%d1%83%d0%b9%d0%bd%d0%b0%d1%8f-%d0%bb%d0%be%d0%bf%d0%b0%d1%82%d0%ba%d0%b0-08-%d0%bc%d0%bf%d0%b0","status":"publish","type":"product","link":"https:\/\/new.stomil-bydgoszcz.pl\/ru\/produkt\/waz-do-piaskowania-08-mpa\/","title":{"rendered":"\u0428\u043b\u0430\u043d\u0433\u0438 \u0434\u043b\u044f \u043f\u0435\u0441\u043a\u043e\u0441\u0442\u0440\u0443\u0439\u043d\u043e\u0439 \u043e\u0431\u0440\u0430\u0431\u043e\u0442\u043a\u0438 0,8 \u041c\u041f\u0430, &lt;80 \u043c\u043c3"},"content":{"rendered":"<p><strong>\u0425\u0410\u0420\u0410\u041a\u0422\u0415\u0420\u0418\u0421\u0422\u0418\u041a\u0418<br \/>\n<\/strong>\u0420\u0430\u0431\u043e\u0447\u0435\u0435 \u0434\u0430\u0432\u043b\u0435\u043d\u0438\u0435<strong><br \/>\n<\/strong>- 8 \u0431\u0430\u0440 (0,8 \u041c\u041f\u0430) \u0434\u043e \u0434\u0438\u0430\u043c\u0435\u0442\u0440\u0430 DN 55<br \/>\n- 4 \u0431\u0430\u0440 (0,4 \u041c\u041f\u0430), \u043d\u0430\u0447\u0438\u043d\u0430\u044f \u0441 DN 63<br \/>\n\u041a\u043e\u044d\u0444\u0444\u0438\u0446\u0438\u0435\u043d\u0442 \u0431\u0435\u0437\u043e\u043f\u0430\u0441\u043d\u043e\u0441\u0442\u0438 4:1<br \/>\n\u0410\u0431\u0440\u0430\u0437\u0438\u0432\u043d\u043e\u0441\u0442\u044c - \u043c\u0430\u043a\u0441. 80 \u043c\u043c<sup>3 <\/sup>\u0432 \u0441\u043e\u043e\u0442\u0432\u0435\u0442\u0441\u0442\u0432\u0438\u0438 \u0441 ISO 4649<\/p>\n<p><strong>\u041f\u0420\u0418\u041b\u041e\u0416\u0415\u041d\u0418\u0415<br \/>\n<\/strong>\u042d\u0442\u043e\u0442 \u0448\u043b\u0430\u043d\u0433 \u043f\u0440\u0435\u0434\u043d\u0430\u0437\u043d\u0430\u0447\u0435\u043d \u0434\u043b\u044f \u043f\u0435\u0440\u0435\u043c\u0435\u0449\u0435\u043d\u0438\u044f \u0430\u0431\u0440\u0430\u0437\u0438\u0432\u043d\u044b\u0445 \u043c\u0430\u0442\u0435\u0440\u0438\u0430\u043b\u043e\u0432, \u0442\u0430\u043a\u0438\u0445 \u043a\u0430\u043a \u043f\u0435\u0441\u043e\u043a, \u044d\u043b\u0435\u043a\u0442\u0440\u043e\u043a\u043e\u0440\u0443\u043d\u0434, \u0448\u043b\u0430\u043a, \u0449\u0435\u0431\u0435\u043d\u044c, \u0447\u0443\u0433\u0443\u043d\u043d\u0430\u044f \u0438 \u0441\u0442\u0430\u043b\u044c\u043d\u0430\u044f \u0434\u0440\u043e\u0431\u044c.<\/p>\n<p>\u0410\u0431\u0440\u0430\u0437\u0438\u0432\u043d\u043e\u0441\u0442\u044c \u043c\u0430\u043a\u0441. 80 \u043c\u043c<sup>3<\/sup> \u0432 \u0441\u043e\u0447\u0435\u0442\u0430\u043d\u0438\u0438 \u0441 \u0440\u0430\u0431\u043e\u0447\u0438\u043c \u0434\u0430\u0432\u043b\u0435\u043d\u0438\u0435\u043c 8 \u0438 4 \u0431\u0430\u0440 \u0433\u0430\u0440\u0430\u043d\u0442\u0438\u0440\u0443\u044e\u0442 \u0434\u043e\u043b\u0433\u0438\u0439 \u0441\u0440\u043e\u043a \u0441\u043b\u0443\u0436\u0431\u044b \u0448\u043b\u0430\u043d\u0433\u043e\u0432.<\/p>\n<p>\u041f\u043e \u0436\u0435\u043b\u0430\u043d\u0438\u044e \u0437\u0430\u043a\u0430\u0437\u0447\u0438\u043a\u0430 \u043c\u044b \u043c\u043e\u0436\u0435\u043c \u0434\u043e\u043f\u043e\u043b\u043d\u0438\u0442\u0435\u043b\u044c\u043d\u043e \u0437\u0430\u0449\u0438\u0442\u0438\u0442\u044c \u0448\u043b\u0430\u043d\u0433\u0438 \u0432\u043d\u0435\u0448\u043d\u0435\u0439 \u043f\u0440\u043e\u0432\u043e\u043b\u043e\u0447\u043d\u043e\u0439 \u0441\u043f\u0438\u0440\u0430\u043b\u044c\u044e \u0434\u043b\u044f \u0437\u0430\u0449\u0438\u0442\u044b \u043e\u0442 \u0434\u0435\u0444\u043e\u0440\u043c\u0430\u0446\u0438\u0438 \u0438 \u0447\u0440\u0435\u0437\u043c\u0435\u0440\u043d\u043e\u0433\u043e \u0438\u0441\u0442\u0438\u0440\u0430\u043d\u0438\u044f \u0432\u043d\u0435\u0448\u043d\u0435\u0433\u043e \u0441\u043b\u043e\u044f.<\/p>\n<p><strong>\u0420\u0430\u0431\u043e\u0447\u0430\u044f \u0442\u0435\u043c\u043f\u0435\u0440\u0430\u0442\u0443\u0440\u0430<br \/>\n<\/strong>\u041e\u0442 -30\u00b0C \u0434\u043e +60\u00b0C<\/p>\n<p><strong>\u0421\u0422\u0420\u041e\u0418\u0422\u0415\u041b\u042c\u0421\u0422\u0412\u041e<br \/>\n<\/strong>\u0418\u0437\u0433\u043e\u0442\u043e\u0432\u043b\u0435\u043d\u043e \u0432 \u0441\u043e\u043e\u0442\u0432\u0435\u0442\u0441\u0442\u0432\u0438\u0438 \u0441 PN-78\/C-94250\/51.<\/p>\n<p><strong>\u0412\u043d\u0443\u0442\u0440\u0435\u043d\u043d\u0438\u0439 \u0441\u043b\u043e\u0439<br \/>\n<\/strong>\u0412\u044b\u0441\u043e\u043a\u043e\u043a\u0430\u0447\u0435\u0441\u0442\u0432\u0435\u043d\u043d\u0430\u044f \u0443\u0442\u043e\u043b\u0449\u0435\u043d\u043d\u0430\u044f \u0440\u0435\u0437\u0438\u043d\u043e\u0432\u0430\u044f \u0441\u043c\u0435\u0441\u044c \u0441 \u0438\u0437\u043d\u043e\u0441\u043e\u0441\u0442\u043e\u0439\u043a\u043e\u0441\u0442\u044c\u044e \u043c\u0430\u043a\u0441. 80 \u043c\u043c<sup>3<\/sup>.<\/p>\n<p><strong>\u0410\u0440\u043c\u0430\u0442\u0443\u0440\u0430<br \/>\n<\/strong>\u041f\u0440\u043e\u043a\u043b\u0430\u0434\u043a\u0438 \u0438\u0437 \u0432\u044b\u0441\u043e\u043a\u043e\u043f\u0440\u043e\u0447\u043d\u043e\u0433\u043e \u0442\u0435\u043a\u0441\u0442\u0438\u043b\u044c\u043d\u043e\u0433\u043e \u043a\u043e\u0440\u0434\u0430.<\/p>\n<p><strong>\u0412\u043d\u0435\u0448\u043d\u0438\u0439 \u0441\u043b\u043e\u0439<br \/>\n<\/strong>\u0427\u0435\u0440\u043d\u0430\u044f \u0440\u0435\u0437\u0438\u043d\u0430, \u0443\u0441\u0442\u043e\u0439\u0447\u0438\u0432\u0430\u044f \u043a \u0438\u0441\u0442\u0438\u0440\u0430\u043d\u0438\u044e, \u0430\u0442\u043c\u043e\u0441\u0444\u0435\u0440\u043d\u044b\u043c \u0432\u043e\u0437\u0434\u0435\u0439\u0441\u0442\u0432\u0438\u044f\u043c \u0438 \u043e\u0437\u043e\u043d\u0443.<br \/>\n\u041f\u043e\u0432\u0435\u0440\u0445\u043d\u043e\u0441\u0442\u044c \u0448\u043b\u0430\u043d\u0433\u0430 \u0441 \u043e\u0442\u0442\u0438\u0441\u043a\u043e\u043c \u043d\u0430 \u0442\u043a\u0430\u043d\u0438.<\/p>\n<p><strong>\u0412\u0410\u0420\u0418\u0410\u041d\u0422<br \/>\n<\/strong>\u0412\u0435\u0440\u0441\u0438\u044f \u0441 \u043c\u0435\u0434\u043d\u044b\u043c \u043f\u0440\u043e\u0432\u043e\u0434\u043e\u043c \u043f\u043e\u0441\u0442\u0430\u0432\u043b\u044f\u0435\u0442\u0441\u044f \u043f\u043e \u0437\u0430\u043f\u0440\u043e\u0441\u0443.<\/p>\n<p><strong>\u041f\u041e\u0414\u041f\u0418\u0421\u0410\u0422\u042c\u0421\u042f<br \/>\n<\/strong>\u0428\u043b\u0430\u043d\u0433\u0438 \u043f\u043e\u043c\u0435\u0447\u0435\u043d\u044b \u0441\u0438\u043d\u0435\u0439 \u043b\u0435\u043d\u0442\u043e\u0439.<\/p>","protected":false},"excerpt":{"rendered":"<p><strong>\u0420\u0430\u0431\u043e\u0447\u0435\u0435 \u0434\u0430\u0432\u043b\u0435\u043d\u0438\u0435:<\/strong> 8 \u0431\u0430\u0440 (0,8 \u041c\u041f\u0430) \u0434\u043e \u0434\u0438\u0430\u043c\u0435\u0442\u0440\u0430 DN 55; 4 \u0431\u0430\u0440 (0,4 \u041c\u041f\u0430) \u043e\u0442 \u0434\u0438\u0430\u043c\u0435\u0442\u0440\u0430 DN 63 \u0438 \u0434\u0430\u043b\u0435\u0435 | <strong>\u041a\u043e\u044d\u0444\u0444\u0438\u0446\u0438\u0435\u043d\u0442 \u0431\u0435\u0437\u043e\u043f\u0430\u0441\u043d\u043e\u0441\u0442\u0438:<\/strong> 4:1 | <strong>\u0410\u0431\u0440\u0430\u0437\u0438\u0432\u043d\u043e\u0441\u0442\u044c:<\/strong> \u043c\u0430\u043a\u0441. 80 \u043c\u043c<sup>3 <\/sup>\u0432 \u0441\u043e\u043e\u0442\u0432\u0435\u0442\u0441\u0442\u0432\u0438\u0438 \u0441 ISO 4649 |&nbsp;<strong>\u0420\u0430\u0431\u043e\u0447\u0430\u044f \u0442\u0435\u043c\u043f\u0435\u0440\u0430\u0442\u0443\u0440\u0430: <\/strong>\u043e\u0442 -30\u00b0C \u0434\u043e +60\u00b0C<\/p>\n<p><span style=\"background-color: #ed1a23; color: white; font-size: 15px;\">\u0412 \u0441\u0432\u044f\u0437\u0438 \u0441 \u043e\u0447\u0435\u043d\u044c \u043d\u0438\u0437\u043a\u0438\u043c \u0443\u0440\u043e\u0432\u043d\u0435\u043c \u0437\u0430\u043f\u0430\u0441\u043e\u0432 \u043f\u0440\u043e\u0441\u0438\u043c \u0432\u0430\u0441 \u0441\u0432\u044f\u0437\u0430\u0442\u044c\u0441\u044f \u0441 \u043d\u0430\u0448\u0438\u043c \u043c\u0430\u0433\u0430\u0437\u0438\u043d\u043e\u043c (\u0442\u0435\u043b. 510 326 870, 510 326 664), \u0447\u0442\u043e\u0431\u044b \u0443\u0442\u043e\u0447\u043d\u0438\u0442\u044c \u0434\u043b\u0438\u043d\u0443 \u0438\u043c\u0435\u044e\u0449\u0438\u0445\u0441\u044f \u0441\u0435\u043a\u0446\u0438\u0439 \u0448\u043b\u0430\u043d\u0433\u043e\u0432.<\/span><\/p>","protected":false},"featured_media":6873,"comment_status":"closed","ping_status":"closed","template":"","meta":[],"product_brand":[],"product_cat":[88,155,92,77,210,140],"product_tag":[],"class_list":{"0":"post-6875","1":"product","2":"type-product","3":"status-publish","4":"has-post-thumbnail","6":"product_cat-branze","7":"product_cat-budowa-maszyn-i-urzadzen","8":"product_cat-budownictwo","9":"product_cat-grupy-produktow","10":"product_cat-weze-do-srutowania-i-piaskowania","11":"product_cat-weze-przemyslowe","13":"first","14":"instock","15":"taxable","16":"shipping-taxable","17":"purchasable","18":"product-type-variable"},"stomil_properties":[{"variation_id":6877,"sku":"","variation_title":"W\u0105\u017c do piaskowania 0,8 MPa DN16 (5\/8\")","properties":[{"property":"\u015arednica nominalna wewn\u0119trzna","unit":"mm","value":"16,0"},{"property":"\u015arednica nominalna wewn\u0119trzna","unit":"ukryte","value":"\u00b10,75"},{"property":"\u015arednica nominalna wewn\u0119trzna","unit":"cal","value":"5\/8"},{"property":"\u015arednica zewn\u0119trzna [mm]","unit":"mm","value":"32,0"},{"property":"Maksymalne ci\u015bnienie robocze","unit":"bar","value":"8"},{"property":"Maksymalne ci\u015bnienie robocze","unit":"MPa","value":"0,8"},{"property":"Maksymalne ci\u015bnienie robocze","unit":"psi","value":"116"},{"property":"Ci\u015bnienie rozrywaj\u0105ce","unit":"bar","value":"32"},{"property":"Wsp\u00f3\u0142czynnik bezpiecze\u0144stwa","unit":"-","value":"4:1"},{"property":"Standardowe d\u0142ugo\u015bci odcink\u00f3w","unit":"m","value":"20"},{"property":"Waga jednostkowa","unit":"kg\/m","value":"0,76"},{"property":"Rodzaj wzmocnienia","unit":"-","value":"kord"}]},{"variation_id":6879,"sku":"WPPI08P8020WT632","variation_title":"W\u0105\u017c do piaskowania 0,8 MPa DN20 (25\/32\")","properties":[{"property":"\u015arednica nominalna wewn\u0119trzna","unit":"mm","value":"20,0"},{"property":"\u015arednica nominalna wewn\u0119trzna","unit":"ukryte","value":"\u00b10,75"},{"property":"\u015arednica nominalna wewn\u0119trzna","unit":"cal","value":"25\/32"},{"property":"\u015arednica zewn\u0119trzna [mm]","unit":"mm","value":"36,0"},{"property":"Maksymalne ci\u015bnienie robocze","unit":"bar","value":"8"},{"property":"Maksymalne ci\u015bnienie robocze","unit":"MPa","value":"0,8"},{"property":"Maksymalne ci\u015bnienie robocze","unit":"psi","value":"116"},{"property":"Ci\u015bnienie rozrywaj\u0105ce","unit":"bar","value":"32"},{"property":"Wsp\u00f3\u0142czynnik bezpiecze\u0144stwa","unit":"-","value":"4:1"},{"property":"Standardowe d\u0142ugo\u015bci odcink\u00f3w","unit":"m","value":"20"},{"property":"Waga jednostkowa","unit":"kg\/m","value":"0,88"},{"property":"Rodzaj wzmocnienia","unit":"-","value":"kord"}]},{"variation_id":6881,"sku":"WPPI08P8025WT632","variation_title":"W\u0105\u017c do piaskowania 0,8 MPa DN25 (1\")","properties":[{"property":"\u015arednica nominalna wewn\u0119trzna","unit":"mm","value":"25,0"},{"property":"\u015arednica nominalna wewn\u0119trzna","unit":"ukryte","value":"\u00b11,25"},{"property":"\u015arednica nominalna wewn\u0119trzna","unit":"cal","value":"1"},{"property":"\u015arednica zewn\u0119trzna [mm]","unit":"mm","value":"43,0"},{"property":"Maksymalne ci\u015bnienie robocze","unit":"bar","value":"8"},{"property":"Maksymalne ci\u015bnienie robocze","unit":"MPa","value":"0,8"},{"property":"Maksymalne ci\u015bnienie robocze","unit":"psi","value":"116"},{"property":"Ci\u015bnienie rozrywaj\u0105ce","unit":"bar","value":"32"},{"property":"Wsp\u00f3\u0142czynnik bezpiecze\u0144stwa","unit":"-","value":"4:1"},{"property":"Standardowe d\u0142ugo\u015bci odcink\u00f3w","unit":"m","value":"20"},{"property":"Waga jednostkowa","unit":"kg\/m","value":"1,18"},{"property":"Rodzaj wzmocnienia","unit":"-","value":"kord"}]},{"variation_id":6883,"sku":"WPPI08P8031WT632","variation_title":"W\u0105\u017c do piaskowania 0,8 MPa DN31,5 (1.15\/64\")","properties":[{"property":"\u015arednica nominalna wewn\u0119trzna","unit":"mm","value":"31,5"},{"property":"\u015arednica nominalna wewn\u0119trzna","unit":"ukryte","value":"\u00b11,25"},{"property":"\u015arednica nominalna wewn\u0119trzna","unit":"cal","value":"1 15\/64"},{"property":"\u015arednica zewn\u0119trzna [mm]","unit":"mm","value":"49,0"},{"property":"Maksymalne ci\u015bnienie robocze","unit":"bar","value":"8"},{"property":"Maksymalne ci\u015bnienie robocze","unit":"MPa","value":"0,8"},{"property":"Maksymalne ci\u015bnienie robocze","unit":"psi","value":"116"},{"property":"Ci\u015bnienie rozrywaj\u0105ce","unit":"bar","value":"32"},{"property":"Wsp\u00f3\u0142czynnik bezpiecze\u0144stwa","unit":"-","value":"4:1"},{"property":"Standardowe d\u0142ugo\u015bci odcink\u00f3w","unit":"m","value":"20"},{"property":"Waga jednostkowa","unit":"kg\/m","value":"1,40"},{"property":"Rodzaj wzmocnienia","unit":"-","value":"kord"}]},{"variation_id":6885,"sku":"","variation_title":"W\u0105\u017c do piaskowania 0,8 MPa DN38 (1.1\/2\")","properties":[{"property":"\u015arednica nominalna wewn\u0119trzna","unit":"mm","value":"38,0"},{"property":"\u015arednica nominalna wewn\u0119trzna","unit":"ukryte","value":"\u00b11,25"},{"property":"\u015arednica nominalna wewn\u0119trzna","unit":"cal","value":"1 1\/2"},{"property":"\u015arednica zewn\u0119trzna [mm]","unit":"mm","value":"56,0"},{"property":"Maksymalne ci\u015bnienie robocze","unit":"bar","value":"8"},{"property":"Maksymalne ci\u015bnienie robocze","unit":"MPa","value":"0,8"},{"property":"Maksymalne ci\u015bnienie robocze","unit":"psi","value":"116"},{"property":"Ci\u015bnienie rozrywaj\u0105ce","unit":"bar","value":"32"},{"property":"Wsp\u00f3\u0142czynnik bezpiecze\u0144stwa","unit":"-","value":"4:1"},{"property":"Standardowe d\u0142ugo\u015bci odcink\u00f3w","unit":"m","value":"20"},{"property":"Waga jednostkowa","unit":"kg\/m","value":"1,58"},{"property":"Rodzaj wzmocnienia","unit":"-","value":"kord"}]},{"variation_id":6887,"sku":"WPPI08P8040WT632","variation_title":"W\u0105\u017c do piaskowania 0,8 MPa DN40 (1.9\/16\")","properties":[{"property":"\u015arednica nominalna wewn\u0119trzna","unit":"mm","value":"40,0"},{"property":"\u015arednica nominalna wewn\u0119trzna","unit":"ukryte","value":"\u00b11,50"},{"property":"\u015arednica nominalna wewn\u0119trzna","unit":"cal","value":" 9\/16"},{"property":"\u015arednica zewn\u0119trzna [mm]","unit":"mm","value":"58,0"},{"property":"Maksymalne ci\u015bnienie robocze","unit":"bar","value":"8"},{"property":"Maksymalne ci\u015bnienie robocze","unit":"MPa","value":"0,8"},{"property":"Maksymalne ci\u015bnienie robocze","unit":"psi","value":"116"},{"property":"Ci\u015bnienie rozrywaj\u0105ce","unit":"bar","value":"32"},{"property":"Wsp\u00f3\u0142czynnik bezpiecze\u0144stwa","unit":"-","value":"4:1"},{"property":"Standardowe d\u0142ugo\u015bci odcink\u00f3w","unit":"m","value":"20"},{"property":"Waga jednostkowa","unit":"kg\/m","value":"1,69"},{"property":"Rodzaj wzmocnienia","unit":"-","value":"kord"}]},{"variation_id":6889,"sku":"","variation_title":"W\u0105\u017c do piaskowania 0,8 MPa DN45 (1.3\/4\")","properties":[{"property":"\u015arednica nominalna wewn\u0119trzna","unit":"mm","value":"45,0"},{"property":"\u015arednica nominalna wewn\u0119trzna","unit":"ukryte","value":"\u00b11,50"},{"property":"\u015arednica nominalna wewn\u0119trzna","unit":"cal","value":"1 3\/4"},{"property":"\u015arednica zewn\u0119trzna [mm]","unit":"mm","value":"63,0"},{"property":"Maksymalne ci\u015bnienie robocze","unit":"bar","value":"8"},{"property":"Maksymalne ci\u015bnienie robocze","unit":"MPa","value":"0,8"},{"property":"Maksymalne ci\u015bnienie robocze","unit":"psi","value":"116"},{"property":"Ci\u015bnienie rozrywaj\u0105ce","unit":"bar","value":"32"},{"property":"Wsp\u00f3\u0142czynnik bezpiecze\u0144stwa","unit":"-","value":"4:1"},{"property":"Standardowe d\u0142ugo\u015bci odcink\u00f3w","unit":"m","value":"20"},{"property":"Waga jednostkowa","unit":"kg\/m","value":"1,81"},{"property":"Rodzaj wzmocnienia","unit":"-","value":"kord"}]},{"variation_id":6891,"sku":"WPPI08P8050WT632","variation_title":"W\u0105\u017c do piaskowania 0,8 MPa DN50 (2\")","properties":[{"property":"\u015arednica nominalna wewn\u0119trzna","unit":"mm","value":"50,0"},{"property":"\u015arednica nominalna wewn\u0119trzna","unit":"ukryte","value":"\u00b11,50"},{"property":"\u015arednica nominalna wewn\u0119trzna","unit":"cal","value":"2"},{"property":"\u015arednica zewn\u0119trzna [mm]","unit":"mm","value":"68,0"},{"property":"Maksymalne ci\u015bnienie robocze","unit":"bar","value":"8"},{"property":"Maksymalne ci\u015bnienie robocze","unit":"MPa","value":"0,8"},{"property":"Maksymalne ci\u015bnienie robocze","unit":"psi","value":"116"},{"property":"Ci\u015bnienie rozrywaj\u0105ce","unit":"bar","value":"32"},{"property":"Wsp\u00f3\u0142czynnik bezpiecze\u0144stwa","unit":"-","value":"4:1"},{"property":"Standardowe d\u0142ugo\u015bci odcink\u00f3w","unit":"m","value":"20"},{"property":"Waga jednostkowa","unit":"kg\/m","value":"2,04"},{"property":"Rodzaj wzmocnienia","unit":"-","value":"kord"}]},{"variation_id":6893,"sku":"","variation_title":"W\u0105\u017c do piaskowania 0,8 MPa DN55 (2.5\/32\")","properties":[{"property":"\u015arednica nominalna wewn\u0119trzna","unit":"mm","value":"55,0"},{"property":"\u015arednica nominalna wewn\u0119trzna","unit":"ukryte","value":"\u00b11,50"},{"property":"\u015arednica nominalna wewn\u0119trzna","unit":"cal","value":"2 5\/32"},{"property":"\u015arednica zewn\u0119trzna [mm]","unit":"mm","value":"73,0"},{"property":"Maksymalne ci\u015bnienie robocze","unit":"bar","value":"8"},{"property":"Maksymalne ci\u015bnienie robocze","unit":"MPa","value":"0,8"},{"property":"Maksymalne ci\u015bnienie robocze","unit":"psi","value":"116"},{"property":"Ci\u015bnienie rozrywaj\u0105ce","unit":"bar","value":"32"},{"property":"Wsp\u00f3\u0142czynnik bezpiecze\u0144stwa","unit":"-","value":"4:1"},{"property":"Standardowe d\u0142ugo\u015bci odcink\u00f3w","unit":"m","value":"20"},{"property":"Waga jednostkowa","unit":"kg\/m","value":"2,21"},{"property":"Rodzaj wzmocnienia","unit":"-","value":"kord"}]},{"variation_id":6895,"sku":"","variation_title":"W\u0105\u017c do piaskowania 0,8 MPa DN63 (2.1\/2\")","properties":[{"property":"\u015arednica nominalna wewn\u0119trzna","unit":"mm","value":"63,0"},{"property":"\u015arednica nominalna wewn\u0119trzna","unit":"ukryte","value":"\u00b11,50"},{"property":"\u015arednica nominalna wewn\u0119trzna","unit":"cal","value":"2 1\/2"},{"property":"\u015arednica zewn\u0119trzna [mm]","unit":"mm","value":"81,0"},{"property":"Maksymalne ci\u015bnienie robocze","unit":"bar","value":"4"},{"property":"Maksymalne ci\u015bnienie robocze","unit":"MPa","value":"0,4"},{"property":"Maksymalne ci\u015bnienie robocze","unit":"psi","value":"58"},{"property":"Ci\u015bnienie rozrywaj\u0105ce","unit":"bar","value":"16"},{"property":"Wsp\u00f3\u0142czynnik bezpiecze\u0144stwa","unit":"-","value":"4:1"},{"property":"Standardowe d\u0142ugo\u015bci odcink\u00f3w","unit":"m","value":"20"},{"property":"Waga jednostkowa","unit":"kg\/m","value":"2,52"},{"property":"Rodzaj wzmocnienia","unit":"-","value":"kord"}]},{"variation_id":6897,"sku":"","variation_title":"W\u0105\u017c do piaskowania 0,8 MPa DN75 (3\")","properties":[{"property":"\u015arednica nominalna wewn\u0119trzna","unit":"mm","value":"75,0"},{"property":"\u015arednica nominalna wewn\u0119trzna","unit":"ukryte","value":"\u00b11,50"},{"property":"\u015arednica nominalna wewn\u0119trzna","unit":"cal","value":"3"},{"property":"\u015arednica zewn\u0119trzna [mm]","unit":"mm","value":"93,0"},{"property":"Maksymalne ci\u015bnienie robocze","unit":"bar","value":"4"},{"property":"Maksymalne ci\u015bnienie robocze","unit":"MPa","value":"0,4"},{"property":"Maksymalne ci\u015bnienie robocze","unit":"psi","value":"58"},{"property":"Ci\u015bnienie rozrywaj\u0105ce","unit":"bar","value":"16"},{"property":"Wsp\u00f3\u0142czynnik bezpiecze\u0144stwa","unit":"-","value":"4:1"},{"property":"Standardowe d\u0142ugo\u015bci odcink\u00f3w","unit":"m","value":"20"},{"property":"Waga jednostkowa","unit":"kg\/m","value":"2,94"},{"property":"Rodzaj wzmocnienia","unit":"-","value":"kord"}]},{"variation_id":6899,"sku":"","variation_title":"W\u0105\u017c do piaskowania 0,8 MPa DN80 (3.5\/32\")","properties":[{"property":"\u015arednica nominalna wewn\u0119trzna","unit":"mm","value":"80,0"},{"property":"\u015arednica nominalna wewn\u0119trzna","unit":"ukryte","value":"\u00b12,00"},{"property":"\u015arednica nominalna wewn\u0119trzna","unit":"cal","value":"3 5\/32"},{"property":"\u015arednica zewn\u0119trzna [mm]","unit":"mm","value":"98,0"},{"property":"Maksymalne ci\u015bnienie robocze","unit":"bar","value":"4"},{"property":"Maksymalne ci\u015bnienie robocze","unit":"MPa","value":"0,4"},{"property":"Maksymalne ci\u015bnienie robocze","unit":"psi","value":"58"},{"property":"Ci\u015bnienie rozrywaj\u0105ce","unit":"bar","value":"16"},{"property":"Wsp\u00f3\u0142czynnik bezpiecze\u0144stwa","unit":"-","value":"4:1"},{"property":"Standardowe d\u0142ugo\u015bci odcink\u00f3w","unit":"m","value":"10"},{"property":"Waga jednostkowa","unit":"kg\/m","value":"3,11"},{"property":"Rodzaj wzmocnienia","unit":"-","value":"kord"}]}],"_links":{"self":[{"href":"https:\/\/new.stomil-bydgoszcz.pl\/ru\/wp-json\/wp\/v2\/product\/6875","targetHints":{"allow":["GET"]}}],"collection":[{"href":"https:\/\/new.stomil-bydgoszcz.pl\/ru\/wp-json\/wp\/v2\/product"}],"about":[{"href":"https:\/\/new.stomil-bydgoszcz.pl\/ru\/wp-json\/wp\/v2\/types\/product"}],"replies":[{"embeddable":true,"href":"https:\/\/new.stomil-bydgoszcz.pl\/ru\/wp-json\/wp\/v2\/comments?post=6875"}],"wp:featuredmedia":[{"embeddable":true,"href":"https:\/\/new.stomil-bydgoszcz.pl\/ru\/wp-json\/wp\/v2\/media\/6873"}],"wp:attachment":[{"href":"https:\/\/new.stomil-bydgoszcz.pl\/ru\/wp-json\/wp\/v2\/media?parent=6875"}],"wp:term":[{"taxonomy":"product_brand","embeddable":true,"href":"https:\/\/new.stomil-bydgoszcz.pl\/ru\/wp-json\/wp\/v2\/product_brand?post=6875"},{"taxonomy":"product_cat","embeddable":true,"href":"https:\/\/new.stomil-bydgoszcz.pl\/ru\/wp-json\/wp\/v2\/product_cat?post=6875"},{"taxonomy":"product_tag","embeddable":true,"href":"https:\/\/new.stomil-bydgoszcz.pl\/ru\/wp-json\/wp\/v2\/product_tag?post=6875"}],"curies":[{"name":"wp","href":"https:\/\/api.w.org\/{rel}","templated":true}]}}