{"id":6935,"date":"2026-03-17T21:38:56","date_gmt":"2026-03-17T21:38:56","guid":{"rendered":"https:\/\/new.stomil-bydgoszcz.pl\/produkt\/waz-do-benzyny-paliw-i-olejow-10-bar\/"},"modified":"2026-03-17T21:39:11","modified_gmt":"2026-03-17T21:39:11","slug":"%d0%b2%d0%b0%d0%b7%d0%b0-%d0%b4%d0%bb%d1%8f-%d0%b1%d0%b5%d0%bd%d0%b7%d0%b8%d0%bd%d0%b0-%d1%82%d0%be%d0%bf%d0%bb%d0%b8%d0%b2%d0%b0-%d0%b8-%d0%bc%d0%b0%d1%81%d0%bb%d0%b0-10-%d0%b1%d0%b0%d1%80","status":"publish","type":"product","link":"https:\/\/new.stomil-bydgoszcz.pl\/ru\/produkt\/waz-do-benzyny-paliw-i-olejow-10-bar\/","title":{"rendered":"\u0428\u043b\u0430\u043d\u0433\u0438 \u0434\u043b\u044f \u0431\u0435\u043d\u0437\u0438\u043d\u0430, \u0442\u043e\u043f\u043b\u0438\u0432\u0430 \u0438 \u043c\u0430\u0441\u0435\u043b 1,0 \u041c\u041f\u0430"},"content":{"rendered":"<p><strong>\u0425\u0410\u0420\u0410\u041a\u0422\u0415\u0420\u0418\u0421\u0422\u0418\u041a\u0418<br \/>\n<\/strong>\u0420\u0430\u0431\u043e\u0447\u0435\u0435 \u0434\u0430\u0432\u043b\u0435\u043d\u0438\u0435 - 10 \u0431\u0430\u0440 (1,0 \u041c\u041f\u0430)<br \/>\n\u0414\u0430\u0432\u043b\u0435\u043d\u0438\u0435 \u0440\u0430\u0437\u0440\u044b\u0432\u0430 - 30 \u0431\u0430\u0440 (3,0 \u041c\u041f\u0430)<br \/>\n\u0410\u043d\u0442\u0438\u0441\u0442\u0430\u0442\u0438\u0447\u0435\u0441\u043a\u0438\u0439<\/p>\n<p><strong>\u041f\u0420\u0418\u041b\u041e\u0416\u0415\u041d\u0418\u0415<br \/>\n<\/strong>\u0410\u043d\u0442\u0438\u0441\u0442\u0430\u0442\u0438\u0447\u0435\u0441\u043a\u0438\u0439 \u0448\u043b\u0430\u043d\u0433 \u043e\u0431\u044b\u0447\u043d\u043e \u0438\u0441\u043f\u043e\u043b\u044c\u0437\u0443\u0435\u0442\u0441\u044f \u0434\u043b\u044f \u043f\u0435\u0440\u0435\u0434\u0430\u0447\u0438 \u043e\u0431\u044b\u0447\u043d\u043e\u0433\u043e \u0442\u043e\u043f\u043b\u0438\u0432\u0430 (\u0431\u0435\u043d\u0437\u0438\u043d\u0430), \u0434\u0438\u0437\u0435\u043b\u044c\u043d\u043e\u0433\u043e \u0442\u043e\u043f\u043b\u0438\u0432\u0430, \u0431\u0438\u043e\u0434\u0438\u0437\u0435\u043b\u044f, \u0431\u0438\u043e\u044d\u0442\u0430\u043d\u043e\u043b\u0430 \u0438 \u043c\u0430\u0441\u0435\u043b. \u0428\u043b\u0430\u043d\u0433 \u0443\u0441\u0442\u043e\u0439\u0447\u0438\u0432 \u043a \u0430\u0442\u043c\u043e\u0441\u0444\u0435\u0440\u043d\u044b\u043c \u0432\u043e\u0437\u0434\u0435\u0439\u0441\u0442\u0432\u0438\u044f\u043c \u0438 \u043e\u0437\u043e\u043d\u0443.<\/p>\n<p><strong>\u0420\u0430\u0431\u043e\u0447\u0430\u044f \u0442\u0435\u043c\u043f\u0435\u0440\u0430\u0442\u0443\u0440\u0430<br \/>\n<\/strong>\u041e\u0442 -30\u00b0C \u0434\u043e +100\u00b0C \u0434\u043b\u044f \u043c\u0430\u0441\u043b\u0430<br \/>\n\u041e\u0442 -30\u00b0C \u0434\u043e +45\u00b0C \u0434\u043b\u044f \u0431\u0435\u043d\u0437\u0438\u043d\u0430<\/p>\n<p><strong>\u0421\u0422\u0420\u041e\u0418\u0422\u0415\u041b\u042c\u0421\u0422\u0412\u041e<br \/>\n<\/strong>\u0418\u0437\u0433\u043e\u0442\u043e\u0432\u043b\u0435\u043d \u043f\u043e \u043e\u0440\u0438\u0433\u0438\u043d\u0430\u043b\u044c\u043d\u043e\u043c\u0443 \u0434\u0438\u0437\u0430\u0439\u043d\u0443 Stomil WT-33\/15-1\/BZPG.<br \/>\n\u041a\u0440\u043e\u043c\u0435 \u0442\u043e\u0433\u043e, \u0448\u043b\u0430\u043d\u0433 \u043e\u0442\u0432\u0435\u0447\u0430\u0435\u0442 \u0442\u0440\u0435\u0431\u043e\u0432\u0430\u043d\u0438\u044f\u043c \u0441\u0442\u0430\u043d\u0434\u0430\u0440\u0442\u0430 EN 1360 \u043f\u043e \u0445\u0438\u043c\u0438\u0447\u0435\u0441\u043a\u043e\u0439 \u0441\u0442\u043e\u0439\u043a\u043e\u0441\u0442\u0438.<\/p>\n<p><strong>\u0412\u043d\u0443\u0442\u0440\u0435\u043d\u043d\u0438\u0439 \u0441\u043b\u043e\u0439<br \/>\n<\/strong>\u0412\u044b\u0441\u043e\u043a\u043e\u043a\u0430\u0447\u0435\u0441\u0442\u0432\u0435\u043d\u043d\u0430\u044f \u0440\u0435\u0437\u0438\u043d\u043e\u0432\u0430\u044f \u0441\u043c\u0435\u0441\u044c NBR \u0443\u0441\u0442\u043e\u0439\u0447\u0438\u0432\u0430 \u043a \u043c\u0430\u0441\u043b\u0430\u043c \u0438 \u0442\u043e\u043f\u043b\u0438\u0432\u0430\u043c, \u0441\u043e\u0434\u0435\u0440\u0436\u0430\u0449\u0438\u043c \u043e\u043a\u0441\u0438\u0433\u0435\u043d\u0430\u0442\u044b 15% \u0438 \u0431\u0438\u043e\u0434\u0438\u0437\u0435\u043b\u044c - \u0441\u043c\u0435\u0441\u044c \u0434\u0438\u0437\u0435\u043b\u044c\u043d\u043e\u0433\u043e \u0442\u043e\u043f\u043b\u0438\u0432\u0430 80% \u0441 \u044d\u0444\u0438\u0440\u0430\u043c\u0438 \u0436\u0438\u0440\u043d\u044b\u0445 \u043a\u0438\u0441\u043b\u043e\u0442 (\u0431\u0438\u043e\u043a\u043e\u043c\u043f\u043e\u043d\u0435\u043d\u0442\u0430\u043c\u0438) 20%.<\/p>\n<p><strong>\u0410\u0440\u043c\u0430\u0442\u0443\u0440\u0430<br \/>\n<\/strong>\u041e\u043f\u043b\u0451\u0442\u043a\u0430 \u0438\u0437 \u0432\u044b\u0441\u043e\u043a\u043e\u043f\u0440\u043e\u0447\u043d\u044b\u0445 \u0441\u0438\u043d\u0442\u0435\u0442\u0438\u0447\u0435\u0441\u043a\u0438\u0445 \u043d\u0438\u0442\u0435\u0439.<\/p>\n<p><strong>\u0412\u043d\u0435\u0448\u043d\u0438\u0439 \u0441\u043b\u043e\u0439<br \/>\n<\/strong>\u0412\u044b\u0441\u043e\u043a\u043e\u043a\u0430\u0447\u0435\u0441\u0442\u0432\u0435\u043d\u043d\u044b\u0439 \u0433\u043b\u0430\u0434\u043a\u0438\u0439, \u0430\u043d\u0442\u0438\u0441\u0442\u0430\u0442\u0438\u0447\u0435\u0441\u043a\u0438\u0439 \u0447\u0435\u0440\u043d\u044b\u0439 \u0441\u0438\u043d\u0442\u0435\u0442\u0438\u0447\u0435\u0441\u043a\u0438\u0439 \u043a\u0430\u0443\u0447\u0443\u043a, \u0443\u0441\u0442\u043e\u0439\u0447\u0438\u0432\u044b\u0439 \u043a \u0442\u043e\u043f\u043b\u0438\u0432\u0443 \u0438 \u043c\u0430\u0441\u043b\u0430\u043c, \u0430 \u0442\u0430\u043a\u0436\u0435 \u043a \u0438\u0441\u0442\u0438\u0440\u0430\u043d\u0438\u044e, \u0430\u0442\u043c\u043e\u0441\u0444\u0435\u0440\u043d\u044b\u043c \u0432\u043e\u0437\u0434\u0435\u0439\u0441\u0442\u0432\u0438\u044f\u043c \u0438 \u043e\u0437\u043e\u043d\u0443.<\/p>\n<p><strong>\u041f\u041e\u0414\u041f\u0418\u0421\u0410\u0422\u042c\u0421\u042f<br \/>\n<\/strong>\u0428\u043b\u0430\u043d\u0433\u0438 \u043f\u043e\u043c\u0435\u0447\u0435\u043d\u044b \u0431\u0435\u043b\u043e\u0439 \u043a\u0440\u0430\u0441\u043a\u043e\u0439.<\/p>","protected":false},"excerpt":{"rendered":"<p><strong>\u0420\u0430\u0431\u043e\u0447\u0435\u0435 \u0434\u0430\u0432\u043b\u0435\u043d\u0438\u0435:<\/strong> 10 \u0431\u0430\u0440 (1,0 \u041c\u041f\u0430)| <strong>\u0414\u0430\u0432\u043b\u0435\u043d\u0438\u0435 \u0440\u0430\u0437\u0440\u044b\u0432\u0430:<\/strong> 30 \u0431\u0430\u0440 (3,0 \u041c\u041f\u0430) | \u0430\u043d\u0442\u0438\u0441\u0442\u0430\u0442\u0438\u0447\u0435\u0441\u043a\u0438\u0439 | \u0430\u043d\u0442\u0438\u0441\u0442\u0430\u0442\u0438\u0447\u0435\u0441\u043a\u0438\u0439\u00a0<strong>\u0420\u0430\u0431\u043e\u0447\u0430\u044f \u0442\u0435\u043c\u043f\u0435\u0440\u0430\u0442\u0443\u0440\u0430:<\/strong>\u00a0\u041e\u0442 -30\u00b0C \u0434\u043e +100\u00b0C \u0434\u043b\u044f \u043c\u0430\u0441\u043b\u0430; \u043e\u0442 -30\u00b0C \u0434\u043e +45\u00b0C \u0434\u043b\u044f \u0431\u0435\u043d\u0437\u0438\u043d\u0430.<\/p>","protected":false},"featured_media":6933,"comment_status":"closed","ping_status":"closed","template":"","meta":[],"product_brand":[],"product_cat":[154,88,155,89,77,157,158,140],"product_tag":[],"class_list":{"0":"post-6935","1":"product","2":"type-product","3":"status-publish","4":"has-post-thumbnail","6":"product_cat-automotive","7":"product_cat-branze","8":"product_cat-budowa-maszyn-i-urzadzen","9":"product_cat-gornictwo","10":"product_cat-grupy-produktow","11":"product_cat-przewody-olejowe","12":"product_cat-przewody-paliwowe","13":"product_cat-weze-przemyslowe","15":"first","16":"instock","17":"taxable","18":"shipping-taxable","19":"purchasable","20":"product-type-variable"},"stomil_properties":[{"variation_id":6937,"sku":"WPPL10ZW006NF609","variation_title":"W\u0105\u017c do benzyny, paliw i olej\u00f3w 1,0 MPa DN6,3 (1\/4\")","properties":[{"property":"\u015arednica nominalna wewn\u0119trzna","unit":"mm","value":"6,3"},{"property":"\u015arednica nominalna wewn\u0119trzna","unit":"ukryte","value":"\u00b10,80"},{"property":"\u015arednica nominalna wewn\u0119trzna","unit":"cal","value":"1\/4"},{"property":"\u015arednica zewn\u0119trzna [mm]","unit":"mm","value":"12,0"},{"property":"Maksymalne ci\u015bnienie robocze","unit":"bar","value":"10 "},{"property":"Maksymalne ci\u015bnienie robocze","unit":"MPa","value":"1,0 "},{"property":"Maksymalne ci\u015bnienie robocze","unit":"psi","value":"145 "},{"property":"Ci\u015bnienie rozrywaj\u0105ce","unit":"bar","value":"30"},{"property":"Wsp\u00f3\u0142czynnik bezpiecze\u0144stwa","unit":"-","value":"3:1"},{"property":"Standardowe d\u0142ugo\u015bci odcink\u00f3w","unit":"m","value":"50"},{"property":"Waga jednostkowa","unit":"kg\/m","value":"0,12"},{"property":"Rodzaj wzmocnienia","unit":"-","value":"nici"}]},{"variation_id":6939,"sku":"WPPL10ZW008NF609","variation_title":"W\u0105\u017c do benzyny, paliw i olej\u00f3w 1,0 MPa DN8 (5\/16\")","properties":[{"property":"\u015arednica nominalna wewn\u0119trzna","unit":"mm","value":"8,0"},{"property":"\u015arednica nominalna wewn\u0119trzna","unit":"ukryte","value":"\u00b10,80"},{"property":"\u015arednica nominalna wewn\u0119trzna","unit":"cal","value":"5\/16"},{"property":"\u015arednica zewn\u0119trzna [mm]","unit":"mm","value":"15,0"},{"property":"Maksymalne ci\u015bnienie robocze","unit":"bar","value":"10 "},{"property":"Maksymalne ci\u015bnienie robocze","unit":"MPa","value":"1,0 "},{"property":"Maksymalne ci\u015bnienie robocze","unit":"psi","value":"145 "},{"property":"Ci\u015bnienie rozrywaj\u0105ce","unit":"bar","value":"30"},{"property":"Wsp\u00f3\u0142czynnik bezpiecze\u0144stwa","unit":"-","value":"3:1"},{"property":"Standardowe d\u0142ugo\u015bci odcink\u00f3w","unit":"m","value":"50"},{"property":"Waga jednostkowa","unit":"kg\/m","value":"0,17"},{"property":"Rodzaj wzmocnienia","unit":"-","value":"nici"}]},{"variation_id":6941,"sku":"WPPL10ZW010NF609","variation_title":"W\u0105\u017c do benzyny, paliw i olej\u00f3w 1,0 MPa DN10 (3\/8\")","properties":[{"property":"\u015arednica nominalna wewn\u0119trzna","unit":"mm","value":"10,0"},{"property":"\u015arednica nominalna wewn\u0119trzna","unit":"ukryte","value":"\u00b10,80"},{"property":"\u015arednica nominalna wewn\u0119trzna","unit":"cal","value":"3\/8"},{"property":"\u015arednica zewn\u0119trzna [mm]","unit":"mm","value":"17,0"},{"property":"Maksymalne ci\u015bnienie robocze","unit":"bar","value":"10 "},{"property":"Maksymalne ci\u015bnienie robocze","unit":"MPa","value":"1,0 "},{"property":"Maksymalne ci\u015bnienie robocze","unit":"psi","value":"145 "},{"property":"Ci\u015bnienie rozrywaj\u0105ce","unit":"bar","value":"30 "},{"property":"Wsp\u00f3\u0142czynnik bezpiecze\u0144stwa","unit":"-","value":"3:1"},{"property":"Standardowe d\u0142ugo\u015bci odcink\u00f3w","unit":"m","value":"50"},{"property":"Waga jednostkowa","unit":"kg\/m","value":"0,20"},{"property":"Rodzaj wzmocnienia","unit":"-","value":"nici"}]},{"variation_id":6943,"sku":"WPPL10ZW012NF609","variation_title":"W\u0105\u017c do benzyny, paliw i olej\u00f3w 1,0 MPa DN12,5 (1\/2\")","properties":[{"property":"\u015arednica nominalna wewn\u0119trzna","unit":"mm","value":"12,5"},{"property":"\u015arednica nominalna wewn\u0119trzna","unit":"ukryte","value":"\u00b10,80"},{"property":"\u015arednica nominalna wewn\u0119trzna","unit":"cal","value":"1\/2"},{"property":"\u015arednica zewn\u0119trzna [mm]","unit":"mm","value":"19,0"},{"property":"Maksymalne ci\u015bnienie robocze","unit":"bar","value":"10"},{"property":"Maksymalne ci\u015bnienie robocze","unit":"MPa","value":"1,0"},{"property":"Maksymalne ci\u015bnienie robocze","unit":"psi","value":"145"},{"property":"Ci\u015bnienie rozrywaj\u0105ce","unit":"bar","value":"30"},{"property":"Wsp\u00f3\u0142czynnik bezpiecze\u0144stwa","unit":"-","value":"3:1"},{"property":"Standardowe d\u0142ugo\u015bci odcink\u00f3w","unit":"m","value":"50"},{"property":"Waga jednostkowa","unit":"kg\/m","value":"0,23"},{"property":"Rodzaj wzmocnienia","unit":"-","value":"nici"}]}],"_links":{"self":[{"href":"https:\/\/new.stomil-bydgoszcz.pl\/ru\/wp-json\/wp\/v2\/product\/6935","targetHints":{"allow":["GET"]}}],"collection":[{"href":"https:\/\/new.stomil-bydgoszcz.pl\/ru\/wp-json\/wp\/v2\/product"}],"about":[{"href":"https:\/\/new.stomil-bydgoszcz.pl\/ru\/wp-json\/wp\/v2\/types\/product"}],"replies":[{"embeddable":true,"href":"https:\/\/new.stomil-bydgoszcz.pl\/ru\/wp-json\/wp\/v2\/comments?post=6935"}],"wp:featuredmedia":[{"embeddable":true,"href":"https:\/\/new.stomil-bydgoszcz.pl\/ru\/wp-json\/wp\/v2\/media\/6933"}],"wp:attachment":[{"href":"https:\/\/new.stomil-bydgoszcz.pl\/ru\/wp-json\/wp\/v2\/media?parent=6935"}],"wp:term":[{"taxonomy":"product_brand","embeddable":true,"href":"https:\/\/new.stomil-bydgoszcz.pl\/ru\/wp-json\/wp\/v2\/product_brand?post=6935"},{"taxonomy":"product_cat","embeddable":true,"href":"https:\/\/new.stomil-bydgoszcz.pl\/ru\/wp-json\/wp\/v2\/product_cat?post=6935"},{"taxonomy":"product_tag","embeddable":true,"href":"https:\/\/new.stomil-bydgoszcz.pl\/ru\/wp-json\/wp\/v2\/product_tag?post=6935"}],"curies":[{"name":"wp","href":"https:\/\/api.w.org\/{rel}","templated":true}]}}