{"id":7170,"date":"2026-03-17T21:39:21","date_gmt":"2026-03-17T21:39:21","guid":{"rendered":"https:\/\/new.stomil-bydgoszcz.pl\/produkt\/waz-hydrauliczny-2-sn-euro-wash-150c\/"},"modified":"2026-03-17T21:40:00","modified_gmt":"2026-03-17T21:40:00","slug":"%d0%b3%d0%b8%d0%b4%d1%80%d0%b0%d0%b2%d0%bb%d0%b8%d1%87%d0%b5%d1%81%d0%ba%d0%b0%d1%8f-%d0%bb%d0%be%d0%bf%d0%b0%d1%82%d0%ba%d0%b0-2-sn-euro-wash-150c","status":"publish","type":"product","link":"https:\/\/new.stomil-bydgoszcz.pl\/ru\/produkt\/waz-hydrauliczny-2-sn-euro-wash-150c\/","title":{"rendered":"\u0413\u0438\u0434\u0440\u0430\u0432\u043b\u0438\u0447\u0435\u0441\u043a\u0438\u0435 \u0448\u043b\u0430\u043d\u0433\u0438 2 SN EURO WASH 150\u00b0C"},"content":{"rendered":"<p><strong>\u041f\u0420\u0418\u041b\u041e\u0416\u0415\u041d\u0418\u0415<\/strong><\/p>\n<p>\u0421\u043f\u0435\u0446\u0438\u0430\u043b\u0438\u0437\u0438\u0440\u043e\u0432\u0430\u043d\u043d\u044b\u0435 \u0448\u043b\u0430\u043d\u0433\u0438, \u043f\u0440\u0435\u0434\u043d\u0430\u0437\u043d\u0430\u0447\u0435\u043d\u043d\u044b\u0435 \u0434\u043b\u044f \u043e\u0447\u0438\u0441\u0442\u043a\u0438 \u043f\u043e\u0434 \u0432\u044b\u0441\u043e\u043a\u0438\u043c \u0434\u0430\u0432\u043b\u0435\u043d\u0438\u0435\u043c \u0441 \u0438\u0441\u043f\u043e\u043b\u044c\u0437\u043e\u0432\u0430\u043d\u0438\u0435\u043c \u0432\u043e\u0434\u044b \u0438 \u0432\u044b\u0441\u043e\u043a\u043e\u0442\u0435\u043c\u043f\u0435\u0440\u0430\u0442\u0443\u0440\u043d\u044b\u0445 \u043c\u043e\u044e\u0449\u0438\u0445 \u0440\u0430\u0441\u0442\u0432\u043e\u0440\u043e\u0432.<\/p>\n<p>\u041c\u043e\u0436\u043d\u043e \u0438\u0441\u043f\u043e\u043b\u044c\u0437\u043e\u0432\u0430\u0442\u044c \u0448\u043b\u0430\u043d\u0433\u0438:<br \/>\n- \u0434\u043b\u044f \u043c\u043e\u0435\u0447\u043d\u044b\u0445 \u043c\u0430\u0448\u0438\u043d K\u00c4RCHER \u043d\u0430 \u043c\u043e\u0439\u043a\u0430\u0445 \u0434\u043b\u044f \u043b\u0435\u0433\u043a\u043e\u0432\u044b\u0445 \u0438 \u0433\u0440\u0443\u0437\u043e\u0432\u044b\u0445 \u0430\u0432\u0442\u043e\u043c\u043e\u0431\u0438\u043b\u0435\u0439, \u0430 \u0442\u0430\u043a\u0436\u0435 \u043d\u0430 \u043c\u043e\u0439\u043a\u0430\u0445 \u0434\u043b\u044f \u0436\u0435\u043b\u0435\u0437\u043d\u043e\u0434\u043e\u0440\u043e\u0436\u043d\u043e\u0433\u043e \u0442\u0440\u0430\u043d\u0441\u043f\u043e\u0440\u0442\u0430,<br \/>\n- \u0434\u043b\u044f \u0441\u0442\u0430\u0446\u0438\u043e\u043d\u0430\u0440\u043d\u044b\u0445 \u0432\u043e\u0434\u043e\u0433\u0440\u0435\u0439\u043d\u044b\u0445 \u0443\u0441\u0442\u0430\u043d\u043e\u0432\u043e\u043a \u0432\u044b\u0441\u043e\u043a\u043e\u0433\u043e \u0434\u0430\u0432\u043b\u0435\u043d\u0438\u044f (\u0447\u0438\u0441\u0442\u044f\u0449\u0438\u0435 \u0430\u0433\u0440\u0435\u0433\u0430\u0442\u044b, \u043f\u044b\u043b\u0435\u0441\u043e\u0441\u044b \u0438 \u0442.\u0434.).<\/p>\n<p>\u0428\u043b\u0430\u043d\u0433\u0438 \u043d\u0435 \u043f\u0440\u0435\u0434\u043d\u0430\u0437\u043d\u0430\u0447\u0435\u043d\u044b \u0434\u043b\u044f \u043f\u0435\u0440\u0435\u0434\u0430\u0447\u0438 \u043f\u0438\u0442\u044c\u0435\u0432\u043e\u0439 \u0432\u043e\u0434\u044b \u0438 \u043f\u0430\u0440\u0430.<\/p>\n<p><strong>\u0420\u0430\u0431\u043e\u0447\u0435\u0435 \u0434\u0430\u0432\u043b\u0435\u043d\u0438\u0435<br \/>\n<\/strong>\u041e\u0442 125 \u0434\u043e 400 \u0431\u0430\u0440, \u0432 \u0437\u0430\u0432\u0438\u0441\u0438\u043c\u043e\u0441\u0442\u0438 \u043e\u0442 \u0434\u0438\u0430\u043c\u0435\u0442\u0440\u0430.<\/p>\n<p><strong>\u0420\u0430\u0431\u043e\u0447\u0430\u044f \u0442\u0435\u043c\u043f\u0435\u0440\u0430\u0442\u0443\u0440\u0430<br \/>\n<\/strong>\u041e\u0442 -20\u00b0C \u0434\u043e +150\u00b0C<\/p>\n<p><strong>\u0421\u0422\u0420\u041e\u0418\u0422\u0415\u041b\u042c\u0421\u0422\u0412\u041e<br \/>\n<\/strong>\u0418\u0437\u0433\u043e\u0442\u043e\u0432\u043b\u0435\u043d\u043e \u043f\u043e \u0430\u0432\u0442\u043e\u0440\u0441\u043a\u043e\u043c\u0443 \u043f\u0440\u043e\u0435\u043a\u0442\u0443 Stomil Bydgoszcz (ZN-10\/13\/BZPG).<br \/>\n\u0412\u0441\u0435 \u0440\u0430\u0437\u043c\u0435\u0440\u044b \u0448\u043b\u0430\u043d\u0433\u043e\u0432 \u0441\u043e\u043e\u0442\u0432\u0435\u0442\u0441\u0442\u0432\u0443\u044e\u0442 \u0442\u0440\u0435\u0431\u043e\u0432\u0430\u043d\u0438\u044f\u043c \u0441\u0442\u0430\u043d\u0434\u0430\u0440\u0442\u0430 EN 853.<br \/>\n\u0423\u0441\u0442\u043e\u0439\u0447\u0438\u0432\u043e\u0441\u0442\u044c \u043a \u0434\u0430\u0432\u043b\u0435\u043d\u0438\u044e \u0440\u0430\u0437\u0440\u044b\u0432\u0430 \u0438 \u0438\u043c\u043f\u0443\u043b\u044c\u0441\u0430 \u0432 \u0441\u043e\u043e\u0442\u0432\u0435\u0442\u0441\u0442\u0432\u0438\u0438 \u0441 EN 1829-2.<\/p>\n<p><strong>\u0412\u043d\u0443\u0442\u0440\u0435\u043d\u043d\u0438\u0439 \u0441\u043b\u043e\u0439<br \/>\n<\/strong>\u0421\u0438\u043d\u0442\u0435\u0442\u0438\u0447\u0435\u0441\u043a\u0438\u0439 \u043a\u0430\u0443\u0447\u0443\u043a \u0447\u0435\u0440\u043d\u043e\u0433\u043e \u0446\u0432\u0435\u0442\u0430, \u0443\u0441\u0442\u043e\u0439\u0447\u0438\u0432\u044b\u0439 \u043a \u0432\u043e\u0437\u0434\u0435\u0439\u0441\u0442\u0432\u0438\u044e \u0432\u043e\u0434\u044b \u0438 \u0432\u044b\u0441\u043e\u043a\u043e\u0442\u0435\u043c\u043f\u0435\u0440\u0430\u0442\u0443\u0440\u043d\u044b\u0445 \u043c\u043e\u044e\u0449\u0438\u0445 \u0440\u0430\u0441\u0442\u0432\u043e\u0440\u043e\u0432.<\/p>\n<p><strong>\u0410\u0440\u043c\u0430\u0442\u0443\u0440\u0430<br \/>\n<\/strong>\u0414\u0432\u0435 \u0432\u044b\u0441\u043e\u043a\u043e\u043f\u0440\u043e\u0447\u043d\u044b\u0435 \u0441\u0442\u0430\u043b\u044c\u043d\u044b\u0435 \u043e\u043f\u043b\u0451\u0442\u043a\u0438.<\/p>\n<p><strong>\u0412\u043d\u0435\u0448\u043d\u0438\u0439 \u0441\u043b\u043e\u0439<br \/>\n<\/strong>\u0421\u0438\u043d\u0442\u0435\u0442\u0438\u0447\u0435\u0441\u043a\u0438\u0439 \u043a\u0430\u0443\u0447\u0443\u043a \u0443\u0441\u0442\u043e\u0439\u0447\u0438\u0432 \u043a \u0438\u0441\u0442\u0438\u0440\u0430\u043d\u0438\u044e, \u043c\u0430\u0441\u043b\u0443, \u0430\u0442\u043c\u043e\u0441\u0444\u0435\u0440\u043d\u044b\u043c \u0432\u043e\u0437\u0434\u0435\u0439\u0441\u0442\u0432\u0438\u044f\u043c \u0438 \u043e\u0437\u043e\u043d\u0443.<br \/>\n\u0428\u043b\u0430\u043d\u0433\u0438 \u043f\u0440\u0435\u0434\u043b\u0430\u0433\u0430\u044e\u0442\u0441\u044f \u0432 \u0447\u0435\u0440\u043d\u043e\u043c, \u043a\u0440\u0430\u0441\u043d\u043e\u043c \u0438\u043b\u0438 \u0441\u0438\u043d\u0435\u043c \u0446\u0432\u0435\u0442\u0435.<\/p>\n<p>\u0428\u043b\u0430\u043d\u0433\u0438 \u043c\u043e\u0433\u0443\u0442 \u0431\u044b\u0442\u044c \u0438\u0437\u0433\u043e\u0442\u043e\u0432\u043b\u0435\u043d\u044b \u0432 \u0434\u0440\u0443\u0433\u0438\u0445 \u0446\u0432\u0435\u0442\u0430\u0445 \u043f\u043e \u0437\u0430\u043f\u0440\u043e\u0441\u0443.<\/p>\n<p>\u0422\u0430\u043a\u0436\u0435 \u043f\u0440\u043e\u0432\u0435\u0440\u044c\u0442\u0435 \u0433\u0438\u0434\u0440\u0430\u0432\u043b\u0438\u0447\u0435\u0441\u043a\u0438\u0435 \u0448\u043b\u0430\u043d\u0433\u0438: <a href=\"https:\/\/sklep.stomil-bydgoszcz.pl\/kategoria-produktu\/grupy-produktow\/weze-hydrauliczne\/weze-hydrauliczne\/1sc\/\">1 SC<\/a>, <a href=\"https:\/\/sklep.stomil-bydgoszcz.pl\/produkt\/waz-hydrauliczny-2-sc-en-857\/\">2 SC<\/a>, <a href=\"https:\/\/sklep.stomil-bydgoszcz.pl\/produkt\/waz-hydrauliczny-1-sn-en-853-r1s-sae-j517\/\">1 \u0421\u041d<\/a>, <a href=\"https:\/\/sklep.stomil-bydgoszcz.pl\/produkt\/waz-hydrauliczny-2-sn-en-853-r2s-sae-j517\/\">2 \u0421\u041d<\/a>, <a href=\"https:\/\/sklep.stomil-bydgoszcz.pl\/produkt\/waz-hydrauliczny-eh-221-en-857\/\">ETH 221<\/a>, <a href=\"https:\/\/sklep.stomil-bydgoszcz.pl\/produkt\/waz-hydrauliczny-3-sp\/\">3 SP<\/a>, <a href=\"https:\/\/sklep.stomil-bydgoszcz.pl\/produkt\/waz-hydrauliczny-2-te-en-854\/\">2 TE<\/a> i <a href=\"https:\/\/sklep.stomil-bydgoszcz.pl\/kategoria-produktu\/grupy-produktow\/weze-hydrauliczne\/weze-do-myjni\/\">\u0448\u043b\u0430\u043d\u0433\u0438 \u0434\u043b\u044f \u0430\u0432\u0442\u043e\u043c\u043e\u0435\u043a<\/a>.<\/p>","protected":false},"excerpt":{"rendered":"<p><strong>\u0420\u0430\u0431\u043e\u0447\u0435\u0435 \u0434\u0430\u0432\u043b\u0435\u043d\u0438\u0435: <\/strong>\u043e\u0442 125 \u0434\u043e 400 \u0431\u0430\u0440 \u0432 \u0437\u0430\u0432\u0438\u0441\u0438\u043c\u043e\u0441\u0442\u0438 \u043e\u0442 \u0434\u0438\u0430\u043c\u0435\u0442\u0440\u0430 |&nbsp;<strong>\u0420\u0430\u0431\u043e\u0447\u0430\u044f \u0442\u0435\u043c\u043f\u0435\u0440\u0430\u0442\u0443\u0440\u0430: <\/strong>\u043e\u0442 -20\u00b0C \u0434\u043e +150\u00b0C<\/p>","protected":false},"featured_media":7167,"comment_status":"closed","ping_status":"closed","template":"","meta":[],"product_brand":[],"product_cat":[220,88,155,77,221,91],"product_tag":[],"class_list":{"0":"post-7170","1":"product","2":"type-product","3":"status-publish","4":"has-post-thumbnail","6":"product_cat-2sn-euro-wash-150c","7":"product_cat-branze","8":"product_cat-budowa-maszyn-i-urzadzen","9":"product_cat-grupy-produktow","10":"product_cat-weze-do-myjni","11":"product_cat-weze-hydrauliczne","13":"first","14":"instock","15":"taxable","16":"shipping-taxable","17":"purchasable","18":"product-type-variable"},"stomil_properties":[{"variation_id":7172,"sku":"WH2SNM106S0F003","variation_title":"W\u0105\u017c hydrauliczny 2SN EURO WASH 150C DN06 (1\/4\") 400 bar","properties":[{"property":"\u015arednica nominalna wewn\u0119trzna","unit":"mm","value":"6"},{"property":"\u015arednica nominalna wewn\u0119trzna","unit":"cal","value":"1\/4"},{"property":"\u015arednica wewn\u0119trzna [mm]","unit":"min.","value":"6,4"},{"property":"\u015arednica wewn\u0119trzna [mm]","unit":"max.","value":"7,0"},{"property":"\u015arednica zewn\u0119trzna oplotu stalowego [mm]","unit":"min.","value":"12,1"},{"property":"\u015arednica zewn\u0119trzna oplotu stalowego [mm]","unit":"max.","value":"13,3"},{"property":"\u015arednica zewn\u0119trzna [mm]","unit":"max.","value":"15,7"},{"property":"Maksymalne ci\u015bnienie robocze","unit":"bar","value":"400"},{"property":"Maksymalne ci\u015bnienie robocze","unit":"psi","value":"5801"},{"property":"Ci\u015bnienie rozrywaj\u0105ce","unit":"bar","value":"1600"},{"property":"Wsp\u00f3\u0142czynnik bezpiecze\u0144stwa","unit":"-","value":"4,0"},{"property":"Najmniejszy promie\u0144 zgi\u0119cia","unit":"mm","value":"100"},{"property":"Waga jednostkowa","unit":"kg\/m","value":"0,32"}]},{"variation_id":7174,"sku":"WH2SNM108S0F003","variation_title":"W\u0105\u017c hydrauliczny 2SN EURO WASH 150C DN08 (5\/16\") 350 bar","properties":[{"property":"\u015arednica nominalna wewn\u0119trzna","unit":"mm","value":"8"},{"property":"\u015arednica nominalna wewn\u0119trzna","unit":"cal","value":"5\/16"},{"property":"\u015arednica wewn\u0119trzna [mm]","unit":"min.","value":"7,9"},{"property":"\u015arednica wewn\u0119trzna [mm]","unit":"max.","value":"8,5"},{"property":"\u015arednica zewn\u0119trzna oplotu stalowego [mm]","unit":"min.","value":"13,7"},{"property":"\u015arednica zewn\u0119trzna oplotu stalowego [mm]","unit":"max.","value":"14,9"},{"property":"\u015arednica zewn\u0119trzna [mm]","unit":"max.","value":"17,3"},{"property":"Maksymalne ci\u015bnienie robocze","unit":"bar","value":"350"},{"property":"Maksymalne ci\u015bnienie robocze","unit":"psi","value":"5076"},{"property":"Ci\u015bnienie rozrywaj\u0105ce","unit":"bar","value":"1400"},{"property":"Wsp\u00f3\u0142czynnik bezpiecze\u0144stwa","unit":"-","value":"4,0"},{"property":"Najmniejszy promie\u0144 zgi\u0119cia","unit":"mm","value":"115"},{"property":"Waga jednostkowa","unit":"kg\/m","value":"0,38"}]},{"variation_id":7176,"sku":"WH2SNM110S0F003","variation_title":"W\u0105\u017c hydrauliczny 2SN EURO WASH 150C DN10 (3\/8\") 330 bar","properties":[{"property":"\u015arednica nominalna wewn\u0119trzna","unit":"mm","value":"10"},{"property":"\u015arednica nominalna wewn\u0119trzna","unit":"cal","value":"3\/8"},{"property":"\u015arednica wewn\u0119trzna [mm]","unit":"min.","value":"9,5"},{"property":"\u015arednica wewn\u0119trzna [mm]","unit":"max.","value":"10,1"},{"property":"\u015arednica zewn\u0119trzna oplotu stalowego [mm]","unit":"min.","value":"16,1"},{"property":"\u015arednica zewn\u0119trzna oplotu stalowego [mm]","unit":"max.","value":"17,3"},{"property":"\u015arednica zewn\u0119trzna [mm]","unit":"max.","value":"19,7"},{"property":"Maksymalne ci\u015bnienie robocze","unit":"bar","value":"330"},{"property":"Maksymalne ci\u015bnienie robocze","unit":"psi","value":"4786"},{"property":"Ci\u015bnienie rozrywaj\u0105ce","unit":"bar","value":"1320"},{"property":"Wsp\u00f3\u0142czynnik bezpiecze\u0144stwa","unit":"-","value":"4,0"},{"property":"Najmniejszy promie\u0144 zgi\u0119cia","unit":"mm","value":"130"},{"property":"Waga jednostkowa","unit":"kg\/m","value":"0,47"}]},{"variation_id":7178,"sku":"WH2SNM112S0F003","variation_title":"W\u0105\u017c hydrauliczny 2SN EURO WASH 150C DN12 (1\/2\") 275 bar","properties":[{"property":"\u015arednica nominalna wewn\u0119trzna","unit":"mm","value":"12"},{"property":"\u015arednica nominalna wewn\u0119trzna","unit":"cal","value":"1\/2"},{"property":"\u015arednica wewn\u0119trzna [mm]","unit":"min.","value":"12,7"},{"property":"\u015arednica wewn\u0119trzna [mm]","unit":"max.","value":"13,5"},{"property":"\u015arednica zewn\u0119trzna oplotu stalowego [mm]","unit":"min.","value":"19,0"},{"property":"\u015arednica zewn\u0119trzna oplotu stalowego [mm]","unit":"max.","value":"20,6"},{"property":"\u015arednica zewn\u0119trzna [mm]","unit":"max.","value":"23,0"},{"property":"Maksymalne ci\u015bnienie robocze","unit":"bar","value":"275"},{"property":"Maksymalne ci\u015bnienie robocze","unit":"psi","value":"3988"},{"property":"Ci\u015bnienie rozrywaj\u0105ce","unit":"bar","value":"1100"},{"property":"Wsp\u00f3\u0142czynnik bezpiecze\u0144stwa","unit":"-","value":"4,0"},{"property":"Najmniejszy promie\u0144 zgi\u0119cia","unit":"mm","value":"180"},{"property":"Waga jednostkowa","unit":"kg\/m","value":"0,57"}]},{"variation_id":7180,"sku":"","variation_title":"W\u0105\u017c hydrauliczny 2SN EURO WASH 150C DN16 (5\/8\") 250 bar","properties":[{"property":"\u015arednica nominalna wewn\u0119trzna","unit":"mm","value":"16"},{"property":"\u015arednica nominalna wewn\u0119trzna","unit":"cal","value":"5\/8"},{"property":"\u015arednica wewn\u0119trzna [mm]","unit":"min.","value":"15,8"},{"property":"\u015arednica wewn\u0119trzna [mm]","unit":"max.","value":"16,7"},{"property":"\u015arednica zewn\u0119trzna oplotu stalowego [mm]","unit":"min.","value":"22,2"},{"property":"\u015arednica zewn\u0119trzna oplotu stalowego [mm]","unit":"max.","value":"23,8"},{"property":"\u015arednica zewn\u0119trzna [mm]","unit":"max.","value":"26,2"},{"property":"Maksymalne ci\u015bnienie robocze","unit":"bar","value":"250"},{"property":"Maksymalne ci\u015bnienie robocze","unit":"psi","value":"3626"},{"property":"Ci\u015bnienie rozrywaj\u0105ce","unit":"bar","value":"1000"},{"property":"Wsp\u00f3\u0142czynnik bezpiecze\u0144stwa","unit":"-","value":"4,0"},{"property":"Najmniejszy promie\u0144 zgi\u0119cia","unit":"mm","value":"200"},{"property":"Waga jednostkowa","unit":"kg\/m","value":"0,79"}]},{"variation_id":7182,"sku":"","variation_title":"W\u0105\u017c hydrauliczny 2SN EURO WASH 150C DN19 (3\/4\") 215 bar","properties":[{"property":"\u015arednica nominalna wewn\u0119trzna","unit":"mm","value":"19"},{"property":"\u015arednica nominalna wewn\u0119trzna","unit":"cal","value":"3\/4"},{"property":"\u015arednica wewn\u0119trzna [mm]","unit":"min.","value":"18,8"},{"property":"\u015arednica wewn\u0119trzna [mm]","unit":"max.","value":"19,8"},{"property":"\u015arednica zewn\u0119trzna oplotu stalowego [mm]","unit":"min.","value":"26,2"},{"property":"\u015arednica zewn\u0119trzna oplotu stalowego [mm]","unit":"max.","value":"27,8"},{"property":"\u015arednica zewn\u0119trzna [mm]","unit":"max.","value":"30,1"},{"property":"Maksymalne ci\u015bnienie robocze","unit":"bar","value":"215"},{"property":"Maksymalne ci\u015bnienie robocze","unit":"psi","value":"3118"},{"property":"Ci\u015bnienie rozrywaj\u0105ce","unit":"bar","value":"860"},{"property":"Wsp\u00f3\u0142czynnik bezpiecze\u0144stwa","unit":"-","value":"4,0"},{"property":"Najmniejszy promie\u0144 zgi\u0119cia","unit":"mm","value":"240"},{"property":"Waga jednostkowa","unit":"kg\/m","value":"1,01"}]},{"variation_id":7184,"sku":"","variation_title":"W\u0105\u017c hydrauliczny 2SN EURO WASH 150C DN25 (1\") 165 bar","properties":[{"property":"\u015arednica nominalna wewn\u0119trzna","unit":"mm","value":"25"},{"property":"\u015arednica nominalna wewn\u0119trzna","unit":"cal","value":"1"},{"property":"\u015arednica wewn\u0119trzna [mm]","unit":"min.","value":"25,4"},{"property":"\u015arednica wewn\u0119trzna [mm]","unit":"max.","value":"26,4"},{"property":"\u015arednica zewn\u0119trzna oplotu stalowego [mm]","unit":"min.","value":"34,1"},{"property":"\u015arednica zewn\u0119trzna oplotu stalowego [mm]","unit":"max.","value":"35,7"},{"property":"\u015arednica zewn\u0119trzna [mm]","unit":"max.","value":"38,9"},{"property":"Maksymalne ci\u015bnienie robocze","unit":"bar","value":"165"},{"property":"Maksymalne ci\u015bnienie robocze","unit":"psi","value":"2393"},{"property":"Ci\u015bnienie rozrywaj\u0105ce","unit":"bar","value":"660"},{"property":"Wsp\u00f3\u0142czynnik bezpiecze\u0144stwa","unit":"-","value":"4,0"},{"property":"Najmniejszy promie\u0144 zgi\u0119cia","unit":"mm","value":"300"},{"property":"Waga jednostkowa","unit":"kg\/m","value":"1,46"}]},{"variation_id":7186,"sku":"","variation_title":"W\u0105\u017c hydrauliczny 2 SN EURO WASH 150C DN31 (1.1\/4\") 125 bar","properties":[{"property":"\u015arednica nominalna wewn\u0119trzna","unit":"mm","value":"31"},{"property":"\u015arednica nominalna wewn\u0119trzna","unit":"cal","value":"1 1\/4"},{"property":"\u015arednica wewn\u0119trzna [mm]","unit":"min.","value":"31,8"},{"property":"\u015arednica wewn\u0119trzna [mm]","unit":"max.","value":"33,0"},{"property":"\u015arednica zewn\u0119trzna oplotu stalowego [mm]","unit":"min.","value":"43,3"},{"property":"\u015arednica zewn\u0119trzna oplotu stalowego [mm]","unit":"max.","value":"45,7"},{"property":"\u015arednica zewn\u0119trzna [mm]","unit":"max.","value":"49,5"},{"property":"Maksymalne ci\u015bnienie robocze","unit":"bar","value":"125"},{"property":"Maksymalne ci\u015bnienie robocze","unit":"psi","value":"1813"},{"property":"Ci\u015bnienie rozrywaj\u0105ce","unit":"bar","value":"500"},{"property":"Wsp\u00f3\u0142czynnik bezpiecze\u0144stwa","unit":"-","value":"4,0"},{"property":"Najmniejszy promie\u0144 zgi\u0119cia","unit":"mm","value":"420"},{"property":"Waga jednostkowa","unit":"kg\/m","value":"2,04"}]}],"_links":{"self":[{"href":"https:\/\/new.stomil-bydgoszcz.pl\/ru\/wp-json\/wp\/v2\/product\/7170","targetHints":{"allow":["GET"]}}],"collection":[{"href":"https:\/\/new.stomil-bydgoszcz.pl\/ru\/wp-json\/wp\/v2\/product"}],"about":[{"href":"https:\/\/new.stomil-bydgoszcz.pl\/ru\/wp-json\/wp\/v2\/types\/product"}],"replies":[{"embeddable":true,"href":"https:\/\/new.stomil-bydgoszcz.pl\/ru\/wp-json\/wp\/v2\/comments?post=7170"}],"wp:featuredmedia":[{"embeddable":true,"href":"https:\/\/new.stomil-bydgoszcz.pl\/ru\/wp-json\/wp\/v2\/media\/7167"}],"wp:attachment":[{"href":"https:\/\/new.stomil-bydgoszcz.pl\/ru\/wp-json\/wp\/v2\/media?parent=7170"}],"wp:term":[{"taxonomy":"product_brand","embeddable":true,"href":"https:\/\/new.stomil-bydgoszcz.pl\/ru\/wp-json\/wp\/v2\/product_brand?post=7170"},{"taxonomy":"product_cat","embeddable":true,"href":"https:\/\/new.stomil-bydgoszcz.pl\/ru\/wp-json\/wp\/v2\/product_cat?post=7170"},{"taxonomy":"product_tag","embeddable":true,"href":"https:\/\/new.stomil-bydgoszcz.pl\/ru\/wp-json\/wp\/v2\/product_tag?post=7170"}],"curies":[{"name":"wp","href":"https:\/\/api.w.org\/{rel}","templated":true}]}}