{"id":7473,"date":"2026-03-17T21:40:04","date_gmt":"2026-03-17T21:40:04","guid":{"rendered":"https:\/\/new.stomil-bydgoszcz.pl\/produkt\/waz-do-powietrza-i-wody-16-mpa\/"},"modified":"2026-03-17T21:40:21","modified_gmt":"2026-03-17T21:40:21","slug":"%d0%b2%d0%b0%d0%b7%d0%b0-%d0%b4%d0%bb%d1%8f-%d0%b2%d0%be%d0%b7%d0%b4%d1%83%d1%85%d0%b0-%d0%b8-%d0%b2%d0%be%d0%b4%d1%8b-16-%d0%bc%d0%bf%d0%b0","status":"publish","type":"product","link":"https:\/\/new.stomil-bydgoszcz.pl\/ru\/produkt\/waz-do-powietrza-i-wody-16-mpa\/","title":{"rendered":"\u0428\u043b\u0430\u043d\u0433\u0438 \u0434\u043b\u044f \u0432\u043e\u0437\u0434\u0443\u0445\u0430 \u0438 \u0432\u043e\u0434\u044b 1,6 \u041c\u041f\u0430"},"content":{"rendered":"<p><strong>\u0425\u0410\u0420\u0410\u041a\u0422\u0415\u0420\u0418\u0421\u0422\u0418\u041a\u0418<br \/>\n<\/strong>\u0420\u0430\u0431\u043e\u0447\u0435\u0435 \u0434\u0430\u0432\u043b\u0435\u043d\u0438\u0435 - 16 \u0431\u0430\u0440 (1,6 \u041c\u041f\u0430)<br \/>\n\u0414\u0430\u0432\u043b\u0435\u043d\u0438\u0435 \u0440\u0430\u0437\u0440\u044b\u0432\u0430 - 64 \u0431\u0430\u0440 (6,4 \u041c\u041f\u0430)<br \/>\n\u041a\u043b\u0430\u0441\u0441 A<br \/>\n\u041a\u0430\u0442\u0435\u0433\u043e\u0440\u0438\u0438 N-T<br \/>\n\u041a\u043e\u044d\u0444\u0444\u0438\u0446\u0438\u0435\u043d\u0442 \u0431\u0435\u0437\u043e\u043f\u0430\u0441\u043d\u043e\u0441\u0442\u0438 4:1<\/p>\n<p><strong>\u041f\u0420\u0418\u041b\u041e\u0416\u0415\u041d\u0418\u0415<br \/>\n<\/strong>\u041d\u0430\u0434\u0435\u0436\u043d\u044b\u0439 \u0448\u043b\u0430\u043d\u0433, \u043e\u0431\u044b\u0447\u043d\u043e \u0438\u0441\u043f\u043e\u043b\u044c\u0437\u0443\u0435\u043c\u044b\u0439 \u0434\u043b\u044f \u043f\u043e\u0434\u0430\u0447\u0438 \u0441\u0436\u0430\u0442\u043e\u0433\u043e \u0432\u043e\u0437\u0434\u0443\u0445\u0430 \u043a \u043f\u043d\u0435\u0432\u043c\u0430\u0442\u0438\u0447\u0435\u0441\u043a\u0438\u043c \u0438\u043d\u0441\u0442\u0440\u0443\u043c\u0435\u043d\u0442\u0430\u043c.  \u041e\u043d \u0442\u0430\u043a\u0436\u0435 \u043f\u0440\u0435\u0434\u043d\u0430\u0437\u043d\u0430\u0447\u0435\u043d \u0434\u043b\u044f \u043f\u043e\u0434\u0430\u0447\u0438 \u0432\u043e\u0434\u044b \u0438 \u043b\u0435\u0433\u043a\u0438\u0445 \u0445\u0438\u043c\u0438\u043a\u0430\u0442\u043e\u0432 \u0432 \u043f\u0440\u043e\u043c\u044b\u0448\u043b\u0435\u043d\u043d\u043e\u0441\u0442\u0438 \u0438 \u0441\u0435\u043b\u044c\u0441\u043a\u043e\u043c \u0445\u043e\u0437\u044f\u0439\u0441\u0442\u0432\u0435. \u041e\u0442\u043b\u0438\u0447\u0430\u0435\u0442\u0441\u044f \u0432\u044b\u0441\u043e\u043a\u0438\u043c \u0447\u0435\u0442\u044b\u0440\u0435\u0445\u043a\u0440\u0430\u0442\u043d\u044b\u043c \u043a\u043e\u044d\u0444\u0444\u0438\u0446\u0438\u0435\u043d\u0442\u043e\u043c \u0431\u0435\u0437\u043e\u043f\u0430\u0441\u043d\u043e\u0441\u0442\u0438.<\/p>\n<p>\u041e\u043d \u0443\u0441\u0442\u043e\u0439\u0447\u0438\u0432 \u043a \u0438\u0441\u0442\u0438\u0440\u0430\u043d\u0438\u044e, \u0430\u0442\u043c\u043e\u0441\u0444\u0435\u0440\u043d\u044b\u043c \u0432\u043e\u0437\u0434\u0435\u0439\u0441\u0442\u0432\u0438\u044f\u043c \u0438 \u043e\u0437\u043e\u043d\u0443.<\/p>\n<p>\u041f\u043e \u0437\u0430\u043f\u0440\u043e\u0441\u0443 \u043c\u044b \u043c\u043e\u0436\u0435\u043c \u0437\u0430\u0449\u0438\u0442\u0438\u0442\u044c \u0448\u043b\u0430\u043d\u0433\u0438 \u0441 \u043a\u043e\u0440\u0434\u043e\u0432\u044b\u043c\u0438 \u0430\u0440\u043c\u0438\u0440\u0443\u044e\u0449\u0438\u043c\u0438 \u0434\u0438\u0430\u043c\u0435\u0442\u0440\u0430\u043c\u0438 \u0434\u043e\u043f\u043e\u043b\u043d\u0438\u0442\u0435\u043b\u044c\u043d\u043e\u0439 \u0432\u043d\u0435\u0448\u043d\u0435\u0439 \u043f\u0440\u043e\u0432\u043e\u043b\u043e\u0447\u043d\u043e\u0439 \u0441\u043f\u0438\u0440\u0430\u043b\u044c\u044e \u0434\u043b\u044f \u0437\u0430\u0449\u0438\u0442\u044b \u043e\u0442 \u0434\u0435\u0444\u043e\u0440\u043c\u0430\u0446\u0438\u0438 \u0438 \u0447\u0440\u0435\u0437\u043c\u0435\u0440\u043d\u043e\u0433\u043e \u0438\u0441\u0442\u0438\u0440\u0430\u043d\u0438\u044f \u0432\u043d\u0435\u0448\u043d\u0435\u0433\u043e \u0441\u043b\u043e\u044f \u0448\u043b\u0430\u043d\u0433\u0430.<\/p>\n<p><strong>\u0420\u0430\u0431\u043e\u0447\u0430\u044f \u0442\u0435\u043c\u043f\u0435\u0440\u0430\u0442\u0443\u0440\u0430<br \/>\n<\/strong>\u041e\u0442 -30\u00b0C \u0434\u043e +80\u00b0C<br \/>\n\u041a\u0440\u0430\u0442\u043a\u043e\u0432\u0440\u0435\u043c\u0435\u043d\u043d\u0430\u044f \u0434\u043e +100\u00b0C<\/p>\n<p>\u0422\u0430\u043a\u0436\u0435 \u0434\u043e\u0441\u0442\u0443\u043f\u043d\u044b \u0432\u0435\u0440\u0441\u0438\u0438 \u0441\u043e \u0448\u043b\u0430\u043d\u0433\u0430\u043c\u0438 \u0434\u043b\u044f \u043f\u0440\u043e\u0434\u043e\u043b\u0436\u0438\u0442\u0435\u043b\u044c\u043d\u043e\u0439 \u0440\u0430\u0431\u043e\u0447\u0435\u0439 \u0442\u0435\u043c\u043f\u0435\u0440\u0430\u0442\u0443\u0440\u044b \u043e\u0442 -40\u00b0C \u0438 \u0434\u043e +100\u00b0C.<\/p>\n<p><strong>\u0421\u0422\u0420\u041e\u0418\u0422\u0415\u041b\u042c\u0421\u0422\u0412\u041e<br \/>\n<\/strong>\u0421\u043e\u043e\u0442\u0432\u0435\u0442\u0441\u0442\u0432\u0443\u0435\u0442 \u0441\u0442\u0430\u043d\u0434\u0430\u0440\u0442\u0443 EN ISO 2398 (\u0422\u0418\u041f 2).<\/p>\n<p><strong>\u0412\u043d\u0443\u0442\u0440\u0435\u043d\u043d\u0438\u0439 \u0441\u043b\u043e\u0439<br \/>\n<\/strong>\u0420\u0435\u0437\u0438\u043d\u0430 \u0447\u0435\u0440\u043d\u043e\u0433\u043e \u0446\u0432\u0435\u0442\u0430, \u0438\u0437\u0433\u043e\u0442\u043e\u0432\u043b\u0435\u043d\u043d\u0430\u044f \u0438\u0437 \u0441\u0438\u043d\u0442\u0435\u0442\u0438\u0447\u0435\u0441\u043a\u043e\u0433\u043e \u043a\u0430\u0443\u0447\u0443\u043a\u0430 SBR.<\/p>\n<p><strong>\u0410\u0440\u043c\u0430\u0442\u0443\u0440\u0430<br \/>\n<\/strong>\u0412 \u0437\u0430\u0432\u0438\u0441\u0438\u043c\u043e\u0441\u0442\u0438 \u043e\u0442 \u0434\u0438\u0430\u043c\u0435\u0442\u0440\u0430 - \u043f\u0440\u043e\u043a\u043b\u0430\u0434\u043a\u0438 \u0438\u0437 \u0442\u0435\u043a\u0441\u0442\u0438\u043b\u044c\u043d\u043e\u0433\u043e \u043a\u043e\u0440\u0434\u0430 \u0438\u043b\u0438 \u0432\u044b\u0441\u043e\u043a\u043e\u043f\u0440\u043e\u0447\u043d\u0430\u044f \u043e\u043f\u043b\u0451\u0442\u043a\u0430 \u0438\u0437 \u0441\u0438\u043d\u0442\u0435\u0442\u0438\u0447\u0435\u0441\u043a\u0438\u0445 \u043d\u0438\u0442\u0435\u0439.<\/p>\n<p><strong>\u0412\u043d\u0435\u0448\u043d\u0438\u0439 \u0441\u043b\u043e\u0439<br \/>\n<\/strong>\u0427\u0435\u0440\u043d\u0430\u044f \u0441\u0438\u043d\u0442\u0435\u0442\u0438\u0447\u0435\u0441\u043a\u0430\u044f \u0440\u0435\u0437\u0438\u043d\u0430 SBR \/ EPDM, \u0443\u0441\u0442\u043e\u0439\u0447\u0438\u0432\u0430\u044f \u043a \u0438\u0441\u0442\u0438\u0440\u0430\u043d\u0438\u044e, \u0430\u0442\u043c\u043e\u0441\u0444\u0435\u0440\u043d\u044b\u043c \u0432\u043e\u0437\u0434\u0435\u0439\u0441\u0442\u0432\u0438\u044f\u043c \u0438 \u043e\u0437\u043e\u043d\u0443.<br \/>\n\u0414\u0438\u0430\u043c\u0435\u0442\u0440\u044b \u0434\u043e DN 12,5 - \u043e\u0431\u044b\u0447\u043d\u044b\u0435, \u0431\u043e\u043b\u044c\u0448\u0435 - \u0441 \u043e\u0442\u0442\u0438\u0441\u043a\u043e\u043c \u0442\u043a\u0430\u043d\u0438.<\/p>\n<p><strong>\u041f\u041e\u0414\u041f\u0418\u0421\u0410\u0422\u042c\u0421\u042f<br \/>\n<\/strong>\u0414\u0438\u0430\u043c\u0435\u0442\u0440\u044b \u0441 \u0433\u043b\u0430\u0434\u043a\u043e\u0439 \u043f\u043e\u0432\u0435\u0440\u0445\u043d\u043e\u0441\u0442\u044c\u044e \u043e\u0442\u043c\u0435\u0447\u0435\u043d\u044b \u0431\u0435\u043b\u043e\u0439 \u043a\u0440\u0430\u0441\u043a\u043e\u0439. \u0414\u0438\u0430\u043c\u0435\u0442\u0440\u044b \u0441 \u043e\u0442\u043f\u0435\u0447\u0430\u0442\u043a\u043e\u043c \u0442\u043a\u0430\u043d\u0438 \u043e\u0442\u043c\u0435\u0447\u0435\u043d\u044b \u0441\u0432\u0435\u0442\u043b\u043e-\u0433\u043e\u043b\u0443\u0431\u043e\u0439 \u043b\u0435\u043d\u0442\u043e\u0439.<\/p>\n<p>&nbsp;<\/p>","protected":false},"excerpt":{"rendered":"<p><strong>\u0420\u0430\u0431\u043e\u0447\u0435\u0435 \u0434\u0430\u0432\u043b\u0435\u043d\u0438\u0435:<\/strong> 16 \u0431\u0430\u0440 (1,6 \u041c\u041f\u0430)| <strong>\u0414\u0430\u0432\u043b\u0435\u043d\u0438\u0435 \u0440\u0430\u0437\u0440\u044b\u0432\u0430:<\/strong> 64 \u0431\u0430\u0440 (6,4 \u041c\u041f\u0430)| <strong>\u041a\u043b\u0430\u0441\u0441:<\/strong> A | <strong>\u041a\u0430\u0442\u0435\u0433\u043e\u0440\u0438\u0438:<\/strong> N-T | <strong>\u041a\u043e\u044d\u0444\u0444\u0438\u0446\u0438\u0435\u043d\u0442 \u0431\u0435\u0437\u043e\u043f\u0430\u0441\u043d\u043e\u0441\u0442\u0438:<\/strong> 4:1 |&nbsp;<strong>\u0420\u0430\u0431\u043e\u0447\u0430\u044f \u0442\u0435\u043c\u043f\u0435\u0440\u0430\u0442\u0443\u0440\u0430: <\/strong>\u043e\u0442 -30\u00b0C \u0434\u043e +80\u00b0C; \u043a\u0440\u0430\u0442\u043a\u043e\u0432\u0440\u0435\u043c\u0435\u043d\u043d\u043e \u0434\u043e +100\u00b0C<\/p>","protected":false},"featured_media":7471,"comment_status":"closed","ping_status":"closed","template":"","meta":[],"product_brand":[],"product_cat":[88,155,92,242,77,156,176,179,140],"product_tag":[],"class_list":{"0":"post-7473","1":"product","2":"type-product","3":"status-publish","4":"has-post-thumbnail","6":"product_cat-branze","7":"product_cat-budowa-maszyn-i-urzadzen","8":"product_cat-budownictwo","9":"product_cat-do-powietrza-i-wody-16-mpa","10":"product_cat-grupy-produktow","11":"product_cat-weze-do-kompresora","12":"product_cat-weze-do-wody","13":"product_cat-przewody-pneumatyczne-do-powietrza","14":"product_cat-weze-przemyslowe","16":"first","17":"instock","18":"taxable","19":"shipping-taxable","20":"purchasable","21":"product-type-variable"},"stomil_properties":[{"variation_id":7475,"sku":"","variation_title":"W\u0105\u017c do powietrza i wody 1,6 MPa DN6,3 (1\/4\")","properties":[{"property":"\u015arednica nominalna wewn\u0119trzna","unit":"mm","value":"6,3"},{"property":"\u015arednica nominalna wewn\u0119trzna","unit":"ukryte","value":"\u00b10,75"},{"property":"\u015arednica nominalna wewn\u0119trzna","unit":"cal","value":"1\/4"},{"property":"\u015arednica zewn\u0119trzna [mm]","unit":"mm","value":"13,0"},{"property":"Maksymalne ci\u015bnienie robocze","unit":"bar","value":"16"},{"property":"Maksymalne ci\u015bnienie robocze","unit":"MPa","value":"1,6"},{"property":"Maksymalne ci\u015bnienie robocze","unit":"psi","value":"232"},{"property":"Ci\u015bnienie rozrywaj\u0105ce","unit":"bar","value":"64"},{"property":"Wsp\u00f3\u0142czynnik bezpiecze\u0144stwa","unit":"-","value":"4:1"},{"property":"Standardowe d\u0142ugo\u015bci odcink\u00f3w","unit":"m","value":"50"},{"property":"Waga jednostkowa","unit":"kg\/m","value":"0,12"},{"property":"Rodzaj wzmocnienia","unit":"-","value":"nici"}]},{"variation_id":7477,"sku":"","variation_title":"W\u0105\u017c do powietrza i wody 1,6 MPa DN8 (5\/16\")","properties":[{"property":"\u015arednica nominalna wewn\u0119trzna","unit":"mm","value":"8,0"},{"property":"\u015arednica nominalna wewn\u0119trzna","unit":"ukryte","value":"\u00b10,75"},{"property":"\u015arednica nominalna wewn\u0119trzna","unit":"cal","value":"5\/16"},{"property":"\u015arednica zewn\u0119trzna [mm]","unit":"mm","value":"15,0"},{"property":"Maksymalne ci\u015bnienie robocze","unit":"bar","value":"16"},{"property":"Maksymalne ci\u015bnienie robocze","unit":"MPa","value":"1,6"},{"property":"Maksymalne ci\u015bnienie robocze","unit":"psi","value":"232"},{"property":"Ci\u015bnienie rozrywaj\u0105ce","unit":"bar","value":"64"},{"property":"Wsp\u00f3\u0142czynnik bezpiecze\u0144stwa","unit":"-","value":"4:1"},{"property":"Standardowe d\u0142ugo\u015bci odcink\u00f3w","unit":"m","value":"50"},{"property":"Waga jednostkowa","unit":"kg\/m","value":"0,17"},{"property":"Rodzaj wzmocnienia","unit":"-","value":"nici"}]},{"variation_id":7479,"sku":"","variation_title":"W\u0105\u017c do powietrza i wody 1,6 MPa DN10 (3\/8\")","properties":[{"property":"\u015arednica nominalna wewn\u0119trzna","unit":"mm","value":"10,0"},{"property":"\u015arednica nominalna wewn\u0119trzna","unit":"ukryte","value":"\u00b10,75"},{"property":"\u015arednica nominalna wewn\u0119trzna","unit":"cal","value":"3\/8"},{"property":"\u015arednica zewn\u0119trzna [mm]","unit":"mm","value":"17,0"},{"property":"Maksymalne ci\u015bnienie robocze","unit":"bar","value":"16"},{"property":"Maksymalne ci\u015bnienie robocze","unit":"MPa","value":"1,6"},{"property":"Maksymalne ci\u015bnienie robocze","unit":"psi","value":"232"},{"property":"Ci\u015bnienie rozrywaj\u0105ce","unit":"bar","value":"64"},{"property":"Wsp\u00f3\u0142czynnik bezpiecze\u0144stwa","unit":"-","value":"4:1"},{"property":"Standardowe d\u0142ugo\u015bci odcink\u00f3w","unit":"m","value":"50"},{"property":"Waga jednostkowa","unit":"kg\/m","value":"0,20"},{"property":"Rodzaj wzmocnienia","unit":"-","value":"nici"}]},{"variation_id":7481,"sku":"","variation_title":"W\u0105\u017c do powietrza i wody 1,6 MPa DN12,5 (1\/2\")","properties":[{"property":"\u015arednica nominalna wewn\u0119trzna","unit":"mm","value":"12,5"},{"property":"\u015arednica nominalna wewn\u0119trzna","unit":"ukryte","value":"\u00b10,75"},{"property":"\u015arednica nominalna wewn\u0119trzna","unit":"cal","value":"1\/2"},{"property":"\u015arednica zewn\u0119trzna [mm]","unit":"mm","value":"21,0"},{"property":"Maksymalne ci\u015bnienie robocze","unit":"bar","value":"16"},{"property":"Maksymalne ci\u015bnienie robocze","unit":"MPa","value":"1,6"},{"property":"Maksymalne ci\u015bnienie robocze","unit":"psi","value":"232"},{"property":"Ci\u015bnienie rozrywaj\u0105ce","unit":"bar","value":"64"},{"property":"Wsp\u00f3\u0142czynnik bezpiecze\u0144stwa","unit":"-","value":"4:1"},{"property":"Standardowe d\u0142ugo\u015bci odcink\u00f3w","unit":"m","value":"50 lub 20"},{"property":"Waga jednostkowa","unit":"kg\/m","value":"0,25\/0,27"},{"property":"Rodzaj wzmocnienia","unit":"-","value":"nici lub kord"}]},{"variation_id":7483,"sku":"WPSP16OL016WT626","variation_title":"W\u0105\u017c do powietrza i wody 1,6 MPa DN16 (5\/8\")","properties":[{"property":"\u015arednica nominalna wewn\u0119trzna","unit":"mm","value":"16,0"},{"property":"\u015arednica nominalna wewn\u0119trzna","unit":"ukryte","value":"\u00b10,75"},{"property":"\u015arednica nominalna wewn\u0119trzna","unit":"cal","value":"5\/8"},{"property":"\u015arednica zewn\u0119trzna [mm]","unit":"mm","value":"24,0"},{"property":"Maksymalne ci\u015bnienie robocze","unit":"bar","value":"16"},{"property":"Maksymalne ci\u015bnienie robocze","unit":"MPa","value":"1,6"},{"property":"Maksymalne ci\u015bnienie robocze","unit":"psi","value":"232"},{"property":"Ci\u015bnienie rozrywaj\u0105ce","unit":"bar","value":"64"},{"property":"Wsp\u00f3\u0142czynnik bezpiecze\u0144stwa","unit":"-","value":"4:1"},{"property":"Standardowe d\u0142ugo\u015bci odcink\u00f3w","unit":"m","value":"20"},{"property":"Waga jednostkowa","unit":"kg\/m","value":"0,31"},{"property":"Rodzaj wzmocnienia","unit":"-","value":"kord"}]},{"variation_id":7485,"sku":"","variation_title":"W\u0105\u017c do powietrza i wody 1,6 MPa DN19 (3\/4\")","properties":[{"property":"\u015arednica nominalna wewn\u0119trzna","unit":"mm","value":"19,0"},{"property":"\u015arednica nominalna wewn\u0119trzna","unit":"ukryte","value":"\u00b10,75"},{"property":"\u015arednica nominalna wewn\u0119trzna","unit":"cal","value":"3\/4"},{"property":"\u015arednica zewn\u0119trzna [mm]","unit":"mm","value":"27,0"},{"property":"Maksymalne ci\u015bnienie robocze","unit":"bar","value":"16"},{"property":"Maksymalne ci\u015bnienie robocze","unit":"MPa","value":"1,6"},{"property":"Maksymalne ci\u015bnienie robocze","unit":"psi","value":"232"},{"property":"Ci\u015bnienie rozrywaj\u0105ce","unit":"bar","value":"64"},{"property":"Wsp\u00f3\u0142czynnik bezpiecze\u0144stwa","unit":"-","value":"4:1"},{"property":"Standardowe d\u0142ugo\u015bci odcink\u00f3w","unit":"m","value":"20"},{"property":"Waga jednostkowa","unit":"kg\/m","value":"0,37"},{"property":"Rodzaj wzmocnienia","unit":"-","value":"kord"}]},{"variation_id":7487,"sku":"WPSP16ZW020OT625","variation_title":"W\u0105\u017c do powietrza i wody 1,6 MPa DN20 (25\/32\")","properties":[{"property":"\u015arednica nominalna wewn\u0119trzna","unit":"mm","value":"20,0"},{"property":"\u015arednica nominalna wewn\u0119trzna","unit":"ukryte","value":"\u00b10,75"},{"property":"\u015arednica nominalna wewn\u0119trzna","unit":"cal","value":"25\/32"},{"property":"\u015arednica zewn\u0119trzna [mm]","unit":"mm","value":"28,0"},{"property":"Maksymalne ci\u015bnienie robocze","unit":"bar","value":"16"},{"property":"Maksymalne ci\u015bnienie robocze","unit":"MPa","value":"1,6"},{"property":"Maksymalne ci\u015bnienie robocze","unit":"psi","value":"232"},{"property":"Ci\u015bnienie rozrywaj\u0105ce","unit":"bar","value":"64"},{"property":"Wsp\u00f3\u0142czynnik bezpiecze\u0144stwa","unit":"-","value":"4:1"},{"property":"Standardowe d\u0142ugo\u015bci odcink\u00f3w","unit":"m","value":"20"},{"property":"Waga jednostkowa","unit":"kg\/m","value":"0,38"},{"property":"Rodzaj wzmocnienia","unit":"-","value":"kord"}]},{"variation_id":7489,"sku":"WPSP10ZW025OT625","variation_title":"W\u0105\u017c do powietrza i wody 1,6 MPa DN25 (1\")","properties":[{"property":"\u015arednica nominalna wewn\u0119trzna","unit":"mm","value":"25,0"},{"property":"\u015arednica nominalna wewn\u0119trzna","unit":"ukryte","value":"\u00b11,25"},{"property":"\u015arednica nominalna wewn\u0119trzna","unit":"cal","value":"1"},{"property":"\u015arednica zewn\u0119trzna [mm]","unit":"mm","value":"34,0"},{"property":"Maksymalne ci\u015bnienie robocze","unit":"bar","value":"16"},{"property":"Maksymalne ci\u015bnienie robocze","unit":"MPa","value":"1,6"},{"property":"Maksymalne ci\u015bnienie robocze","unit":"psi","value":"232"},{"property":"Ci\u015bnienie rozrywaj\u0105ce","unit":"bar","value":"64"},{"property":"Wsp\u00f3\u0142czynnik bezpiecze\u0144stwa","unit":"-","value":"4:1"},{"property":"Standardowe d\u0142ugo\u015bci odcink\u00f3w","unit":"m","value":"20"},{"property":"Waga jednostkowa","unit":"kg\/m","value":"0,52"},{"property":"Rodzaj wzmocnienia","unit":"-","value":"kord"}]},{"variation_id":7491,"sku":"WPSP10ZW031WT625","variation_title":"W\u0105\u017c do powietrza i wody 1,6 MPa DN31,5 (1.15\/64\")","properties":[{"property":"\u015arednica nominalna wewn\u0119trzna","unit":"mm","value":"31,5"},{"property":"\u015arednica nominalna wewn\u0119trzna","unit":"ukryte","value":"\u00b11,25"},{"property":"\u015arednica nominalna wewn\u0119trzna","unit":"cal","value":"1 15\/64"},{"property":"\u015arednica zewn\u0119trzna [mm]","unit":"mm","value":"46,0"},{"property":"Maksymalne ci\u015bnienie robocze","unit":"bar","value":"16"},{"property":"Maksymalne ci\u015bnienie robocze","unit":"MPa","value":"1,6"},{"property":"Maksymalne ci\u015bnienie robocze","unit":"psi","value":"232"},{"property":"Ci\u015bnienie rozrywaj\u0105ce","unit":"bar","value":"64"},{"property":"Wsp\u00f3\u0142czynnik bezpiecze\u0144stwa","unit":"-","value":"4:1"},{"property":"Standardowe d\u0142ugo\u015bci odcink\u00f3w","unit":"m","value":"20"},{"property":"Waga jednostkowa","unit":"kg\/m","value":"1,19"},{"property":"Rodzaj wzmocnienia","unit":"-","value":"kord"}]},{"variation_id":7493,"sku":"WPSP10ZW040WT625","variation_title":"W\u0105\u017c do powietrza i wody 1,6 MPa DN40 (1.9\/16\")","properties":[{"property":"\u015arednica nominalna wewn\u0119trzna","unit":"mm","value":"40,0"},{"property":"\u015arednica nominalna wewn\u0119trzna","unit":"ukryte","value":"\u00b11,50"},{"property":"\u015arednica nominalna wewn\u0119trzna","unit":"cal","value":"1 9\/16"},{"property":"\u015arednica zewn\u0119trzna [mm]","unit":"mm","value":"54,0"},{"property":"Maksymalne ci\u015bnienie robocze","unit":"bar","value":"16"},{"property":"Maksymalne ci\u015bnienie robocze","unit":"MPa","value":"1,6"},{"property":"Maksymalne ci\u015bnienie robocze","unit":"psi","value":"232"},{"property":"Ci\u015bnienie rozrywaj\u0105ce","unit":"bar","value":"64"},{"property":"Wsp\u00f3\u0142czynnik bezpiecze\u0144stwa","unit":"-","value":"4:1"},{"property":"Standardowe d\u0142ugo\u015bci odcink\u00f3w","unit":"m","value":"20"},{"property":"Waga jednostkowa","unit":"kg\/m","value":"1,44"},{"property":"Rodzaj wzmocnienia","unit":"-","value":"kord"}]},{"variation_id":7495,"sku":"","variation_title":"W\u0105\u017c do powietrza i wody 1,6 MPa DN45 (1.3\/4\")","properties":[{"property":"\u015arednica nominalna wewn\u0119trzna","unit":"mm","value":"45,0"},{"property":"\u015arednica nominalna wewn\u0119trzna","unit":"ukryte","value":"\u00b11,50"},{"property":"\u015arednica nominalna wewn\u0119trzna","unit":"cal","value":"1 3\/4"},{"property":"\u015arednica zewn\u0119trzna [mm]","unit":"mm","value":"59,0"},{"property":"Maksymalne ci\u015bnienie robocze","unit":"bar","value":"16"},{"property":"Maksymalne ci\u015bnienie robocze","unit":"MPa","value":"1,6"},{"property":"Maksymalne ci\u015bnienie robocze","unit":"psi","value":"232"},{"property":"Ci\u015bnienie rozrywaj\u0105ce","unit":"bar","value":"64"},{"property":"Wsp\u00f3\u0142czynnik bezpiecze\u0144stwa","unit":"-","value":"4:1"},{"property":"Standardowe d\u0142ugo\u015bci odcink\u00f3w","unit":"m","value":"20"},{"property":"Waga jednostkowa","unit":"kg\/m","value":"1,58"},{"property":"Rodzaj wzmocnienia","unit":"-","value":"kord"}]},{"variation_id":7497,"sku":"","variation_title":"W\u0105\u017c do powietrza i wody 1,6 MPa DN50 (2\")","properties":[{"property":"\u015arednica nominalna wewn\u0119trzna","unit":"mm","value":"50,0"},{"property":"\u015arednica nominalna wewn\u0119trzna","unit":"ukryte","value":"\u00b11,50"},{"property":"\u015arednica nominalna wewn\u0119trzna","unit":"cal","value":"2"},{"property":"\u015arednica zewn\u0119trzna [mm]","unit":"mm","value":"64,0"},{"property":"Maksymalne ci\u015bnienie robocze","unit":"bar","value":"16"},{"property":"Maksymalne ci\u015bnienie robocze","unit":"MPa","value":"1,6"},{"property":"Maksymalne ci\u015bnienie robocze","unit":"psi","value":"232"},{"property":"Ci\u015bnienie rozrywaj\u0105ce","unit":"bar","value":"64"},{"property":"Wsp\u00f3\u0142czynnik bezpiecze\u0144stwa","unit":"-","value":"4:1"},{"property":"Standardowe d\u0142ugo\u015bci odcink\u00f3w","unit":"m","value":"20"},{"property":"Waga jednostkowa","unit":"kg\/m","value":"1,74"},{"property":"Rodzaj wzmocnienia","unit":"-","value":"kord"}]}],"_links":{"self":[{"href":"https:\/\/new.stomil-bydgoszcz.pl\/ru\/wp-json\/wp\/v2\/product\/7473","targetHints":{"allow":["GET"]}}],"collection":[{"href":"https:\/\/new.stomil-bydgoszcz.pl\/ru\/wp-json\/wp\/v2\/product"}],"about":[{"href":"https:\/\/new.stomil-bydgoszcz.pl\/ru\/wp-json\/wp\/v2\/types\/product"}],"replies":[{"embeddable":true,"href":"https:\/\/new.stomil-bydgoszcz.pl\/ru\/wp-json\/wp\/v2\/comments?post=7473"}],"wp:featuredmedia":[{"embeddable":true,"href":"https:\/\/new.stomil-bydgoszcz.pl\/ru\/wp-json\/wp\/v2\/media\/7471"}],"wp:attachment":[{"href":"https:\/\/new.stomil-bydgoszcz.pl\/ru\/wp-json\/wp\/v2\/media?parent=7473"}],"wp:term":[{"taxonomy":"product_brand","embeddable":true,"href":"https:\/\/new.stomil-bydgoszcz.pl\/ru\/wp-json\/wp\/v2\/product_brand?post=7473"},{"taxonomy":"product_cat","embeddable":true,"href":"https:\/\/new.stomil-bydgoszcz.pl\/ru\/wp-json\/wp\/v2\/product_cat?post=7473"},{"taxonomy":"product_tag","embeddable":true,"href":"https:\/\/new.stomil-bydgoszcz.pl\/ru\/wp-json\/wp\/v2\/product_tag?post=7473"}],"curies":[{"name":"wp","href":"https:\/\/api.w.org\/{rel}","templated":true}]}}