{"id":7537,"date":"2026-03-17T21:40:11","date_gmt":"2026-03-17T21:40:11","guid":{"rendered":"https:\/\/new.stomil-bydgoszcz.pl\/produkt\/waz-hydrauliczny-2-te-en-854\/"},"modified":"2026-03-17T21:40:21","modified_gmt":"2026-03-17T21:40:21","slug":"%d0%b3%d0%b8%d0%b4%d1%80%d0%b0%d0%b2%d0%bb%d0%b8%d1%87%d0%b5%d1%81%d0%ba%d0%b0%d1%8f-%d0%b2%d0%b0%d0%b7%d0%b0-2-te-en-854","status":"publish","type":"product","link":"https:\/\/new.stomil-bydgoszcz.pl\/ru\/produkt\/waz-hydrauliczny-2-te-en-854\/","title":{"rendered":"2 TE EN 854 \u0413\u0438\u0434\u0440\u0430\u0432\u043b\u0438\u0447\u0435\u0441\u043a\u0438\u0435 \u0448\u043b\u0430\u043d\u0433\u0438"},"content":{"rendered":"<p><strong>\u041f\u0420\u0418\u041b\u041e\u0416\u0415\u041d\u0418\u0415<\/strong><\/p>\n<p>\u041e\u0447\u0435\u043d\u044c \u0433\u0438\u0431\u043a\u0438\u0435 \u0438 \u043b\u0435\u0433\u043a\u0438\u0435 \u0448\u043b\u0430\u043d\u0433\u0438 \u043e\u0431\u0449\u0435\u0433\u043e \u043d\u0430\u0437\u043d\u0430\u0447\u0435\u043d\u0438\u044f, \u0438\u0441\u043f\u043e\u043b\u044c\u0437\u0443\u0435\u043c\u044b\u0435 \u0434\u043b\u044f:<br \/>\n- \u0433\u0438\u0434\u0440\u0430\u0432\u043b\u0438\u0447\u0435\u0441\u043a\u0438\u0435 \u0436\u0438\u0434\u043a\u043e\u0441\u0442\u0438 \u0432 \u0441\u043e\u043e\u0442\u0432\u0435\u0442\u0441\u0442\u0432\u0438\u0438 \u0441 ISO 6743-4, \u0437\u0430 \u0438\u0441\u043a\u043b\u044e\u0447\u0435\u043d\u0438\u0435\u043c HFD R, HFD S, HFD T (\u043e\u0442 -40\u00b0C \u0434\u043e +100\u00b0C),<br \/>\n- \u0432\u043e\u0434\u043d\u044b\u0435 \u0440\u0430\u0441\u0442\u0432\u043e\u0440\u044b (\u043e\u0442 -40\u00b0C \u0434\u043e +70\u00b0C),<br \/>\n- \u0432\u043e\u0434\u0430 (\u043e\u0442 0\u00b0C \u0434\u043e +70\u00b0C),<br \/>\n- \u0441\u0436\u0430\u0442\u044b\u0439 \u0432\u043e\u0437\u0434\u0443\u0445 (\u043e\u0442 0\u00b0C \u0434\u043e +80\u00b0C).<\/p>\n<p>\u041e\u043d\u0438 \u043d\u0435 \u043f\u0440\u0435\u0434\u043d\u0430\u0437\u043d\u0430\u0447\u0435\u043d\u044b \u0434\u043b\u044f \u0436\u0438\u0434\u043a\u043e\u0441\u0442\u0435\u0439, \u0441\u043e\u0434\u0435\u0440\u0436\u0430\u0449\u0438\u0445 \u043a\u0430\u0441\u0442\u043e\u0440\u043e\u0432\u043e\u0435 \u043c\u0430\u0441\u043b\u043e \u0438 \u044d\u0444\u0438\u0440\u044b.<\/p>\n<p><strong>\u0420\u0430\u0431\u043e\u0447\u0435\u0435 \u0434\u0430\u0432\u043b\u0435\u043d\u0438\u0435<br \/>\n<\/strong>\u041e\u0442 40 \u0434\u043e 80 \u0431\u0430\u0440, \u0432 \u0437\u0430\u0432\u0438\u0441\u0438\u043c\u043e\u0441\u0442\u0438 \u043e\u0442 \u0434\u0438\u0430\u043c\u0435\u0442\u0440\u0430.<\/p>\n<p><strong>\u0420\u0430\u0431\u043e\u0447\u0430\u044f \u0442\u0435\u043c\u043f\u0435\u0440\u0430\u0442\u0443\u0440\u0430<br \/>\n<\/strong>\u041e\u0442 -40\u00b0C \u0434\u043e +100\u00b0C<br \/>\n\u041a\u0440\u0430\u0442\u043a\u043e\u0432\u0440\u0435\u043c\u0435\u043d\u043d\u0430\u044f \u0434\u043e +125\u00b0C<\/p>\n<p><strong>\u0421\u0422\u0420\u041e\u0418\u0422\u0415\u041b\u042c\u0421\u0422\u0412\u041e<br \/>\n<\/strong>\u0421\u043e\u043e\u0442\u0432\u0435\u0442\u0441\u0442\u0432\u0443\u0435\u0442 \u0441\u0442\u0430\u043d\u0434\u0430\u0440\u0442\u0430\u043c EN 854.<\/p>\n<p><strong>\u0412\u043d\u0443\u0442\u0440\u0435\u043d\u043d\u0438\u0439 \u0441\u043b\u043e\u0439<br \/>\n<\/strong>\u0420\u0435\u0437\u0438\u043d\u0430 \u0447\u0435\u0440\u043d\u043e\u0433\u043e \u0446\u0432\u0435\u0442\u0430 \u0438\u0437 \u0441\u0438\u043d\u0442\u0435\u0442\u0438\u0447\u0435\u0441\u043a\u043e\u0433\u043e \u043a\u0430\u0443\u0447\u0443\u043a\u0430, \u0443\u0441\u0442\u043e\u0439\u0447\u0438\u0432\u043e\u0433\u043e \u043a \u0432\u043e\u0437\u0434\u0435\u0439\u0441\u0442\u0432\u0438\u044e \u043c\u0430\u0441\u043b\u0430 \u0438 \u0432\u043e\u0434\u044b.<\/p>\n<p><strong>\u0410\u0440\u043c\u0430\u0442\u0443\u0440\u0430<br \/>\n<\/strong>\u0414\u0432\u0435 \u0432\u044b\u0441\u043e\u043a\u043e\u043f\u0440\u043e\u0447\u043d\u044b\u0435 \u043e\u043f\u043b\u0451\u0442\u043a\u0438 \u0438\u0437 \u0441\u0438\u043d\u0442\u0435\u0442\u0438\u0447\u0435\u0441\u043a\u043e\u0433\u043e \u0432\u043e\u043b\u043e\u043a\u043d\u0430.<\/p>\n<p><strong>\u0412\u043d\u0435\u0448\u043d\u0438\u0439 \u0441\u043b\u043e\u0439<br \/>\n<\/strong>\u0421\u0438\u043d\u0442\u0435\u0442\u0438\u0447\u0435\u0441\u043a\u0438\u0439 \u043a\u0430\u0443\u0447\u0443\u043a \u0447\u0435\u0440\u043d\u043e\u0433\u043e \u0446\u0432\u0435\u0442\u0430 \u0443\u0441\u0442\u043e\u0439\u0447\u0438\u0432 \u043a \u0438\u0441\u0442\u0438\u0440\u0430\u043d\u0438\u044e, \u043c\u0430\u0441\u043b\u0430\u043c, \u0430\u0442\u043c\u043e\u0441\u0444\u0435\u0440\u043d\u044b\u043c \u0432\u043e\u0437\u0434\u0435\u0439\u0441\u0442\u0432\u0438\u044f\u043c \u0438 \u043e\u0437\u043e\u043d\u0443.<\/p>\n<p>\u0422\u0430\u043a\u0436\u0435 \u043f\u0440\u043e\u0432\u0435\u0440\u044c\u0442\u0435 \u0433\u0438\u0434\u0440\u0430\u0432\u043b\u0438\u0447\u0435\u0441\u043a\u0438\u0435 \u0448\u043b\u0430\u043d\u0433\u0438: <a href=\"https:\/\/sklep.stomil-bydgoszcz.pl\/kategoria-produktu\/grupy-produktow\/weze-hydrauliczne\/weze-hydrauliczne\/1sc\/\">1 SC<\/a>, <a href=\"https:\/\/sklep.stomil-bydgoszcz.pl\/produkt\/waz-hydrauliczny-2-sc-en-857\/\">2 SC<\/a>, <a href=\"https:\/\/sklep.stomil-bydgoszcz.pl\/produkt\/waz-hydrauliczny-1-sn-en-853-r1s-sae-j517\/\">1 \u0421\u041d<\/a>, <a href=\"https:\/\/sklep.stomil-bydgoszcz.pl\/produkt\/waz-hydrauliczny-2-sn-en-853-r2s-sae-j517\/\">2 \u0421\u041d<\/a>, <a href=\"https:\/\/sklep.stomil-bydgoszcz.pl\/produkt\/waz-hydrauliczny-eh-221-en-857\/\">ETH 221<\/a>, <a href=\"https:\/\/sklep.stomil-bydgoszcz.pl\/produkt\/waz-hydrauliczny-3-sp\/\">3 SP<\/a>, <a href=\"https:\/\/sklep.stomil-bydgoszcz.pl\/produkt\/waz-hydrauliczny-2-te-en-854\/\">2 TE<\/a> i <a href=\"https:\/\/sklep.stomil-bydgoszcz.pl\/kategoria-produktu\/grupy-produktow\/weze-hydrauliczne\/weze-do-myjni\/\">\u0448\u043b\u0430\u043d\u0433\u0438 \u0434\u043b\u044f \u0430\u0432\u0442\u043e\u043c\u043e\u0435\u043a<\/a>.<\/p>","protected":false},"excerpt":{"rendered":"<p><strong>\u0420\u0430\u0431\u043e\u0447\u0435\u0435 \u0434\u0430\u0432\u043b\u0435\u043d\u0438\u0435: <\/strong>\u043e\u0442 40 \u0434\u043e 80 \u0431\u0430\u0440 \u0432 \u0437\u0430\u0432\u0438\u0441\u0438\u043c\u043e\u0441\u0442\u0438 \u043e\u0442 \u0434\u0438\u0430\u043c\u0435\u0442\u0440\u0430 |&nbsp;<strong>\u0420\u0430\u0431\u043e\u0447\u0430\u044f \u0442\u0435\u043c\u043f\u0435\u0440\u0430\u0442\u0443\u0440\u0430: <\/strong>\u043e\u0442 -40\u00b0C \u0434\u043e +100\u00b0C; \u043a\u0440\u0430\u0442\u043a\u043e\u0432\u0440\u0435\u043c\u0435\u043d\u043d\u043e \u0434\u043e +125\u00b0C<\/p>","protected":false},"featured_media":7535,"comment_status":"closed","ping_status":"closed","template":"","meta":[],"product_brand":[],"product_cat":[244,88,155,77,91],"product_tag":[],"class_list":{"0":"post-7537","1":"product","2":"type-product","3":"status-publish","4":"has-post-thumbnail","6":"product_cat-2te","7":"product_cat-branze","8":"product_cat-budowa-maszyn-i-urzadzen","9":"product_cat-grupy-produktow","10":"product_cat-weze-hydrauliczne","12":"first","13":"instock","14":"taxable","15":"shipping-taxable","16":"purchasable","17":"product-type-variable"},"stomil_properties":[{"variation_id":7539,"sku":"","variation_title":"W\u0105\u017c hydrauliczny 2TE EN 854 DN05 (3\/16\") 80 bar","properties":[{"property":"\u015arednica nominalna wewn\u0119trzna","unit":"mm","value":"5"},{"property":"\u015arednica nominalna wewn\u0119trzna","unit":"cal","value":"3\/16"},{"property":"\u015arednica wewn\u0119trzna [mm]","unit":"min.","value":"4,9"},{"property":"\u015arednica wewn\u0119trzna [mm]","unit":"max.","value":"5,2"},{"property":"\u015arednica zewn\u0119trzna [mm]","unit":"max.","value":"12,6"},{"property":"Maksymalne ci\u015bnienie robocze","unit":"bar","value":"80"},{"property":"Maksymalne ci\u015bnienie robocze","unit":"psi","value":"1160"},{"property":"Ci\u015bnienie rozrywaj\u0105ce","unit":"bar","value":"320"},{"property":"Wsp\u00f3\u0142czynnik bezpiecze\u0144stwa","unit":"-","value":"4,0"},{"property":"Najmniejszy promie\u0144 zgi\u0119cia","unit":"mm","value":"25"},{"property":"Waga jednostkowa","unit":"kg\/m","value":"0,13"}]},{"variation_id":7541,"sku":"","variation_title":"W\u0105\u017c hydrauliczny 2TE EN 854 DN06 (1\/4\") 75 bar","properties":[{"property":"\u015arednica nominalna wewn\u0119trzna","unit":"mm","value":"6"},{"property":"\u015arednica nominalna wewn\u0119trzna","unit":"cal","value":"1\/4"},{"property":"\u015arednica wewn\u0119trzna [mm]","unit":"min.","value":"6,4"},{"property":"\u015arednica wewn\u0119trzna [mm]","unit":"max.","value":"6,9"},{"property":"\u015arednica zewn\u0119trzna [mm]","unit":"max.","value":"14,2"},{"property":"Maksymalne ci\u015bnienie robocze","unit":"bar","value":"75"},{"property":"Maksymalne ci\u015bnienie robocze","unit":"psi","value":"1088"},{"property":"Ci\u015bnienie rozrywaj\u0105ce","unit":"bar","value":"300"},{"property":"Wsp\u00f3\u0142czynnik bezpiecze\u0144stwa","unit":"-","value":"4,0"},{"property":"Najmniejszy promie\u0144 zgi\u0119cia","unit":"mm","value":"40"},{"property":"Waga jednostkowa","unit":"kg\/m","value":"0,22"}]},{"variation_id":7543,"sku":"WH2TEZW08S0F022","variation_title":"W\u0105\u017c hydrauliczny 2TE EN 854 DN08 (5\/16\") 68 bar","properties":[{"property":"\u015arednica nominalna wewn\u0119trzna","unit":"mm","value":"8"},{"property":"\u015arednica nominalna wewn\u0119trzna","unit":"cal","value":"5\/16"},{"property":"\u015arednica wewn\u0119trzna [mm]","unit":"min.","value":"7,9"},{"property":"\u015arednica wewn\u0119trzna [mm]","unit":"max.","value":"8,4"},{"property":"\u015arednica zewn\u0119trzna [mm]","unit":"max.","value":"15,7"},{"property":"Maksymalne ci\u015bnienie robocze","unit":"bar","value":"68"},{"property":"Maksymalne ci\u015bnienie robocze","unit":"psi","value":"986"},{"property":"Ci\u015bnienie rozrywaj\u0105ce","unit":"bar","value":"272"},{"property":"Wsp\u00f3\u0142czynnik bezpiecze\u0144stwa","unit":"-","value":"4,0"},{"property":"Najmniejszy promie\u0144 zgi\u0119cia","unit":"mm","value":"50"},{"property":"Waga jednostkowa","unit":"kg\/m","value":"0,22"}]},{"variation_id":7545,"sku":"WH2TEZW10S0F022","variation_title":"W\u0105\u017c hydrauliczny 2TE EN 854 DN10 (3\/8\") 63 bar","properties":[{"property":"\u015arednica nominalna wewn\u0119trzna","unit":"mm","value":"10"},{"property":"\u015arednica nominalna wewn\u0119trzna","unit":"cal","value":"3\/8"},{"property":"\u015arednica wewn\u0119trzna [mm]","unit":"min.","value":"9,5"},{"property":"\u015arednica wewn\u0119trzna [mm]","unit":"max.","value":"10,0"},{"property":"\u015arednica zewn\u0119trzna [mm]","unit":"max.","value":"17,3"},{"property":"Maksymalne ci\u015bnienie robocze","unit":"bar","value":"63"},{"property":"Maksymalne ci\u015bnienie robocze","unit":"psi","value":"914"},{"property":"Ci\u015bnienie rozrywaj\u0105ce","unit":"bar","value":"252"},{"property":"Wsp\u00f3\u0142czynnik bezpiecze\u0144stwa","unit":"-","value":"4,0"},{"property":"Najmniejszy promie\u0144 zgi\u0119cia","unit":"mm","value":"60"},{"property":"Waga jednostkowa","unit":"kg\/m","value":"0,24"}]},{"variation_id":7547,"sku":"WH2TEZW12S0F022","variation_title":"W\u0105\u017c hydrauliczny 2TE EN 854 DN12 (1\/2\") 58 bar","properties":[{"property":"\u015arednica nominalna wewn\u0119trzna","unit":"mm","value":"12"},{"property":"\u015arednica nominalna wewn\u0119trzna","unit":"cal","value":"1\/2"},{"property":"\u015arednica wewn\u0119trzna [mm]","unit":"min.","value":"12,7"},{"property":"\u015arednica wewn\u0119trzna [mm]","unit":"max.","value":"13,3"},{"property":"\u015arednica zewn\u0119trzna [mm]","unit":"max.","value":"20,7"},{"property":"Maksymalne ci\u015bnienie robocze","unit":"bar","value":"58"},{"property":"Maksymalne ci\u015bnienie robocze","unit":"psi","value":"841"},{"property":"Ci\u015bnienie rozrywaj\u0105ce","unit":"bar","value":"232"},{"property":"Wsp\u00f3\u0142czynnik bezpiecze\u0144stwa","unit":"-","value":"4,0"},{"property":"Najmniejszy promie\u0144 zgi\u0119cia","unit":"mm","value":"70"},{"property":"Waga jednostkowa","unit":"kg\/m","value":"0,26"}]},{"variation_id":7549,"sku":"WH2TEZW16S0F022","variation_title":"W\u0105\u017c hydrauliczny 2TE EN 854 DN16 (5\/8\") 50 bar","properties":[{"property":"\u015arednica nominalna wewn\u0119trzna","unit":"mm","value":"16"},{"property":"\u015arednica nominalna wewn\u0119trzna","unit":"cal","value":"5\/8"},{"property":"\u015arednica wewn\u0119trzna [mm]","unit":"min.","value":"15,8"},{"property":"\u015arednica wewn\u0119trzna [mm]","unit":"max.","value":"16,5"},{"property":"\u015arednica zewn\u0119trzna [mm]","unit":"max.","value":"24,9"},{"property":"Maksymalne ci\u015bnienie robocze","unit":"bar","value":"50"},{"property":"Maksymalne ci\u015bnienie robocze","unit":"psi","value":"725"},{"property":"Ci\u015bnienie rozrywaj\u0105ce","unit":"bar","value":"200"},{"property":"Wsp\u00f3\u0142czynnik bezpiecze\u0144stwa","unit":"-","value":"4,0"},{"property":"Najmniejszy promie\u0144 zgi\u0119cia","unit":"mm","value":"90"},{"property":"Waga jednostkowa","unit":"kg\/m","value":"0,35"}]},{"variation_id":7551,"sku":"WH2TEZW19S0F022","variation_title":"W\u0105\u017c hydrauliczny 2TE EN 854 DN19 (3\/4\") 45 bar","properties":[{"property":"\u015arednica nominalna wewn\u0119trzna","unit":"mm","value":"19"},{"property":"\u015arednica nominalna wewn\u0119trzna","unit":"cal","value":"3\/4"},{"property":"\u015arednica wewn\u0119trzna [mm]","unit":"min.","value":"18,8"},{"property":"\u015arednica wewn\u0119trzna [mm]","unit":"max.","value":"19,8"},{"property":"\u015arednica zewn\u0119trzna [mm]","unit":"max.","value":"28,0"},{"property":"Maksymalne ci\u015bnienie robocze","unit":"bar","value":"45"},{"property":"Maksymalne ci\u015bnienie robocze","unit":"psi","value":"653"},{"property":"Ci\u015bnienie rozrywaj\u0105ce","unit":"bar","value":"180"},{"property":"Wsp\u00f3\u0142czynnik bezpiecze\u0144stwa","unit":"-","value":"4,0"},{"property":"Najmniejszy promie\u0144 zgi\u0119cia","unit":"mm","value":"110"},{"property":"Waga jednostkowa","unit":"kg\/m","value":"0,46"}]},{"variation_id":7553,"sku":"WH2TEZW25S0F022","variation_title":"W\u0105\u017c hydrauliczny 2TE EN 854 DN25 (1\") 40 bar","properties":[{"property":"\u015arednica nominalna wewn\u0119trzna","unit":"mm","value":"25"},{"property":"\u015arednica nominalna wewn\u0119trzna","unit":"cal","value":"1"},{"property":"\u015arednica wewn\u0119trzna [mm]","unit":"min.","value":"25,4"},{"property":"\u015arednica wewn\u0119trzna [mm]","unit":"max.","value":"26,2"},{"property":"\u015arednica zewn\u0119trzna [mm]","unit":"max.","value":"35,9"},{"property":"Maksymalne ci\u015bnienie robocze","unit":"bar","value":"40"},{"property":"Maksymalne ci\u015bnienie robocze","unit":"psi","value":"580"},{"property":"Ci\u015bnienie rozrywaj\u0105ce","unit":"bar","value":"160"},{"property":"Wsp\u00f3\u0142czynnik bezpiecze\u0144stwa","unit":"-","value":"4,0"},{"property":"Najmniejszy promie\u0144 zgi\u0119cia","unit":"mm","value":"150"},{"property":"Waga jednostkowa","unit":"kg\/m","value":"0,7"}]}],"_links":{"self":[{"href":"https:\/\/new.stomil-bydgoszcz.pl\/ru\/wp-json\/wp\/v2\/product\/7537","targetHints":{"allow":["GET"]}}],"collection":[{"href":"https:\/\/new.stomil-bydgoszcz.pl\/ru\/wp-json\/wp\/v2\/product"}],"about":[{"href":"https:\/\/new.stomil-bydgoszcz.pl\/ru\/wp-json\/wp\/v2\/types\/product"}],"replies":[{"embeddable":true,"href":"https:\/\/new.stomil-bydgoszcz.pl\/ru\/wp-json\/wp\/v2\/comments?post=7537"}],"wp:featuredmedia":[{"embeddable":true,"href":"https:\/\/new.stomil-bydgoszcz.pl\/ru\/wp-json\/wp\/v2\/media\/7535"}],"wp:attachment":[{"href":"https:\/\/new.stomil-bydgoszcz.pl\/ru\/wp-json\/wp\/v2\/media?parent=7537"}],"wp:term":[{"taxonomy":"product_brand","embeddable":true,"href":"https:\/\/new.stomil-bydgoszcz.pl\/ru\/wp-json\/wp\/v2\/product_brand?post=7537"},{"taxonomy":"product_cat","embeddable":true,"href":"https:\/\/new.stomil-bydgoszcz.pl\/ru\/wp-json\/wp\/v2\/product_cat?post=7537"},{"taxonomy":"product_tag","embeddable":true,"href":"https:\/\/new.stomil-bydgoszcz.pl\/ru\/wp-json\/wp\/v2\/product_tag?post=7537"}],"curies":[{"name":"wp","href":"https:\/\/api.w.org\/{rel}","templated":true}]}}